{"id":8683,"date":"2025-01-28T11:20:18","date_gmt":"2025-01-28T11:20:18","guid":{"rendered":"https:\/\/magazzinimanzanesi.it\/catalogo\/uncategorized\/aluminium-verteiler\/"},"modified":"2025-01-28T11:20:18","modified_gmt":"2025-01-28T11:20:18","slug":"aluminium-verteiler","status":"publish","type":"product","link":"https:\/\/magazzinimanzanesi.it\/de\/katalog\/pneumatik\/aluminium-verteiler\/","title":{"rendered":"Aluminium-Verteiler"},"content":{"rendered":"<h1><strong>Verteiler aus Aluminium f\u00fcr Druckluft<\/strong><\/h1>\n<h2><strong>Aluminium-Verteiler: F\u00fcr die Verteilung von Druckluft<\/strong><\/h2>\n<p>Aluminium-Verteiler f\u00fcr die Verteilung von Druckluft in pneumatischen Kreisl\u00e4ufen.<\/p>\n<p>&nbsp;<\/p>\n<h3><strong>Aluminium-Verteiler \u2013 Ma\u00dfe:<\/strong><\/h3>\n<ul>\n<li>\u00d8 1\/8\u201d 4 Wege<\/li>\n<li>\u00d8 1\/8&#8243; 10 Wege<\/li>\n<li>\u00d8 1\/4&#8243; 4 Wege<\/li>\n<li>\u00d8 1\/4\u201d 10 Wege<\/li>\n<li>\u00d8 3\/8&#8243; 4 Wege<\/li>\n<li>\u00d8 1\/2&#8243; 4 Wege<\/li>\n<\/ul>\n","protected":false},"excerpt":{"rendered":"<p>Verteiler aus Aluminium f\u00fcr Druckluft Aluminium-Verteiler: F\u00fcr die Verteilung von Druckluft Aluminium-Verteiler f\u00fcr die Verteilung von Druckluft in pneumatischen Kreisl\u00e4ufen. &nbsp; Aluminium-Verteiler \u2013 Ma\u00dfe: \u00d8 1\/8\u201d 4 Wege \u00d8 1\/8&#8243; 10 Wege \u00d8 1\/4&#8243; 4 Wege \u00d8 1\/4\u201d 10 Wege \u00d8 3\/8&#8243; 4 Wege \u00d8 1\/2&#8243; 4 Wege<\/p>\n","protected":false},"featured_media":7498,"comment_status":"closed","ping_status":"closed","template":"","meta":{"_acf_changed":false},"product_brand":[],"product_cat":[872],"product_tag":[],"class_list":{"0":"post-8683","1":"product","2":"type-product","3":"status-publish","4":"has-post-thumbnail","6":"product_cat-pneumatik","8":"first","9":"instock","10":"shipping-taxable","11":"product-type-simple"},"acf":[],"_links":{"self":[{"href":"https:\/\/magazzinimanzanesi.it\/de\/wp-json\/wp\/v2\/product\/8683","targetHints":{"allow":["GET"]}}],"collection":[{"href":"https:\/\/magazzinimanzanesi.it\/de\/wp-json\/wp\/v2\/product"}],"about":[{"href":"https:\/\/magazzinimanzanesi.it\/de\/wp-json\/wp\/v2\/types\/product"}],"replies":[{"embeddable":true,"href":"https:\/\/magazzinimanzanesi.it\/de\/wp-json\/wp\/v2\/comments?post=8683"}],"wp:featuredmedia":[{"embeddable":true,"href":"https:\/\/magazzinimanzanesi.it\/de\/wp-json\/wp\/v2\/media\/7498"}],"wp:attachment":[{"href":"https:\/\/magazzinimanzanesi.it\/de\/wp-json\/wp\/v2\/media?parent=8683"}],"wp:term":[{"taxonomy":"product_brand","embeddable":true,"href":"https:\/\/magazzinimanzanesi.it\/de\/wp-json\/wp\/v2\/product_brand?post=8683"},{"taxonomy":"product_cat","embeddable":true,"href":"https:\/\/magazzinimanzanesi.it\/de\/wp-json\/wp\/v2\/product_cat?post=8683"},{"taxonomy":"product_tag","embeddable":true,"href":"https:\/\/magazzinimanzanesi.it\/de\/wp-json\/wp\/v2\/product_tag?post=8683"}],"curies":[{"name":"wp","href":"https:\/\/api.w.org\/{rel}","templated":true}]}}