{"id":8685,"date":"2025-01-28T10:45:06","date_gmt":"2025-01-28T10:45:06","guid":{"rendered":"https:\/\/magazzinimanzanesi.it\/catalogo\/uncategorized\/pneumatisch-betaetigtes-fusspedal\/"},"modified":"2025-01-28T10:45:06","modified_gmt":"2025-01-28T10:45:06","slug":"pneumatisch-betaetigtes-fusspedal","status":"publish","type":"product","link":"https:\/\/magazzinimanzanesi.it\/de\/katalog\/pneumatik\/pneumatisch-betaetigtes-fusspedal\/","title":{"rendered":"Pneumatisch bet\u00e4tigtes Fu\u00dfpedal"},"content":{"rendered":"<h1><strong>Fu\u00dfpedal f\u00fcr pneumatische Bet\u00e4tigung<\/strong><\/h1>\n<h2><strong>Pneumatisch bet\u00e4tigtes Fu\u00dfpedal: F\u00fcr pneumatische Kreise<\/strong><\/h2>\n<p>Pneumatisch bet\u00e4tigtes Fu\u00dfpedal f\u00fcr Anwendungen in pneumatischen Kreisl\u00e4ufen.<\/p>\n<p>&nbsp;<\/p>\n<h3><strong>Pneumatisch bet\u00e4tigtes Fu\u00dfpedal \u2013 Ma\u00dfe:<\/strong><\/h3>\n<ul>\n<li>\u00d8 1\/4\u201d 3 Wege mit Rastung<\/li>\n<li>\u00d8 1\/4&#8243; 5 Wege mit Rastung<\/li>\n<li>\u00d8 1\/4&#8243; 5 Wege mit gesch\u00fctzter Rastung<\/li>\n<\/ul>\n","protected":false},"excerpt":{"rendered":"<p>Fu\u00dfpedal f\u00fcr pneumatische Bet\u00e4tigung Pneumatisch bet\u00e4tigtes Fu\u00dfpedal: F\u00fcr pneumatische Kreise Pneumatisch bet\u00e4tigtes Fu\u00dfpedal f\u00fcr Anwendungen in pneumatischen Kreisl\u00e4ufen. &nbsp; Pneumatisch bet\u00e4tigtes Fu\u00dfpedal \u2013 Ma\u00dfe: \u00d8 1\/4\u201d 3 Wege mit Rastung \u00d8 1\/4&#8243; 5 Wege mit Rastung \u00d8 1\/4&#8243; 5 Wege mit gesch\u00fctzter Rastung<\/p>\n","protected":false},"featured_media":7449,"comment_status":"closed","ping_status":"closed","template":"","meta":{"_acf_changed":false},"product_brand":[],"product_cat":[872],"product_tag":[],"class_list":{"0":"post-8685","1":"product","2":"type-product","3":"status-publish","4":"has-post-thumbnail","6":"product_cat-pneumatik","8":"first","9":"instock","10":"shipping-taxable","11":"product-type-simple"},"acf":[],"_links":{"self":[{"href":"https:\/\/magazzinimanzanesi.it\/de\/wp-json\/wp\/v2\/product\/8685","targetHints":{"allow":["GET"]}}],"collection":[{"href":"https:\/\/magazzinimanzanesi.it\/de\/wp-json\/wp\/v2\/product"}],"about":[{"href":"https:\/\/magazzinimanzanesi.it\/de\/wp-json\/wp\/v2\/types\/product"}],"replies":[{"embeddable":true,"href":"https:\/\/magazzinimanzanesi.it\/de\/wp-json\/wp\/v2\/comments?post=8685"}],"wp:featuredmedia":[{"embeddable":true,"href":"https:\/\/magazzinimanzanesi.it\/de\/wp-json\/wp\/v2\/media\/7449"}],"wp:attachment":[{"href":"https:\/\/magazzinimanzanesi.it\/de\/wp-json\/wp\/v2\/media?parent=8685"}],"wp:term":[{"taxonomy":"product_brand","embeddable":true,"href":"https:\/\/magazzinimanzanesi.it\/de\/wp-json\/wp\/v2\/product_brand?post=8685"},{"taxonomy":"product_cat","embeddable":true,"href":"https:\/\/magazzinimanzanesi.it\/de\/wp-json\/wp\/v2\/product_cat?post=8685"},{"taxonomy":"product_tag","embeddable":true,"href":"https:\/\/magazzinimanzanesi.it\/de\/wp-json\/wp\/v2\/product_tag?post=8685"}],"curies":[{"name":"wp","href":"https:\/\/api.w.org\/{rel}","templated":true}]}}