{"id":8690,"date":"2025-01-28T11:20:48","date_gmt":"2025-01-28T11:20:48","guid":{"rendered":"https:\/\/magazzinimanzanesi.it\/catalogo\/uncategorized\/gewindeter-hebelhahn\/"},"modified":"2025-01-28T11:20:48","modified_gmt":"2025-01-28T11:20:48","slug":"gewindeter-hebelhahn","status":"publish","type":"product","link":"https:\/\/magazzinimanzanesi.it\/de\/katalog\/pneumatik\/gewindeter-hebelhahn\/","title":{"rendered":"Gewindeter Hebelhahn"},"content":{"rendered":"<h1><strong>Hebel-Absperrhahn mit Gewinde<\/strong><\/h1>\n<p>&nbsp;<\/p>\n<h2><strong>Gewindeter Hebelhahn: Schnelle manuelle Absperrung<\/strong><\/h2>\n<p>Gewindeter Hebelhahn f\u00fcr Anwendungen in hydraulischen, pneumatischen und \u00f6lhydraulischen Kreisl\u00e4ufen.<\/p>\n<p>&nbsp;<\/p>\n<h3><strong>Gewindeter Hebelhahn \u2013 Ma\u00dfe:<\/strong><\/h3>\n<ul>\n<li>1\/4\u201d Innengewinde<\/li>\n<li>3\/8&#8243; Innengewinde<\/li>\n<li>1\/4&#8243; Au\u00dfengewinde<\/li>\n<li>3\/8&#8243; Au\u00dfengewinde<\/li>\n<\/ul>\n","protected":false},"excerpt":{"rendered":"<p>Hebel-Absperrhahn mit Gewinde &nbsp; Gewindeter Hebelhahn: Schnelle manuelle Absperrung Gewindeter Hebelhahn f\u00fcr Anwendungen in hydraulischen, pneumatischen und \u00f6lhydraulischen Kreisl\u00e4ufen. &nbsp; Gewindeter Hebelhahn \u2013 Ma\u00dfe: 1\/4\u201d Innengewinde 3\/8&#8243; Innengewinde 1\/4&#8243; Au\u00dfengewinde 3\/8&#8243; Au\u00dfengewinde<\/p>\n","protected":false},"featured_media":6821,"comment_status":"closed","ping_status":"closed","template":"","meta":{"_acf_changed":false},"product_brand":[],"product_cat":[872],"product_tag":[],"class_list":{"0":"post-8690","1":"product","2":"type-product","3":"status-publish","4":"has-post-thumbnail","6":"product_cat-pneumatik","8":"first","9":"instock","10":"shipping-taxable","11":"product-type-simple"},"acf":[],"_links":{"self":[{"href":"https:\/\/magazzinimanzanesi.it\/de\/wp-json\/wp\/v2\/product\/8690","targetHints":{"allow":["GET"]}}],"collection":[{"href":"https:\/\/magazzinimanzanesi.it\/de\/wp-json\/wp\/v2\/product"}],"about":[{"href":"https:\/\/magazzinimanzanesi.it\/de\/wp-json\/wp\/v2\/types\/product"}],"replies":[{"embeddable":true,"href":"https:\/\/magazzinimanzanesi.it\/de\/wp-json\/wp\/v2\/comments?post=8690"}],"wp:featuredmedia":[{"embeddable":true,"href":"https:\/\/magazzinimanzanesi.it\/de\/wp-json\/wp\/v2\/media\/6821"}],"wp:attachment":[{"href":"https:\/\/magazzinimanzanesi.it\/de\/wp-json\/wp\/v2\/media?parent=8690"}],"wp:term":[{"taxonomy":"product_brand","embeddable":true,"href":"https:\/\/magazzinimanzanesi.it\/de\/wp-json\/wp\/v2\/product_brand?post=8690"},{"taxonomy":"product_cat","embeddable":true,"href":"https:\/\/magazzinimanzanesi.it\/de\/wp-json\/wp\/v2\/product_cat?post=8690"},{"taxonomy":"product_tag","embeddable":true,"href":"https:\/\/magazzinimanzanesi.it\/de\/wp-json\/wp\/v2\/product_tag?post=8690"}],"curies":[{"name":"wp","href":"https:\/\/api.w.org\/{rel}","templated":true}]}}