{"id":1843,"date":"2022-03-01T14:22:45","date_gmt":"2022-03-01T14:22:45","guid":{"rendered":"https:\/\/magazzinimanzanesi.overpx.com\/catalogo\/uncategorized\/dowel-drill-with-countersunk-in-hss-steel-2\/"},"modified":"2025-04-18T14:45:47","modified_gmt":"2025-04-18T14:45:47","slug":"dowel-drill-with-countersunk-in-hss-steel-2","status":"publish","type":"product","link":"https:\/\/magazzinimanzanesi.it\/en\/catalog\/equipment\/drilling\/dowel-drill-with-countersunk-in-hss-steel-2\/","title":{"rendered":"HSS multiple drill bit Ompec connection"},"content":{"rendered":"<h1>Drill bit for multiple drilling machines with conical shank<\/h1>\n<p>&nbsp;<\/p>\n<h2>HSS multiple drill bit Ompec shank: For machining in series<\/h2>\n<p>HSS multiboring drill bits 10MA right and left-hand twist Ompec shank<\/p>\n<p>&nbsp;<\/p>\n<h2>HSS multiboring drill bit Ompec shank &#8211; Sizes:<\/h2>\n<p>From \u00d86x30mm to \u00d86x60mm<\/p>\n<p>From \u00d88x30mm to \u00d88x60mm<\/p>\n<p>From \u00d810x30mm to \u00d810x60mm<\/p>\n<p>From \u00d812x30mm to \u00d812x60mm<\/p>\n<p>From \u00d814x30mm to \u00d814x60mm<\/p>\n<p>From \u00d816x30mm to \u00d816x60mm<\/p>\n<p>From \u00d818x30mm to \u00d818x60mm<\/p>\n<p>From \u00d820x30mm to \u00d820x60mm<\/p>\n<p>&nbsp;<\/p>\n","protected":false},"excerpt":{"rendered":"<p>Drill bit for multiple drilling machines with conical shank &nbsp; HSS multiple drill bit Ompec shank: For machining in series HSS multiboring drill bits 10MA right and left-hand twist Ompec shank &nbsp; HSS multiboring drill bit Ompec shank &#8211; Sizes: From \u00d86x30mm to \u00d86x60mm From \u00d88x30mm to \u00d88x60mm From \u00d810x30mm to \u00d810x60mm From \u00d812x30mm to [&hellip;]<\/p>\n","protected":false},"featured_media":5028,"comment_status":"open","ping_status":"closed","template":"","meta":{"_acf_changed":false},"product_brand":[],"product_cat":[95,91],"product_tag":[823],"class_list":{"0":"post-1843","1":"product","2":"type-product","3":"status-publish","4":"has-post-thumbnail","6":"product_cat-drilling","7":"product_cat-equipment","8":"product_tag-hss-multiple-drill-bit-ompec-connection","10":"first","11":"instock","12":"product-type-simple"},"acf":[],"_links":{"self":[{"href":"https:\/\/magazzinimanzanesi.it\/en\/wp-json\/wp\/v2\/product\/1843","targetHints":{"allow":["GET"]}}],"collection":[{"href":"https:\/\/magazzinimanzanesi.it\/en\/wp-json\/wp\/v2\/product"}],"about":[{"href":"https:\/\/magazzinimanzanesi.it\/en\/wp-json\/wp\/v2\/types\/product"}],"replies":[{"embeddable":true,"href":"https:\/\/magazzinimanzanesi.it\/en\/wp-json\/wp\/v2\/comments?post=1843"}],"wp:featuredmedia":[{"embeddable":true,"href":"https:\/\/magazzinimanzanesi.it\/en\/wp-json\/wp\/v2\/media\/5028"}],"wp:attachment":[{"href":"https:\/\/magazzinimanzanesi.it\/en\/wp-json\/wp\/v2\/media?parent=1843"}],"wp:term":[{"taxonomy":"product_brand","embeddable":true,"href":"https:\/\/magazzinimanzanesi.it\/en\/wp-json\/wp\/v2\/product_brand?post=1843"},{"taxonomy":"product_cat","embeddable":true,"href":"https:\/\/magazzinimanzanesi.it\/en\/wp-json\/wp\/v2\/product_cat?post=1843"},{"taxonomy":"product_tag","embeddable":true,"href":"https:\/\/magazzinimanzanesi.it\/en\/wp-json\/wp\/v2\/product_tag?post=1843"}],"curies":[{"name":"wp","href":"https:\/\/api.w.org\/{rel}","templated":true}]}}