{"id":2033,"date":"2022-03-01T14:22:55","date_gmt":"2022-03-01T14:22:55","guid":{"rendered":"https:\/\/magazzinimanzanesi.overpx.com\/catalogo\/sin%20categor\u00eda\/cabeza-de-hierro-tpei\/"},"modified":"2025-03-21T15:50:02","modified_gmt":"2025-03-21T15:50:02","slug":"cabeza-de-hierro-tpei","status":"publish","type":"product","link":"https:\/\/magazzinimanzanesi.it\/es\/catalogar\/para-muebles\/cabezales\/cabeza-de-hierro-tpei\/","title":{"rendered":"Cabeza de hierro TPEI"},"content":{"rendered":"<h1>Toma ciega cabeza plana impresi\u00f3n hexagonal<\/h1>\n<p>&nbsp;<\/p>\n<h2>Cabeza de hierro TPEI: Cabeza plana<\/h2>\n<p>Cabeza de hierro galvanizado con cabeza plana e impresi\u00f3n hexagonal hueca.<\/p>\n<p>Gracias al v\u00e1stago roscado interiormente, conforme a la m\u00e9trica ISO, y a la superficie exterior lisa, este elemento de fijaci\u00f3n es especialmente adecuado en contextos en los que priman la estanqueidad y la est\u00e9tica. La cabeza, que a menudo se prefiere a la tuerca, ofrece una sujeci\u00f3n segura para tornillos, pernos y otros elementos roscados.<\/p>\n<h3>Cabeza de hierro TPEI &#8211; Tama\u00f1os:<\/h3>\n<p>\u2022 \u00d8 cabeza: 15mm<br \/>\n\u2022 \u00d8 del v\u00e1stago: 9mm<br \/>\n\u2022 Longitud del v\u00e1stago: 12mm \/ 15mm<br \/>\n\u2022 Roscado: M6<br \/>\n\u2022 Llave allen: 5mm<\/p>\n<p>&nbsp;<\/p>\n","protected":false},"excerpt":{"rendered":"<p>Toma ciega cabeza plana impresi\u00f3n hexagonal &nbsp; Cabeza de hierro TPEI: Cabeza plana Cabeza de hierro galvanizado con cabeza plana e impresi\u00f3n hexagonal hueca. Gracias al v\u00e1stago roscado interiormente, conforme a la m\u00e9trica ISO, y a la superficie exterior lisa, este elemento de fijaci\u00f3n es especialmente adecuado en contextos en los que priman la estanqueidad [&hellip;]<\/p>\n","protected":false},"featured_media":5750,"comment_status":"open","ping_status":"closed","template":"","meta":{"_acf_changed":false},"product_brand":[],"product_cat":[215,201],"product_tag":[733],"class_list":{"0":"post-2033","1":"product","2":"type-product","3":"status-publish","4":"has-post-thumbnail","6":"product_cat-cabezales","7":"product_cat-para-muebles","8":"product_tag-cabeza-de-hierro-tpei","10":"first","11":"instock","12":"product-type-simple"},"acf":[],"_links":{"self":[{"href":"https:\/\/magazzinimanzanesi.it\/es\/wp-json\/wp\/v2\/product\/2033","targetHints":{"allow":["GET"]}}],"collection":[{"href":"https:\/\/magazzinimanzanesi.it\/es\/wp-json\/wp\/v2\/product"}],"about":[{"href":"https:\/\/magazzinimanzanesi.it\/es\/wp-json\/wp\/v2\/types\/product"}],"replies":[{"embeddable":true,"href":"https:\/\/magazzinimanzanesi.it\/es\/wp-json\/wp\/v2\/comments?post=2033"}],"wp:featuredmedia":[{"embeddable":true,"href":"https:\/\/magazzinimanzanesi.it\/es\/wp-json\/wp\/v2\/media\/5750"}],"wp:attachment":[{"href":"https:\/\/magazzinimanzanesi.it\/es\/wp-json\/wp\/v2\/media?parent=2033"}],"wp:term":[{"taxonomy":"product_brand","embeddable":true,"href":"https:\/\/magazzinimanzanesi.it\/es\/wp-json\/wp\/v2\/product_brand?post=2033"},{"taxonomy":"product_cat","embeddable":true,"href":"https:\/\/magazzinimanzanesi.it\/es\/wp-json\/wp\/v2\/product_cat?post=2033"},{"taxonomy":"product_tag","embeddable":true,"href":"https:\/\/magazzinimanzanesi.it\/es\/wp-json\/wp\/v2\/product_tag?post=2033"}],"curies":[{"name":"wp","href":"https:\/\/api.w.org\/{rel}","templated":true}]}}