{"id":2234,"date":"2022-03-01T14:22:45","date_gmt":"2022-03-01T14:22:45","guid":{"rendered":"https:\/\/magazzinimanzanesi.overpx.com\/catalogo\/sin categor\u00eda\/rac-83ax-neumatica-para-remaches-o-24-%c3%b7-48\/"},"modified":"2022-03-01T14:22:45","modified_gmt":"2022-03-01T14:22:45","slug":"rac-83ax-neumatica-para-remaches-o-24-%c3%b7-48","status":"publish","type":"product","link":"https:\/\/magazzinimanzanesi.it\/es\/catalogar\/herramientas\/herramientas-neumaticas\/rac-83ax-neumatica-para-remaches-o-24-%c3%b7-48\/","title":{"rendered":"Rac 83AX neum\u00e1tica para remaches \u00f8 2,4 \u00f7 4,8"},"content":{"rendered":"<p>Rac 83AX neum\u00e1tica para remaches \u00f8 2,4 \u00f7 4,8<br \/>\n<strong>\u00f8\u00a0 4,8\u00a0 solo de aluminio<\/strong><\/p>\n","protected":false},"excerpt":{"rendered":"<p>Rac 83AX neum\u00e1tica para remaches \u00f8 2,4 \u00f7 4,8 \u00f8\u00a0 4,8\u00a0 solo de aluminio<\/p>\n","protected":false},"featured_media":5056,"comment_status":"open","ping_status":"closed","template":"","meta":{"_acf_changed":false},"product_brand":[],"product_cat":[187,189],"product_tag":[],"class_list":{"0":"post-2234","1":"product","2":"type-product","3":"status-publish","4":"has-post-thumbnail","6":"product_cat-herramientas","7":"product_cat-herramientas-neumaticas","9":"first","10":"instock","11":"product-type-simple"},"acf":[],"_links":{"self":[{"href":"https:\/\/magazzinimanzanesi.it\/es\/wp-json\/wp\/v2\/product\/2234","targetHints":{"allow":["GET"]}}],"collection":[{"href":"https:\/\/magazzinimanzanesi.it\/es\/wp-json\/wp\/v2\/product"}],"about":[{"href":"https:\/\/magazzinimanzanesi.it\/es\/wp-json\/wp\/v2\/types\/product"}],"replies":[{"embeddable":true,"href":"https:\/\/magazzinimanzanesi.it\/es\/wp-json\/wp\/v2\/comments?post=2234"}],"wp:featuredmedia":[{"embeddable":true,"href":"https:\/\/magazzinimanzanesi.it\/es\/wp-json\/wp\/v2\/media\/5056"}],"wp:attachment":[{"href":"https:\/\/magazzinimanzanesi.it\/es\/wp-json\/wp\/v2\/media?parent=2234"}],"wp:term":[{"taxonomy":"product_brand","embeddable":true,"href":"https:\/\/magazzinimanzanesi.it\/es\/wp-json\/wp\/v2\/product_brand?post=2234"},{"taxonomy":"product_cat","embeddable":true,"href":"https:\/\/magazzinimanzanesi.it\/es\/wp-json\/wp\/v2\/product_cat?post=2234"},{"taxonomy":"product_tag","embeddable":true,"href":"https:\/\/magazzinimanzanesi.it\/es\/wp-json\/wp\/v2\/product_tag?post=2234"}],"curies":[{"name":"wp","href":"https:\/\/api.w.org\/{rel}","templated":true}]}}