{"id":2247,"date":"2022-03-01T14:22:44","date_gmt":"2022-03-01T14:22:44","guid":{"rendered":"https:\/\/magazzinimanzanesi.overpx.com\/catalogo\/sin%20categor\u00eda\/dosificador-para-cola-de-20-l-de-acero-inoxidable\/"},"modified":"2022-08-10T13:25:22","modified_gmt":"2022-08-10T13:25:22","slug":"dosificador-para-cola-de-20-l-de-acero-inoxidable","status":"publish","type":"product","link":"https:\/\/magazzinimanzanesi.it\/es\/catalogar\/herramientas\/dosificadores-de-pegamento\/dosificador-para-cola-de-20-l-de-acero-inoxidable\/","title":{"rendered":"Dosificador para cola de 10 o 20 l de acero inoxidable"},"content":{"rendered":"<p>Art\u00edculo completo con regulador de presi\u00f3n, tubo y pistola con v\u00e1lvula de seguridad calibrada de 5 atm\u00f3sferas.<\/p>\n","protected":false},"excerpt":{"rendered":"<p>Art\u00edculo completo con regulador de presi\u00f3n, tubo y pistola con v\u00e1lvula de seguridad calibrada de 5 atm\u00f3sferas.<\/p>\n","protected":false},"featured_media":4711,"comment_status":"closed","ping_status":"closed","template":"","meta":{"_acf_changed":false},"product_brand":[],"product_cat":[190,187],"product_tag":[],"class_list":{"0":"post-2247","1":"product","2":"type-product","3":"status-publish","4":"has-post-thumbnail","6":"product_cat-dosificadores-de-pegamento","7":"product_cat-herramientas","9":"first","10":"instock","11":"shipping-taxable","12":"product-type-simple"},"acf":[],"_links":{"self":[{"href":"https:\/\/magazzinimanzanesi.it\/es\/wp-json\/wp\/v2\/product\/2247","targetHints":{"allow":["GET"]}}],"collection":[{"href":"https:\/\/magazzinimanzanesi.it\/es\/wp-json\/wp\/v2\/product"}],"about":[{"href":"https:\/\/magazzinimanzanesi.it\/es\/wp-json\/wp\/v2\/types\/product"}],"replies":[{"embeddable":true,"href":"https:\/\/magazzinimanzanesi.it\/es\/wp-json\/wp\/v2\/comments?post=2247"}],"wp:featuredmedia":[{"embeddable":true,"href":"https:\/\/magazzinimanzanesi.it\/es\/wp-json\/wp\/v2\/media\/4711"}],"wp:attachment":[{"href":"https:\/\/magazzinimanzanesi.it\/es\/wp-json\/wp\/v2\/media?parent=2247"}],"wp:term":[{"taxonomy":"product_brand","embeddable":true,"href":"https:\/\/magazzinimanzanesi.it\/es\/wp-json\/wp\/v2\/product_brand?post=2247"},{"taxonomy":"product_cat","embeddable":true,"href":"https:\/\/magazzinimanzanesi.it\/es\/wp-json\/wp\/v2\/product_cat?post=2247"},{"taxonomy":"product_tag","embeddable":true,"href":"https:\/\/magazzinimanzanesi.it\/es\/wp-json\/wp\/v2\/product_tag?post=2247"}],"curies":[{"name":"wp","href":"https:\/\/api.w.org\/{rel}","templated":true}]}}