{"id":7877,"date":"2025-01-31T12:58:14","date_gmt":"2025-01-31T12:58:14","guid":{"rendered":"https:\/\/magazzinimanzanesi.it\/?post_type=product&#038;p=7877"},"modified":"2025-03-19T14:22:04","modified_gmt":"2025-03-19T14:22:04","slug":"cierre-de-palanca-copia","status":"publish","type":"product","link":"https:\/\/magazzinimanzanesi.it\/es\/catalogar\/para-mesas\/alineacion-y-cierre\/cierre-de-palanca-copia\/","title":{"rendered":"Cerraduras de palanca con muelle"},"content":{"rendered":"<h1>Cierre de palanca de muelle<\/h1>\n<p>&nbsp;<\/p>\n<h2>Cierre de palanca con muelle: Sistema de cierre r\u00e1pido<\/h2>\n<p>Cierre de palanca de muelle tropicalizado para mesas (clipper) adecuado para asegurar el acoplamiento de tableros de mesa extensibles. Tambi\u00e9n puede utilizarse en cualquier aplicaci\u00f3n que requiera un sistema de cierre r\u00e1pido. El muelle incorporado garantiza que la palanca est\u00e9 siempre en posici\u00f3n cerrada.<\/p>\n<p>&nbsp;<\/p>\n","protected":false},"excerpt":{"rendered":"<p>Cierre de palanca de muelle &nbsp; Cierre de palanca con muelle: Sistema de cierre r\u00e1pido Cierre de palanca de muelle tropicalizado para mesas (clipper) adecuado para asegurar el acoplamiento de tableros de mesa extensibles. Tambi\u00e9n puede utilizarse en cualquier aplicaci\u00f3n que requiera un sistema de cierre r\u00e1pido. El muelle incorporado garantiza que la palanca est\u00e9 [&hellip;]<\/p>\n","protected":false},"featured_media":7883,"comment_status":"open","ping_status":"closed","template":"","meta":{"_acf_changed":false},"product_brand":[],"product_cat":[218,216],"product_tag":[673],"class_list":{"0":"post-7877","1":"product","2":"type-product","3":"status-publish","4":"has-post-thumbnail","6":"product_cat-alineacion-y-cierre","7":"product_cat-para-mesas","8":"product_tag-cerraduras-de-palanca-con-muelle","10":"first","11":"instock","12":"product-type-simple"},"acf":[],"_links":{"self":[{"href":"https:\/\/magazzinimanzanesi.it\/es\/wp-json\/wp\/v2\/product\/7877","targetHints":{"allow":["GET"]}}],"collection":[{"href":"https:\/\/magazzinimanzanesi.it\/es\/wp-json\/wp\/v2\/product"}],"about":[{"href":"https:\/\/magazzinimanzanesi.it\/es\/wp-json\/wp\/v2\/types\/product"}],"replies":[{"embeddable":true,"href":"https:\/\/magazzinimanzanesi.it\/es\/wp-json\/wp\/v2\/comments?post=7877"}],"wp:featuredmedia":[{"embeddable":true,"href":"https:\/\/magazzinimanzanesi.it\/es\/wp-json\/wp\/v2\/media\/7883"}],"wp:attachment":[{"href":"https:\/\/magazzinimanzanesi.it\/es\/wp-json\/wp\/v2\/media?parent=7877"}],"wp:term":[{"taxonomy":"product_brand","embeddable":true,"href":"https:\/\/magazzinimanzanesi.it\/es\/wp-json\/wp\/v2\/product_brand?post=7877"},{"taxonomy":"product_cat","embeddable":true,"href":"https:\/\/magazzinimanzanesi.it\/es\/wp-json\/wp\/v2\/product_cat?post=7877"},{"taxonomy":"product_tag","embeddable":true,"href":"https:\/\/magazzinimanzanesi.it\/es\/wp-json\/wp\/v2\/product_tag?post=7877"}],"curies":[{"name":"wp","href":"https:\/\/api.w.org\/{rel}","templated":true}]}}