{"id":7949,"date":"2023-03-06T13:54:53","date_gmt":"2023-03-06T13:54:53","guid":{"rendered":"https:\/\/magazzinimanzanesi.it\/catalogo\/uncategorized\/bisagra-para-tableros-basculantes\/"},"modified":"2023-03-06T13:54:53","modified_gmt":"2023-03-06T13:54:53","slug":"bisagra-para-tableros-basculantes","status":"publish","type":"product","link":"https:\/\/magazzinimanzanesi.it\/es\/catalogar\/para-mesas\/bisagras\/bisagra-para-tableros-basculantes\/","title":{"rendered":"Bisagra para tableros basculantes"},"content":{"rendered":"<h1>Bisagra empotrable de zamak<\/h1>\n<p>&nbsp;<\/p>\n<h2>Bisagra para encimeras basculantes: La soluci\u00f3n para la cer\u00e1mica<\/h2>\n<p>Bisagra empotrable de zamak para encimeras de cer\u00e1mica con apertura abatible, que permite una inclinaci\u00f3n de hasta 160\u00b0. Fabricadas en zamak, garantizan una buena resistencia a la corrosi\u00f3n manteniendo un equilibrio entre durabilidad y peso.<\/p>\n<p>&nbsp;<\/p>\n<h2>Bisagra para encimeras abatibles &#8211; Dimensiones:<\/h2>\n<p>Soporte: 52,5&#215;3 mm<\/p>\n<p>\u00d8 agujeros para tornillos: 4,5 mm<\/p>\n<p>&nbsp;<\/p>\n","protected":false},"excerpt":{"rendered":"<p>Bisagra empotrable de zamak &nbsp; Bisagra para encimeras basculantes: La soluci\u00f3n para la cer\u00e1mica Bisagra empotrable de zamak para encimeras de cer\u00e1mica con apertura abatible, que permite una inclinaci\u00f3n de hasta 160\u00b0. Fabricadas en zamak, garantizan una buena resistencia a la corrosi\u00f3n manteniendo un equilibrio entre durabilidad y peso. &nbsp; Bisagra para encimeras abatibles &#8211; [&hellip;]<\/p>\n","protected":false},"featured_media":5660,"comment_status":"open","ping_status":"closed","template":"","meta":{"_acf_changed":false},"product_brand":[],"product_cat":[220,216],"product_tag":[678],"class_list":{"0":"post-7949","1":"product","2":"type-product","3":"status-publish","4":"has-post-thumbnail","6":"product_cat-bisagras","7":"product_cat-para-mesas","8":"product_tag-bisagra-para-tableros-basculantes","10":"first","11":"instock","12":"shipping-taxable","13":"product-type-simple"},"acf":[],"_links":{"self":[{"href":"https:\/\/magazzinimanzanesi.it\/es\/wp-json\/wp\/v2\/product\/7949","targetHints":{"allow":["GET"]}}],"collection":[{"href":"https:\/\/magazzinimanzanesi.it\/es\/wp-json\/wp\/v2\/product"}],"about":[{"href":"https:\/\/magazzinimanzanesi.it\/es\/wp-json\/wp\/v2\/types\/product"}],"replies":[{"embeddable":true,"href":"https:\/\/magazzinimanzanesi.it\/es\/wp-json\/wp\/v2\/comments?post=7949"}],"wp:featuredmedia":[{"embeddable":true,"href":"https:\/\/magazzinimanzanesi.it\/es\/wp-json\/wp\/v2\/media\/5660"}],"wp:attachment":[{"href":"https:\/\/magazzinimanzanesi.it\/es\/wp-json\/wp\/v2\/media?parent=7949"}],"wp:term":[{"taxonomy":"product_brand","embeddable":true,"href":"https:\/\/magazzinimanzanesi.it\/es\/wp-json\/wp\/v2\/product_brand?post=7949"},{"taxonomy":"product_cat","embeddable":true,"href":"https:\/\/magazzinimanzanesi.it\/es\/wp-json\/wp\/v2\/product_cat?post=7949"},{"taxonomy":"product_tag","embeddable":true,"href":"https:\/\/magazzinimanzanesi.it\/es\/wp-json\/wp\/v2\/product_tag?post=7949"}],"curies":[{"name":"wp","href":"https:\/\/api.w.org\/{rel}","templated":true}]}}