{"id":7953,"date":"2025-02-03T07:51:38","date_gmt":"2025-02-03T07:51:38","guid":{"rendered":"https:\/\/magazzinimanzanesi.it\/catalogo\/uncategorized\/ruedas-para-sillas-y-sillones\/"},"modified":"2025-02-03T07:51:38","modified_gmt":"2025-02-03T07:51:38","slug":"ruedas-para-sillas-y-sillones","status":"publish","type":"product","link":"https:\/\/magazzinimanzanesi.it\/es\/catalogar\/para-muebles\/ruedas\/ruedas-para-sillas-y-sillones\/","title":{"rendered":"Ruedas para sillas y sillones"},"content":{"rendered":"<h1><strong>Ruedas para sillas y sillones<\/strong><\/h1>\n<p>&nbsp;<\/p>\n<h2>Ruedas para sillas de ancianos &#8211; Seguras y resistentes<\/h2>\n<p>Ruedas para sillas de ancianos adecuadas para su uso en sillas utilizadas en comunidades, hospitales y residencias de ancianos. Dise\u00f1adas con una base met\u00e1lica con orificios avellanados para su fijaci\u00f3n con tornillos.<\/p>\n<p>&nbsp;<\/p>\n<h3><strong>Ruedas para sillas de ancianos &#8211; Tama\u00f1o:<\/strong><\/h3>\n<p>\u00d8 50mm<\/p>\n","protected":false},"excerpt":{"rendered":"<p>Ruedas para sillas y sillones &nbsp; Ruedas para sillas de ancianos &#8211; Seguras y resistentes Ruedas para sillas de ancianos adecuadas para su uso en sillas utilizadas en comunidades, hospitales y residencias de ancianos. Dise\u00f1adas con una base met\u00e1lica con orificios avellanados para su fijaci\u00f3n con tornillos. &nbsp; Ruedas para sillas de ancianos &#8211; Tama\u00f1o: [&hellip;]<\/p>\n","protected":false},"featured_media":7595,"comment_status":"closed","ping_status":"closed","template":"","meta":{"_acf_changed":false},"product_brand":[],"product_cat":[201,211],"product_tag":[682],"class_list":{"0":"post-7953","1":"product","2":"type-product","3":"status-publish","4":"has-post-thumbnail","6":"product_cat-para-muebles","7":"product_cat-ruedas","8":"product_tag-ruedas-para-sillas-y-sillones","10":"first","11":"instock","12":"shipping-taxable","13":"product-type-simple"},"acf":[],"_links":{"self":[{"href":"https:\/\/magazzinimanzanesi.it\/es\/wp-json\/wp\/v2\/product\/7953","targetHints":{"allow":["GET"]}}],"collection":[{"href":"https:\/\/magazzinimanzanesi.it\/es\/wp-json\/wp\/v2\/product"}],"about":[{"href":"https:\/\/magazzinimanzanesi.it\/es\/wp-json\/wp\/v2\/types\/product"}],"replies":[{"embeddable":true,"href":"https:\/\/magazzinimanzanesi.it\/es\/wp-json\/wp\/v2\/comments?post=7953"}],"wp:featuredmedia":[{"embeddable":true,"href":"https:\/\/magazzinimanzanesi.it\/es\/wp-json\/wp\/v2\/media\/7595"}],"wp:attachment":[{"href":"https:\/\/magazzinimanzanesi.it\/es\/wp-json\/wp\/v2\/media?parent=7953"}],"wp:term":[{"taxonomy":"product_brand","embeddable":true,"href":"https:\/\/magazzinimanzanesi.it\/es\/wp-json\/wp\/v2\/product_brand?post=7953"},{"taxonomy":"product_cat","embeddable":true,"href":"https:\/\/magazzinimanzanesi.it\/es\/wp-json\/wp\/v2\/product_cat?post=7953"},{"taxonomy":"product_tag","embeddable":true,"href":"https:\/\/magazzinimanzanesi.it\/es\/wp-json\/wp\/v2\/product_tag?post=7953"}],"curies":[{"name":"wp","href":"https:\/\/api.w.org\/{rel}","templated":true}]}}