{"id":7957,"date":"2023-03-06T13:45:10","date_gmt":"2023-03-06T13:45:10","guid":{"rendered":"https:\/\/magazzinimanzanesi.it\/catalogo\/uncategorized\/tpei-cabeza-de-hierro-cabeza-ancha\/"},"modified":"2023-03-06T13:45:10","modified_gmt":"2023-03-06T13:45:10","slug":"tpei-cabeza-de-hierro-cabeza-ancha","status":"publish","type":"product","link":"https:\/\/magazzinimanzanesi.it\/es\/catalogar\/para-muebles\/cabezales\/tpei-cabeza-de-hierro-cabeza-ancha\/","title":{"rendered":"TPEI cabeza de hierro cabeza ancha"},"content":{"rendered":"<h1>Taco ciego cabeza plana impresi\u00f3n hexagonal<\/h1>\n<p>&nbsp;<\/p>\n<h2>Cabeza plana ancha de hierro TPEI<\/h2>\n<p>Cabeza plana ancha con hex\u00e1gono interior de hierro galvanizado.<\/p>\n<p>Gracias a su v\u00e1stago roscado interiormente con rosca m\u00e9trica ISO y a su v\u00e1stago liso exteriormente, es adecuada para situaciones en las que se requiere un elemento de montaje empotrado para cumplir los requisitos de apriete sin sacrificar la est\u00e9tica. Utilizada normalmente en lugar de una tuerca, la cabeza proporciona un apriete seguro de tornillos, pernos y otros elementos roscados.<\/p>\n<p>&nbsp;<\/p>\n<h3><strong>Cabeza grande de hierro TPEI &#8211; Tama\u00f1os:<\/strong><\/h3>\n<p>\u2022\u00a0 \u00d8 cabeza: 19mm \/ 23mm<br \/>\n\u2022\u00a0 \u00d8 v\u00e1stago: 10mm \/ 13mm<br \/>\n\u2022\u00a0 Longitud del v\u00e1stago: 17mm<br \/>\n\u2022\u00a0 Roscado: M8 \/ M10<br \/>\n\u2022\u00a0 Llave allen: 5mm \/ 6mm<\/p>\n<p>&nbsp;<\/p>\n<p><strong>Acabados bajo pedido:<\/strong><br \/>\n\u2022 bru\u00f1ido<br \/>\n\u2022 galvanizado blanco<br \/>\n\u2022 galvanizado amarillo<br \/>\n\u2022 negro galvanizado<br \/>\n\u2022 niquelado<\/p>\n<p>&nbsp;<\/p>\n<p>Tambi\u00e9n disponible en versi\u00f3n M6 bajo pedido.<\/p>\n","protected":false},"excerpt":{"rendered":"<p>Taco ciego cabeza plana impresi\u00f3n hexagonal &nbsp; Cabeza plana ancha de hierro TPEI Cabeza plana ancha con hex\u00e1gono interior de hierro galvanizado. Gracias a su v\u00e1stago roscado interiormente con rosca m\u00e9trica ISO y a su v\u00e1stago liso exteriormente, es adecuada para situaciones en las que se requiere un elemento de montaje empotrado para cumplir los [&hellip;]<\/p>\n","protected":false},"featured_media":5735,"comment_status":"open","ping_status":"closed","template":"","meta":{"_acf_changed":false},"product_brand":[],"product_cat":[215,201],"product_tag":[686],"class_list":{"0":"post-7957","1":"product","2":"type-product","3":"status-publish","4":"has-post-thumbnail","6":"product_cat-cabezales","7":"product_cat-para-muebles","8":"product_tag-tpei-cabeza-de-hierro-cabeza-ancha","10":"first","11":"instock","12":"shipping-taxable","13":"product-type-simple"},"acf":[],"_links":{"self":[{"href":"https:\/\/magazzinimanzanesi.it\/es\/wp-json\/wp\/v2\/product\/7957","targetHints":{"allow":["GET"]}}],"collection":[{"href":"https:\/\/magazzinimanzanesi.it\/es\/wp-json\/wp\/v2\/product"}],"about":[{"href":"https:\/\/magazzinimanzanesi.it\/es\/wp-json\/wp\/v2\/types\/product"}],"replies":[{"embeddable":true,"href":"https:\/\/magazzinimanzanesi.it\/es\/wp-json\/wp\/v2\/comments?post=7957"}],"wp:featuredmedia":[{"embeddable":true,"href":"https:\/\/magazzinimanzanesi.it\/es\/wp-json\/wp\/v2\/media\/5735"}],"wp:attachment":[{"href":"https:\/\/magazzinimanzanesi.it\/es\/wp-json\/wp\/v2\/media?parent=7957"}],"wp:term":[{"taxonomy":"product_brand","embeddable":true,"href":"https:\/\/magazzinimanzanesi.it\/es\/wp-json\/wp\/v2\/product_brand?post=7957"},{"taxonomy":"product_cat","embeddable":true,"href":"https:\/\/magazzinimanzanesi.it\/es\/wp-json\/wp\/v2\/product_cat?post=7957"},{"taxonomy":"product_tag","embeddable":true,"href":"https:\/\/magazzinimanzanesi.it\/es\/wp-json\/wp\/v2\/product_tag?post=7957"}],"curies":[{"name":"wp","href":"https:\/\/api.w.org\/{rel}","templated":true}]}}