{"id":7964,"date":"2023-03-06T13:41:04","date_gmt":"2023-03-06T13:41:04","guid":{"rendered":"https:\/\/magazzinimanzanesi.it\/catalogo\/uncategorized\/tbce-cabeza-de-hierro-cabeza-ancha\/"},"modified":"2023-03-06T13:41:04","modified_gmt":"2023-03-06T13:41:04","slug":"tbce-cabeza-de-hierro-cabeza-ancha","status":"publish","type":"product","link":"https:\/\/magazzinimanzanesi.it\/es\/catalogar\/para-muebles\/cabezales\/tbce-cabeza-de-hierro-cabeza-ancha\/","title":{"rendered":"TBCE cabeza de hierro cabeza ancha"},"content":{"rendered":"<h1>Taco hexagonal cabeza ancha convexa<\/h1>\n<p>&nbsp;<\/p>\n<h2>TBCE cabeza de hierro cabeza ancha abovedada<\/h2>\n<p>Cabeza de hierro galvanizado de c\u00fapula ancha con encaje hexagonal.<\/p>\n<p>Este elemento de fijaci\u00f3n, caracterizado por un v\u00e1stago roscado interiormente con rosca m\u00e9trica ISO y una superficie exterior lisa, es la elecci\u00f3n ideal para situaciones en las que coexisten la necesidad de apriete y el componente est\u00e9tico. La cabeza, que suele utilizarse en lugar de una tuerca, proporciona una sujeci\u00f3n segura para tornillos, pernos y otros elementos roscados.<\/p>\n<p>&nbsp;<\/p>\n<h3><strong>Cabeza ancha de hierro TBCE &#8211; Tama\u00f1os:<\/strong><\/h3>\n<p>\u2022\u00a0 \u00d8 cabeza: 20mm<br \/>\n\u2022\u00a0 \u00d8 del v\u00e1stago: 9mm<br \/>\n\u2022\u00a0 Longitud del v\u00e1stago: 20mm<br \/>\n\u2022\u00a0 Rosca: M6<br \/>\n\u2022\u00a0 Llave allen: 5mm<\/p>\n<p>&nbsp;<\/p>\n<p><strong>Acabados bajo pedido:<\/strong><br \/>\n\u2022 bru\u00f1ido<br \/>\n\u2022 galvanizado blanco<br \/>\n\u2022 galvanizado amarillo<br \/>\n\u2022 galvanizado negro<br \/>\n\u2022 niquelado<\/p>\n<p>&nbsp;<\/p>\n<p>Tambi\u00e9n disponible en versi\u00f3n M8 bajo pedido.<\/p>\n","protected":false},"excerpt":{"rendered":"<p>Taco hexagonal cabeza ancha convexa &nbsp; TBCE cabeza de hierro cabeza ancha abovedada Cabeza de hierro galvanizado de c\u00fapula ancha con encaje hexagonal. Este elemento de fijaci\u00f3n, caracterizado por un v\u00e1stago roscado interiormente con rosca m\u00e9trica ISO y una superficie exterior lisa, es la elecci\u00f3n ideal para situaciones en las que coexisten la necesidad de [&hellip;]<\/p>\n","protected":false},"featured_media":5770,"comment_status":"open","ping_status":"closed","template":"","meta":{"_acf_changed":false},"product_brand":[],"product_cat":[215,201],"product_tag":[691],"class_list":{"0":"post-7964","1":"product","2":"type-product","3":"status-publish","4":"has-post-thumbnail","6":"product_cat-cabezales","7":"product_cat-para-muebles","8":"product_tag-tbce-cabeza-de-hierro-cabeza-ancha","10":"first","11":"instock","12":"shipping-taxable","13":"product-type-simple"},"acf":[],"_links":{"self":[{"href":"https:\/\/magazzinimanzanesi.it\/es\/wp-json\/wp\/v2\/product\/7964","targetHints":{"allow":["GET"]}}],"collection":[{"href":"https:\/\/magazzinimanzanesi.it\/es\/wp-json\/wp\/v2\/product"}],"about":[{"href":"https:\/\/magazzinimanzanesi.it\/es\/wp-json\/wp\/v2\/types\/product"}],"replies":[{"embeddable":true,"href":"https:\/\/magazzinimanzanesi.it\/es\/wp-json\/wp\/v2\/comments?post=7964"}],"wp:featuredmedia":[{"embeddable":true,"href":"https:\/\/magazzinimanzanesi.it\/es\/wp-json\/wp\/v2\/media\/5770"}],"wp:attachment":[{"href":"https:\/\/magazzinimanzanesi.it\/es\/wp-json\/wp\/v2\/media?parent=7964"}],"wp:term":[{"taxonomy":"product_brand","embeddable":true,"href":"https:\/\/magazzinimanzanesi.it\/es\/wp-json\/wp\/v2\/product_brand?post=7964"},{"taxonomy":"product_cat","embeddable":true,"href":"https:\/\/magazzinimanzanesi.it\/es\/wp-json\/wp\/v2\/product_cat?post=7964"},{"taxonomy":"product_tag","embeddable":true,"href":"https:\/\/magazzinimanzanesi.it\/es\/wp-json\/wp\/v2\/product_tag?post=7964"}],"curies":[{"name":"wp","href":"https:\/\/api.w.org\/{rel}","templated":true}]}}