{"id":7974,"date":"2023-03-06T13:34:40","date_gmt":"2023-03-06T13:34:40","guid":{"rendered":"https:\/\/magazzinimanzanesi.it\/catalogo\/uncategorized\/cabeza-de-hierro-tt\/"},"modified":"2023-03-06T13:34:40","modified_gmt":"2023-03-06T13:34:40","slug":"cabeza-de-hierro-tt","status":"publish","type":"product","link":"https:\/\/magazzinimanzanesi.it\/es\/catalogar\/para-muebles\/cabezales\/cabeza-de-hierro-tt\/","title":{"rendered":"Cabeza de hierro TT"},"content":{"rendered":"<h1>Casquillo ciego de cabeza redonda<\/h1>\n<p>&nbsp;<\/p>\n<h2>Cabeza redonda TT de hierro<\/h2>\n<p>Cabeza de hierro galvanizado con cabeza redonda.<\/p>\n<p>El v\u00e1stago roscado interiormente con rosca m\u00e9trica ISO y la superficie exterior lisa hacen de este elemento de fijaci\u00f3n la elecci\u00f3n \u00f3ptima para situaciones que requieren una sujeci\u00f3n precisa sin comprometer la est\u00e9tica. La cabeza, que normalmente sustituye a la tuerca, garantiza una sujeci\u00f3n segura de tornillos, pernos y otros elementos roscados.<\/p>\n<p>&nbsp;<\/p>\n<h3><strong>Cabeza de hierro TT &#8211; Dimensiones:<\/strong><\/h3>\n<p>\u2022 \u00d8 cabeza: 13mm<br \/>\n\u2022 \u00d8 del v\u00e1stago: 8mm<br \/>\n\u2022 Longitud del v\u00e1stago: 12mm<br \/>\n\u2022 Roscado: M6<\/p>\n<p>&nbsp;<\/p>\n<p><strong>Acabados bajo pedido:<\/strong><br \/>\n\u2022 bru\u00f1ido<br \/>\n\u2022 galvanizado blanco<br \/>\n\u2022 galvanizado amarillo<br \/>\n\u2022 galvanizado negro<br \/>\n\u2022 niquelado<\/p>\n","protected":false},"excerpt":{"rendered":"<p>Casquillo ciego de cabeza redonda &nbsp; Cabeza redonda TT de hierro Cabeza de hierro galvanizado con cabeza redonda. El v\u00e1stago roscado interiormente con rosca m\u00e9trica ISO y la superficie exterior lisa hacen de este elemento de fijaci\u00f3n la elecci\u00f3n \u00f3ptima para situaciones que requieren una sujeci\u00f3n precisa sin comprometer la est\u00e9tica. La cabeza, que normalmente [&hellip;]<\/p>\n","protected":false},"featured_media":5785,"comment_status":"open","ping_status":"closed","template":"","meta":{"_acf_changed":false},"product_brand":[],"product_cat":[215,201],"product_tag":[701],"class_list":{"0":"post-7974","1":"product","2":"type-product","3":"status-publish","4":"has-post-thumbnail","6":"product_cat-cabezales","7":"product_cat-para-muebles","8":"product_tag-cabeza-de-hierro-tt","10":"first","11":"instock","12":"shipping-taxable","13":"product-type-simple"},"acf":[],"_links":{"self":[{"href":"https:\/\/magazzinimanzanesi.it\/es\/wp-json\/wp\/v2\/product\/7974","targetHints":{"allow":["GET"]}}],"collection":[{"href":"https:\/\/magazzinimanzanesi.it\/es\/wp-json\/wp\/v2\/product"}],"about":[{"href":"https:\/\/magazzinimanzanesi.it\/es\/wp-json\/wp\/v2\/types\/product"}],"replies":[{"embeddable":true,"href":"https:\/\/magazzinimanzanesi.it\/es\/wp-json\/wp\/v2\/comments?post=7974"}],"wp:featuredmedia":[{"embeddable":true,"href":"https:\/\/magazzinimanzanesi.it\/es\/wp-json\/wp\/v2\/media\/5785"}],"wp:attachment":[{"href":"https:\/\/magazzinimanzanesi.it\/es\/wp-json\/wp\/v2\/media?parent=7974"}],"wp:term":[{"taxonomy":"product_brand","embeddable":true,"href":"https:\/\/magazzinimanzanesi.it\/es\/wp-json\/wp\/v2\/product_brand?post=7974"},{"taxonomy":"product_cat","embeddable":true,"href":"https:\/\/magazzinimanzanesi.it\/es\/wp-json\/wp\/v2\/product_cat?post=7974"},{"taxonomy":"product_tag","embeddable":true,"href":"https:\/\/magazzinimanzanesi.it\/es\/wp-json\/wp\/v2\/product_tag?post=7974"}],"curies":[{"name":"wp","href":"https:\/\/api.w.org\/{rel}","templated":true}]}}