{"id":7983,"date":"2024-05-14T07:36:48","date_gmt":"2024-05-14T07:36:48","guid":{"rendered":"https:\/\/magazzinimanzanesi.it\/catalogo\/uncategorized\/puntera-envolvente-con-fieltro\/"},"modified":"2024-05-14T07:36:48","modified_gmt":"2024-05-14T07:36:48","slug":"puntera-envolvente-con-fieltro","status":"publish","type":"product","link":"https:\/\/magazzinimanzanesi.it\/es\/catalogar\/parachoques-y-pies\/punteras-y-almohadillas\/puntera-envolvente-con-fieltro\/","title":{"rendered":"Puntera envolvente con fieltro"},"content":{"rendered":"<h1>Puntera exterior transparente con fieltro<\/h1>\n<p>&nbsp;<\/p>\n<h2>Puntera envolvente de fieltro: Estabilidad y protecci\u00f3n<\/h2>\n<p>Las punteras envolventes de fieltro son una soluci\u00f3n adecuada como base para asientos y muebles que requieren apoyo fuera del tubo. El asiento de espiga flexible permite una instalaci\u00f3n r\u00e1pida al tiempo que garantiza una excelente permanencia en el armaz\u00f3n tubular. El fieltro que recubre la base las hace ideales para su uso en superficies delicadas como el parquet.<\/p>\n<p>&nbsp;<\/p>\n<h3>Punta envolvente con fieltro: Tama\u00f1os<\/h3>\n<p>\u00d812mm a \u00d825mm<\/p>\n","protected":false},"excerpt":{"rendered":"<p>Puntera exterior transparente con fieltro &nbsp; Puntera envolvente de fieltro: Estabilidad y protecci\u00f3n Las punteras envolventes de fieltro son una soluci\u00f3n adecuada como base para asientos y muebles que requieren apoyo fuera del tubo. El asiento de espiga flexible permite una instalaci\u00f3n r\u00e1pida al tiempo que garantiza una excelente permanencia en el armaz\u00f3n tubular. El [&hellip;]<\/p>\n","protected":false},"featured_media":6406,"comment_status":"closed","ping_status":"closed","template":"","meta":{"_acf_changed":false},"product_brand":[],"product_cat":[194,199],"product_tag":[709],"class_list":{"0":"post-7983","1":"product","2":"type-product","3":"status-publish","4":"has-post-thumbnail","6":"product_cat-parachoques-y-pies","7":"product_cat-punteras-y-almohadillas","8":"product_tag-puntera-envolvente-con-fieltro","10":"first","11":"instock","12":"shipping-taxable","13":"product-type-simple"},"acf":[],"_links":{"self":[{"href":"https:\/\/magazzinimanzanesi.it\/es\/wp-json\/wp\/v2\/product\/7983","targetHints":{"allow":["GET"]}}],"collection":[{"href":"https:\/\/magazzinimanzanesi.it\/es\/wp-json\/wp\/v2\/product"}],"about":[{"href":"https:\/\/magazzinimanzanesi.it\/es\/wp-json\/wp\/v2\/types\/product"}],"replies":[{"embeddable":true,"href":"https:\/\/magazzinimanzanesi.it\/es\/wp-json\/wp\/v2\/comments?post=7983"}],"wp:featuredmedia":[{"embeddable":true,"href":"https:\/\/magazzinimanzanesi.it\/es\/wp-json\/wp\/v2\/media\/6406"}],"wp:attachment":[{"href":"https:\/\/magazzinimanzanesi.it\/es\/wp-json\/wp\/v2\/media?parent=7983"}],"wp:term":[{"taxonomy":"product_brand","embeddable":true,"href":"https:\/\/magazzinimanzanesi.it\/es\/wp-json\/wp\/v2\/product_brand?post=7983"},{"taxonomy":"product_cat","embeddable":true,"href":"https:\/\/magazzinimanzanesi.it\/es\/wp-json\/wp\/v2\/product_cat?post=7983"},{"taxonomy":"product_tag","embeddable":true,"href":"https:\/\/magazzinimanzanesi.it\/es\/wp-json\/wp\/v2\/product_tag?post=7983"}],"curies":[{"name":"wp","href":"https:\/\/api.w.org\/{rel}","templated":true}]}}