{"id":7987,"date":"2025-02-03T07:53:38","date_gmt":"2025-02-03T07:53:38","guid":{"rendered":"https:\/\/magazzinimanzanesi.it\/catalogo\/uncategorized\/pistola-de-cola\/"},"modified":"2025-02-03T07:53:38","modified_gmt":"2025-02-03T07:53:38","slug":"pistola-de-cola","status":"publish","type":"product","link":"https:\/\/magazzinimanzanesi.it\/es\/catalogar\/herramientas\/dosificadores-de-pegamento\/pistola-de-cola\/","title":{"rendered":"Pistola de cola"},"content":{"rendered":"<h1>Aplicador de cola<\/h1>\n<p>&nbsp;<\/p>\n<h2>Pistola encoladora: pr\u00e1ctica y vers\u00e1til<\/h2>\n<p>Pistola encoladora para dispensar cola vin\u00edlica completa con boquilla. Gracias a su sencilla construcci\u00f3n de pl\u00e1stico y aluminio, es f\u00e1cil de desmontar y limpiar, lo que garantiza una eficacia constante y una larga vida \u00fatil.<\/p>\n","protected":false},"excerpt":{"rendered":"<p>Aplicador de cola &nbsp; Pistola encoladora: pr\u00e1ctica y vers\u00e1til Pistola encoladora para dispensar cola vin\u00edlica completa con boquilla. Gracias a su sencilla construcci\u00f3n de pl\u00e1stico y aluminio, es f\u00e1cil de desmontar y limpiar, lo que garantiza una eficacia constante y una larga vida \u00fatil.<\/p>\n","protected":false},"featured_media":7415,"comment_status":"closed","ping_status":"closed","template":"","meta":{"_acf_changed":false},"product_brand":[],"product_cat":[190,187],"product_tag":[713],"class_list":{"0":"post-7987","1":"product","2":"type-product","3":"status-publish","4":"has-post-thumbnail","6":"product_cat-dosificadores-de-pegamento","7":"product_cat-herramientas","8":"product_tag-pistola-de-cola","10":"first","11":"instock","12":"shipping-taxable","13":"product-type-simple"},"acf":[],"_links":{"self":[{"href":"https:\/\/magazzinimanzanesi.it\/es\/wp-json\/wp\/v2\/product\/7987","targetHints":{"allow":["GET"]}}],"collection":[{"href":"https:\/\/magazzinimanzanesi.it\/es\/wp-json\/wp\/v2\/product"}],"about":[{"href":"https:\/\/magazzinimanzanesi.it\/es\/wp-json\/wp\/v2\/types\/product"}],"replies":[{"embeddable":true,"href":"https:\/\/magazzinimanzanesi.it\/es\/wp-json\/wp\/v2\/comments?post=7987"}],"wp:featuredmedia":[{"embeddable":true,"href":"https:\/\/magazzinimanzanesi.it\/es\/wp-json\/wp\/v2\/media\/7415"}],"wp:attachment":[{"href":"https:\/\/magazzinimanzanesi.it\/es\/wp-json\/wp\/v2\/media?parent=7987"}],"wp:term":[{"taxonomy":"product_brand","embeddable":true,"href":"https:\/\/magazzinimanzanesi.it\/es\/wp-json\/wp\/v2\/product_brand?post=7987"},{"taxonomy":"product_cat","embeddable":true,"href":"https:\/\/magazzinimanzanesi.it\/es\/wp-json\/wp\/v2\/product_cat?post=7987"},{"taxonomy":"product_tag","embeddable":true,"href":"https:\/\/magazzinimanzanesi.it\/es\/wp-json\/wp\/v2\/product_tag?post=7987"}],"curies":[{"name":"wp","href":"https:\/\/api.w.org\/{rel}","templated":true}]}}