{"id":7991,"date":"2023-04-19T12:24:10","date_gmt":"2023-04-19T12:24:10","guid":{"rendered":"https:\/\/magazzinimanzanesi.it\/catalogo\/uncategorized\/pistola-de-cola-vinilica\/"},"modified":"2023-04-19T12:24:10","modified_gmt":"2023-04-19T12:24:10","slug":"pistola-de-cola-vinilica","status":"publish","type":"product","link":"https:\/\/magazzinimanzanesi.it\/es\/catalogar\/herramientas\/dosificadores-de-pegamento\/pistola-de-cola-vinilica\/","title":{"rendered":"Pistola de cola vin\u00edlica"},"content":{"rendered":"<h1>Aplicador de cola<\/h1>\n<p>&nbsp;<\/p>\n<h2>Pistola para cola vin\u00edlica: pr\u00e1ctica y vers\u00e1til<\/h2>\n<p>Pistola dispensadora neum\u00e1tica para aplicador de cola vin\u00edlica completa con boquilla. Gracias a su sencilla construcci\u00f3n de pl\u00e1stico y aluminio, es f\u00e1cil de desmontar y limpiar, lo que garantiza una eficacia constante y una larga vida \u00fatil.<\/p>\n","protected":false},"excerpt":{"rendered":"<p>Aplicador de cola &nbsp; Pistola para cola vin\u00edlica: pr\u00e1ctica y vers\u00e1til Pistola dispensadora neum\u00e1tica para aplicador de cola vin\u00edlica completa con boquilla. Gracias a su sencilla construcci\u00f3n de pl\u00e1stico y aluminio, es f\u00e1cil de desmontar y limpiar, lo que garantiza una eficacia constante y una larga vida \u00fatil.<\/p>\n","protected":false},"featured_media":6106,"comment_status":"closed","ping_status":"closed","template":"","meta":{"_acf_changed":false},"product_brand":[],"product_cat":[190,187],"product_tag":[717],"class_list":{"0":"post-7991","1":"product","2":"type-product","3":"status-publish","4":"has-post-thumbnail","6":"product_cat-dosificadores-de-pegamento","7":"product_cat-herramientas","8":"product_tag-pistola-de-cola-vinilica","10":"first","11":"instock","12":"shipping-taxable","13":"product-type-simple"},"acf":[],"_links":{"self":[{"href":"https:\/\/magazzinimanzanesi.it\/es\/wp-json\/wp\/v2\/product\/7991","targetHints":{"allow":["GET"]}}],"collection":[{"href":"https:\/\/magazzinimanzanesi.it\/es\/wp-json\/wp\/v2\/product"}],"about":[{"href":"https:\/\/magazzinimanzanesi.it\/es\/wp-json\/wp\/v2\/types\/product"}],"replies":[{"embeddable":true,"href":"https:\/\/magazzinimanzanesi.it\/es\/wp-json\/wp\/v2\/comments?post=7991"}],"wp:featuredmedia":[{"embeddable":true,"href":"https:\/\/magazzinimanzanesi.it\/es\/wp-json\/wp\/v2\/media\/6106"}],"wp:attachment":[{"href":"https:\/\/magazzinimanzanesi.it\/es\/wp-json\/wp\/v2\/media?parent=7991"}],"wp:term":[{"taxonomy":"product_brand","embeddable":true,"href":"https:\/\/magazzinimanzanesi.it\/es\/wp-json\/wp\/v2\/product_brand?post=7991"},{"taxonomy":"product_cat","embeddable":true,"href":"https:\/\/magazzinimanzanesi.it\/es\/wp-json\/wp\/v2\/product_cat?post=7991"},{"taxonomy":"product_tag","embeddable":true,"href":"https:\/\/magazzinimanzanesi.it\/es\/wp-json\/wp\/v2\/product_tag?post=7991"}],"curies":[{"name":"wp","href":"https:\/\/api.w.org\/{rel}","templated":true}]}}