{"id":7999,"date":"2022-07-15T09:00:24","date_gmt":"2022-07-15T09:00:24","guid":{"rendered":"https:\/\/magazzinimanzanesi.it\/catalogo\/uncategorized\/carro-de-flejado\/"},"modified":"2022-07-15T09:00:24","modified_gmt":"2022-07-15T09:00:24","slug":"carro-de-flejado","status":"publish","type":"product","link":"https:\/\/magazzinimanzanesi.it\/es\/catalogar\/herramientas\/embalaje\/carro-de-flejado\/","title":{"rendered":"Carro de flejado"},"content":{"rendered":"<h1>Carro de flejado<\/h1>\n<p>&nbsp;<\/p>\n<h2>Carro de flejado: pr\u00e1ctico y vers\u00e1til<\/h2>\n<p>Carro de flejado completo con caja de herramientas para rollos de fleje de pl\u00e1stico y poli\u00e9ster con un di\u00e1metro interior de 400 mm.<br \/>\nTambi\u00e9n es adecuado para rollos de fleje con un di\u00e1metro interior de 140, 200, 280 mm y flejes TEX105T de 35 mm.<\/p>\n","protected":false},"excerpt":{"rendered":"<p>Carro de flejado &nbsp; Carro de flejado: pr\u00e1ctico y vers\u00e1til Carro de flejado completo con caja de herramientas para rollos de fleje de pl\u00e1stico y poli\u00e9ster con un di\u00e1metro interior de 400 mm. Tambi\u00e9n es adecuado para rollos de fleje con un di\u00e1metro interior de 140, 200, 280 mm y flejes TEX105T de 35 mm.<\/p>\n","protected":false},"featured_media":4581,"comment_status":"open","ping_status":"closed","template":"","meta":{"_acf_changed":false},"product_brand":[],"product_cat":[192,187],"product_tag":[725],"class_list":{"0":"post-7999","1":"product","2":"type-product","3":"status-publish","4":"has-post-thumbnail","6":"product_cat-embalaje","7":"product_cat-herramientas","8":"product_tag-carro-de-flejado","10":"first","11":"instock","12":"shipping-taxable","13":"product-type-simple"},"acf":[],"_links":{"self":[{"href":"https:\/\/magazzinimanzanesi.it\/es\/wp-json\/wp\/v2\/product\/7999","targetHints":{"allow":["GET"]}}],"collection":[{"href":"https:\/\/magazzinimanzanesi.it\/es\/wp-json\/wp\/v2\/product"}],"about":[{"href":"https:\/\/magazzinimanzanesi.it\/es\/wp-json\/wp\/v2\/types\/product"}],"replies":[{"embeddable":true,"href":"https:\/\/magazzinimanzanesi.it\/es\/wp-json\/wp\/v2\/comments?post=7999"}],"wp:featuredmedia":[{"embeddable":true,"href":"https:\/\/magazzinimanzanesi.it\/es\/wp-json\/wp\/v2\/media\/4581"}],"wp:attachment":[{"href":"https:\/\/magazzinimanzanesi.it\/es\/wp-json\/wp\/v2\/media?parent=7999"}],"wp:term":[{"taxonomy":"product_brand","embeddable":true,"href":"https:\/\/magazzinimanzanesi.it\/es\/wp-json\/wp\/v2\/product_brand?post=7999"},{"taxonomy":"product_cat","embeddable":true,"href":"https:\/\/magazzinimanzanesi.it\/es\/wp-json\/wp\/v2\/product_cat?post=7999"},{"taxonomy":"product_tag","embeddable":true,"href":"https:\/\/magazzinimanzanesi.it\/es\/wp-json\/wp\/v2\/product_tag?post=7999"}],"curies":[{"name":"wp","href":"https:\/\/api.w.org\/{rel}","templated":true}]}}