{"id":8004,"date":"2023-03-06T13:40:26","date_gmt":"2023-03-06T13:40:26","guid":{"rendered":"https:\/\/magazzinimanzanesi.it\/catalogo\/uncategorized\/cabeza-de-hierro-tpsce\/"},"modified":"2023-03-06T13:40:26","modified_gmt":"2023-03-06T13:40:26","slug":"cabeza-de-hierro-tpsce","status":"publish","type":"product","link":"https:\/\/magazzinimanzanesi.it\/es\/catalogar\/para-muebles\/cabezales\/cabeza-de-hierro-tpsce\/","title":{"rendered":"Cabeza de hierro TPSCE"},"content":{"rendered":"<h1>Cabeza plana avellanada con hex\u00e1gono interior<\/h1>\n<p>&nbsp;<\/p>\n<h2>Cabeza de hierro TPSCE: cabeza avellanada plana<\/h2>\n<p>Cabeza de hierro galvanizado con cabeza avellanada plana e impresi\u00f3n hexagonal hueca.<\/p>\n<p>Presenta un v\u00e1stago roscado internamente, conforme a la norma m\u00e9trica ISO, y una superficie lisa externamente. Esta combinaci\u00f3n lo hace adecuado para aplicaciones en las que es esencial combinar los requisitos de sujeci\u00f3n con la atenci\u00f3n a la est\u00e9tica. Utilizada normalmente en lugar de una tuerca, la cabeza ofrece una sujeci\u00f3n segura para tornillos, pernos y otros elementos roscados.<\/p>\n<p>&nbsp;<\/p>\n<h3>Cabeza de hierro TPSCE &#8211; Dimensiones:<\/h3>\n<p>\u2022 \u00d8 cabeza: 12mm<br \/>\n\u2022 \u00d8 del v\u00e1stago: 8mm<br \/>\n\u2022 Longitud del v\u00e1stago: 20mm (incluido el casquillo)<br \/>\n\u2022 Roscado: M6<br \/>\n\u2022 Llave Allen: 4mm<\/p>\n<p>&nbsp;<\/p>\n<p><strong>Acabados bajo pedido:<\/strong><br \/>\n\u2022 bru\u00f1ido<br \/>\n\u2022 galvanizado blanco<br \/>\n\u2022 galvanizado amarillo<br \/>\n\u2022 galvanizado negro<br \/>\n\u2022 niquelado<\/p>\n","protected":false},"excerpt":{"rendered":"<p>Cabeza plana avellanada con hex\u00e1gono interior &nbsp; Cabeza de hierro TPSCE: cabeza avellanada plana Cabeza de hierro galvanizado con cabeza avellanada plana e impresi\u00f3n hexagonal hueca. Presenta un v\u00e1stago roscado internamente, conforme a la norma m\u00e9trica ISO, y una superficie lisa externamente. Esta combinaci\u00f3n lo hace adecuado para aplicaciones en las que es esencial combinar [&hellip;]<\/p>\n","protected":false},"featured_media":5765,"comment_status":"open","ping_status":"closed","template":"","meta":{"_acf_changed":false},"product_brand":[],"product_cat":[215,201],"product_tag":[731],"class_list":{"0":"post-8004","1":"product","2":"type-product","3":"status-publish","4":"has-post-thumbnail","6":"product_cat-cabezales","7":"product_cat-para-muebles","8":"product_tag-cabeza-de-hierro-tpsce","10":"first","11":"instock","12":"shipping-taxable","13":"product-type-simple"},"acf":[],"_links":{"self":[{"href":"https:\/\/magazzinimanzanesi.it\/es\/wp-json\/wp\/v2\/product\/8004","targetHints":{"allow":["GET"]}}],"collection":[{"href":"https:\/\/magazzinimanzanesi.it\/es\/wp-json\/wp\/v2\/product"}],"about":[{"href":"https:\/\/magazzinimanzanesi.it\/es\/wp-json\/wp\/v2\/types\/product"}],"replies":[{"embeddable":true,"href":"https:\/\/magazzinimanzanesi.it\/es\/wp-json\/wp\/v2\/comments?post=8004"}],"wp:featuredmedia":[{"embeddable":true,"href":"https:\/\/magazzinimanzanesi.it\/es\/wp-json\/wp\/v2\/media\/5765"}],"wp:attachment":[{"href":"https:\/\/magazzinimanzanesi.it\/es\/wp-json\/wp\/v2\/media?parent=8004"}],"wp:term":[{"taxonomy":"product_brand","embeddable":true,"href":"https:\/\/magazzinimanzanesi.it\/es\/wp-json\/wp\/v2\/product_brand?post=8004"},{"taxonomy":"product_cat","embeddable":true,"href":"https:\/\/magazzinimanzanesi.it\/es\/wp-json\/wp\/v2\/product_cat?post=8004"},{"taxonomy":"product_tag","embeddable":true,"href":"https:\/\/magazzinimanzanesi.it\/es\/wp-json\/wp\/v2\/product_tag?post=8004"}],"curies":[{"name":"wp","href":"https:\/\/api.w.org\/{rel}","templated":true}]}}