{"id":8005,"date":"2023-03-06T13:38:08","date_gmt":"2023-03-06T13:38:08","guid":{"rendered":"https:\/\/magazzinimanzanesi.it\/catalogo\/uncategorized\/cabeza-de-hierro-tbce\/"},"modified":"2023-03-06T13:38:08","modified_gmt":"2023-03-06T13:38:08","slug":"cabeza-de-hierro-tbce","status":"publish","type":"product","link":"https:\/\/magazzinimanzanesi.it\/es\/catalogar\/para-muebles\/cabezales\/cabeza-de-hierro-tbce\/","title":{"rendered":"Cabeza de hierro TBCE"},"content":{"rendered":"<h1>Enchufe ciego de cabeza hexagonal<\/h1>\n<p>&nbsp;<\/p>\n<h2>Cabeza de hierro TBCE: Cabeza abombada<\/h2>\n<p>Cabeza de hierro galvanizado con cabeza abombada e impresi\u00f3n hexagonal hueca.<\/p>\n<p>Con su v\u00e1stago roscado internamente, conforme a la norma m\u00e9trica ISO y con una superficie exterior lisa, este componente de montaje es la soluci\u00f3n perfecta para satisfacer los requisitos de apriete sin comprometer la est\u00e9tica. La cabeza es una opci\u00f3n habitual para sustituir a la tuerca, garantizando un apriete seguro de tornillos, pernos y otros elementos roscados.<\/p>\n<p>&nbsp;<\/p>\n<h3><strong>Cabeza de hierro TBCE &#8211; Dimensiones:<\/strong><\/h3>\n<p>\u2022 \u00d8 cabeza: 15mm<br \/>\n\u2022 \u00d8 del v\u00e1stago: 8mm<br \/>\n\u2022 Longitud del v\u00e1stago: 12mm \/ 17mm<br \/>\n\u2022 Roscado: M6<br \/>\n\u2022 Llave Allen: 5mm<\/p>\n<p>&nbsp;<\/p>\n<p><strong>Acabados bajo pedido:<\/strong><br \/>\n\u2022 bru\u00f1ido<br \/>\n\u2022 galvanizado blanco<br \/>\n\u2022 galvanizado amarillo<br \/>\n\u2022 galvanizado negro<br \/>\n\u2022 niquelado<\/p>\n","protected":false},"excerpt":{"rendered":"<p>Enchufe ciego de cabeza hexagonal &nbsp; Cabeza de hierro TBCE: Cabeza abombada Cabeza de hierro galvanizado con cabeza abombada e impresi\u00f3n hexagonal hueca. Con su v\u00e1stago roscado internamente, conforme a la norma m\u00e9trica ISO y con una superficie exterior lisa, este componente de montaje es la soluci\u00f3n perfecta para satisfacer los requisitos de apriete sin [&hellip;]<\/p>\n","protected":false},"featured_media":5725,"comment_status":"open","ping_status":"closed","template":"","meta":{"_acf_changed":false},"product_brand":[],"product_cat":[215,201],"product_tag":[732],"class_list":{"0":"post-8005","1":"product","2":"type-product","3":"status-publish","4":"has-post-thumbnail","6":"product_cat-cabezales","7":"product_cat-para-muebles","8":"product_tag-cabeza-de-hierro-tbce","10":"first","11":"instock","12":"shipping-taxable","13":"product-type-simple"},"acf":[],"_links":{"self":[{"href":"https:\/\/magazzinimanzanesi.it\/es\/wp-json\/wp\/v2\/product\/8005","targetHints":{"allow":["GET"]}}],"collection":[{"href":"https:\/\/magazzinimanzanesi.it\/es\/wp-json\/wp\/v2\/product"}],"about":[{"href":"https:\/\/magazzinimanzanesi.it\/es\/wp-json\/wp\/v2\/types\/product"}],"replies":[{"embeddable":true,"href":"https:\/\/magazzinimanzanesi.it\/es\/wp-json\/wp\/v2\/comments?post=8005"}],"wp:featuredmedia":[{"embeddable":true,"href":"https:\/\/magazzinimanzanesi.it\/es\/wp-json\/wp\/v2\/media\/5725"}],"wp:attachment":[{"href":"https:\/\/magazzinimanzanesi.it\/es\/wp-json\/wp\/v2\/media?parent=8005"}],"wp:term":[{"taxonomy":"product_brand","embeddable":true,"href":"https:\/\/magazzinimanzanesi.it\/es\/wp-json\/wp\/v2\/product_brand?post=8005"},{"taxonomy":"product_cat","embeddable":true,"href":"https:\/\/magazzinimanzanesi.it\/es\/wp-json\/wp\/v2\/product_cat?post=8005"},{"taxonomy":"product_tag","embeddable":true,"href":"https:\/\/magazzinimanzanesi.it\/es\/wp-json\/wp\/v2\/product_tag?post=8005"}],"curies":[{"name":"wp","href":"https:\/\/api.w.org\/{rel}","templated":true}]}}