{"id":8174,"date":"2025-06-09T08:00:37","date_gmt":"2025-06-09T08:00:37","guid":{"rendered":"https:\/\/magazzinimanzanesi.it\/?post_type=product&#038;p=8174"},"modified":"2025-08-14T12:43:22","modified_gmt":"2025-08-14T12:43:22","slug":"pistola-de-cola-copia","status":"publish","type":"product","link":"https:\/\/magazzinimanzanesi.it\/es\/catalogar\/herramientas\/dosificadores-de-pegamento\/pistola-de-cola-copia\/","title":{"rendered":"Pistola para cola ecol\u00f3gica"},"content":{"rendered":"<h1>Aplicador de cola econ\u00f3mico<\/h1>\n<p>&nbsp;<\/p>\n<h2>Pistola para cola ecol\u00f3gica: pr\u00e1ctica y vers\u00e1til<\/h2>\n<p>Pistola para cola ecol\u00f3gica para dosificador de cola vin\u00edlica con boquilla incluida. Fabricada en aluminio estampado, esta pistola para cola econ\u00f3mica est\u00e1 dise\u00f1ada para reducir al m\u00ednimo los tiempos de mantenimiento.<\/p>\n","protected":false},"excerpt":{"rendered":"<p>Aplicador de cola econ\u00f3mico &nbsp; Pistola para cola ecol\u00f3gica: pr\u00e1ctica y vers\u00e1til Pistola para cola ecol\u00f3gica para dosificador de cola vin\u00edlica con boquilla incluida. Fabricada en aluminio estampado, esta pistola para cola econ\u00f3mica est\u00e1 dise\u00f1ada para reducir al m\u00ednimo los tiempos de mantenimiento.<\/p>\n","protected":false},"featured_media":8170,"comment_status":"closed","ping_status":"closed","template":"","meta":{"_acf_changed":false},"product_brand":[],"product_cat":[190,187],"product_tag":[],"class_list":{"0":"post-8174","1":"product","2":"type-product","3":"status-publish","4":"has-post-thumbnail","6":"product_cat-dosificadores-de-pegamento","7":"product_cat-herramientas","9":"first","10":"instock","11":"shipping-taxable","12":"product-type-simple"},"acf":[],"_links":{"self":[{"href":"https:\/\/magazzinimanzanesi.it\/es\/wp-json\/wp\/v2\/product\/8174","targetHints":{"allow":["GET"]}}],"collection":[{"href":"https:\/\/magazzinimanzanesi.it\/es\/wp-json\/wp\/v2\/product"}],"about":[{"href":"https:\/\/magazzinimanzanesi.it\/es\/wp-json\/wp\/v2\/types\/product"}],"replies":[{"embeddable":true,"href":"https:\/\/magazzinimanzanesi.it\/es\/wp-json\/wp\/v2\/comments?post=8174"}],"wp:featuredmedia":[{"embeddable":true,"href":"https:\/\/magazzinimanzanesi.it\/es\/wp-json\/wp\/v2\/media\/8170"}],"wp:attachment":[{"href":"https:\/\/magazzinimanzanesi.it\/es\/wp-json\/wp\/v2\/media?parent=8174"}],"wp:term":[{"taxonomy":"product_brand","embeddable":true,"href":"https:\/\/magazzinimanzanesi.it\/es\/wp-json\/wp\/v2\/product_brand?post=8174"},{"taxonomy":"product_cat","embeddable":true,"href":"https:\/\/magazzinimanzanesi.it\/es\/wp-json\/wp\/v2\/product_cat?post=8174"},{"taxonomy":"product_tag","embeddable":true,"href":"https:\/\/magazzinimanzanesi.it\/es\/wp-json\/wp\/v2\/product_tag?post=8174"}],"curies":[{"name":"wp","href":"https:\/\/api.w.org\/{rel}","templated":true}]}}