{"id":8217,"date":"2025-06-09T14:28:58","date_gmt":"2025-06-09T14:28:58","guid":{"rendered":"https:\/\/magazzinimanzanesi.it\/?post_type=product&#038;p=8217"},"modified":"2025-08-14T09:39:11","modified_gmt":"2025-08-14T09:39:11","slug":"atornillador-de-casquillos-antigripado-copia","status":"publish","type":"product","link":"https:\/\/magazzinimanzanesi.it\/es\/catalogar\/tornilleria\/insertos-para-atornilladora\/atornillador-de-casquillos-antigripado-copia\/","title":{"rendered":"Atornillador para tornillos prisioneros"},"content":{"rendered":"<h1>Atornillador para tornillos prisioneros<\/h1>\n<p>&nbsp;<\/p>\n<h2>Atornillador para tornillos prisioneros: Para atornillados r\u00e1pidos<\/h2>\n<p>Atornillador para tornillos prisioneros para el montaje de tornillos prisioneros, esp\u00e1rragos, tornillos de uni\u00f3n y otros elementos roscados. Conexi\u00f3n de 1\/4\u2033.<\/p>\n<p>&nbsp;<\/p>\n<h3>Atornillador para tornillos prisioneros \u2013 Medidas:<\/h3>\n<p>De M6 a M10<\/p>\n<p>&nbsp;<\/p>\n","protected":false},"excerpt":{"rendered":"<p>Atornillador para tornillos prisioneros &nbsp; Atornillador para tornillos prisioneros: Para atornillados r\u00e1pidos Atornillador para tornillos prisioneros para el montaje de tornillos prisioneros, esp\u00e1rragos, tornillos de uni\u00f3n y otros elementos roscados. Conexi\u00f3n de 1\/4\u2033. &nbsp; Atornillador para tornillos prisioneros \u2013 Medidas: De M6 a M10 &nbsp;<\/p>\n","protected":false},"featured_media":8145,"comment_status":"closed","ping_status":"closed","template":"","meta":{"_acf_changed":false},"product_brand":[],"product_cat":[230,226],"product_tag":[],"class_list":{"0":"post-8217","1":"product","2":"type-product","3":"status-publish","4":"has-post-thumbnail","6":"product_cat-insertos-para-atornilladora","7":"product_cat-tornilleria","9":"first","10":"instock","11":"product-type-simple"},"acf":[],"_links":{"self":[{"href":"https:\/\/magazzinimanzanesi.it\/es\/wp-json\/wp\/v2\/product\/8217","targetHints":{"allow":["GET"]}}],"collection":[{"href":"https:\/\/magazzinimanzanesi.it\/es\/wp-json\/wp\/v2\/product"}],"about":[{"href":"https:\/\/magazzinimanzanesi.it\/es\/wp-json\/wp\/v2\/types\/product"}],"replies":[{"embeddable":true,"href":"https:\/\/magazzinimanzanesi.it\/es\/wp-json\/wp\/v2\/comments?post=8217"}],"wp:featuredmedia":[{"embeddable":true,"href":"https:\/\/magazzinimanzanesi.it\/es\/wp-json\/wp\/v2\/media\/8145"}],"wp:attachment":[{"href":"https:\/\/magazzinimanzanesi.it\/es\/wp-json\/wp\/v2\/media?parent=8217"}],"wp:term":[{"taxonomy":"product_brand","embeddable":true,"href":"https:\/\/magazzinimanzanesi.it\/es\/wp-json\/wp\/v2\/product_brand?post=8217"},{"taxonomy":"product_cat","embeddable":true,"href":"https:\/\/magazzinimanzanesi.it\/es\/wp-json\/wp\/v2\/product_cat?post=8217"},{"taxonomy":"product_tag","embeddable":true,"href":"https:\/\/magazzinimanzanesi.it\/es\/wp-json\/wp\/v2\/product_tag?post=8217"}],"curies":[{"name":"wp","href":"https:\/\/api.w.org\/{rel}","templated":true}]}}