{"id":8222,"date":"2025-06-09T14:54:07","date_gmt":"2025-06-09T14:54:07","guid":{"rendered":"https:\/\/magazzinimanzanesi.it\/?post_type=product&#038;p=8222"},"modified":"2025-08-14T09:09:51","modified_gmt":"2025-08-14T09:09:51","slug":"tuerca-hexagonal-alargada-uni-5535","status":"publish","type":"product","link":"https:\/\/magazzinimanzanesi.it\/es\/catalogar\/tornilleria\/tuercas\/tuerca-hexagonal-alargada-uni-5535\/","title":{"rendered":"Tuerca hexagonal alargada UNI 5535"},"content":{"rendered":"<h1>Tuerca de uni\u00f3n<\/h1>\n<p>&nbsp;<\/p>\n<h2>Tuerca hexagonal alargada UNI 5535: par de apriete m\u00e1ximo<\/h2>\n<p>Tuerca hexagonal alargada UNI 5535 de acero zincado clase 8.8 con rosca m\u00e9trica ISO.<\/p>\n<p>Ideal en contextos que requieren la aplicaci\u00f3n de una uni\u00f3n.<\/p>\n<p>&nbsp;<\/p>\n<h3>Tuerca hexagonal alargada UNI 5535 &#8211; Medidas:<\/h3>\n<p>De M6 a M12<\/p>\n","protected":false},"excerpt":{"rendered":"<p>Tuerca de uni\u00f3n &nbsp; Tuerca hexagonal alargada UNI 5535: par de apriete m\u00e1ximo Tuerca hexagonal alargada UNI 5535 de acero zincado clase 8.8 con rosca m\u00e9trica ISO. Ideal en contextos que requieren la aplicaci\u00f3n de una uni\u00f3n. &nbsp; Tuerca hexagonal alargada UNI 5535 &#8211; Medidas: De M6 a M12<\/p>\n","protected":false},"featured_media":8120,"comment_status":"closed","ping_status":"closed","template":"","meta":{"_acf_changed":false},"product_brand":[],"product_cat":[226,229],"product_tag":[],"class_list":{"0":"post-8222","1":"product","2":"type-product","3":"status-publish","4":"has-post-thumbnail","6":"product_cat-tornilleria","7":"product_cat-tuercas","9":"first","10":"instock","11":"product-type-simple"},"acf":[],"_links":{"self":[{"href":"https:\/\/magazzinimanzanesi.it\/es\/wp-json\/wp\/v2\/product\/8222","targetHints":{"allow":["GET"]}}],"collection":[{"href":"https:\/\/magazzinimanzanesi.it\/es\/wp-json\/wp\/v2\/product"}],"about":[{"href":"https:\/\/magazzinimanzanesi.it\/es\/wp-json\/wp\/v2\/types\/product"}],"replies":[{"embeddable":true,"href":"https:\/\/magazzinimanzanesi.it\/es\/wp-json\/wp\/v2\/comments?post=8222"}],"wp:featuredmedia":[{"embeddable":true,"href":"https:\/\/magazzinimanzanesi.it\/es\/wp-json\/wp\/v2\/media\/8120"}],"wp:attachment":[{"href":"https:\/\/magazzinimanzanesi.it\/es\/wp-json\/wp\/v2\/media?parent=8222"}],"wp:term":[{"taxonomy":"product_brand","embeddable":true,"href":"https:\/\/magazzinimanzanesi.it\/es\/wp-json\/wp\/v2\/product_brand?post=8222"},{"taxonomy":"product_cat","embeddable":true,"href":"https:\/\/magazzinimanzanesi.it\/es\/wp-json\/wp\/v2\/product_cat?post=8222"},{"taxonomy":"product_tag","embeddable":true,"href":"https:\/\/magazzinimanzanesi.it\/es\/wp-json\/wp\/v2\/product_tag?post=8222"}],"curies":[{"name":"wp","href":"https:\/\/api.w.org\/{rel}","templated":true}]}}