{"id":8230,"date":"2025-06-09T15:18:03","date_gmt":"2025-06-09T15:18:03","guid":{"rendered":"https:\/\/magazzinimanzanesi.it\/?post_type=product&#038;p=8230"},"modified":"2025-08-14T08:57:50","modified_gmt":"2025-08-14T08:57:50","slug":"enganche-cuadrado","status":"publish","type":"product","link":"https:\/\/magazzinimanzanesi.it\/es\/catalogar\/para-muebles\/escuadras\/enganche-cuadrado\/","title":{"rendered":"Enganche cuadrado"},"content":{"rendered":"<h1>Uni\u00f3n cuadrada<\/h1>\n<p>&nbsp;<\/p>\n<h2>Enganche cuadrado: Enganche r\u00e1pido<\/h2>\n<p>Enganche cuadrado de hierro dise\u00f1ado para la uni\u00f3n por encaje de paneles.<\/p>\n<h3><\/h3>\n<h3>Enganche cuadrado \u2013 Medidas:<\/h3>\n<p>45&#215;45 mm<\/p>\n<p>&nbsp;<\/p>\n<p>Bajo pedido, diferentes tratamientos galv\u00e1nicos.<\/p>\n","protected":false},"excerpt":{"rendered":"<p>Uni\u00f3n cuadrada &nbsp; Enganche cuadrado: Enganche r\u00e1pido Enganche cuadrado de hierro dise\u00f1ado para la uni\u00f3n por encaje de paneles. Enganche cuadrado \u2013 Medidas: 45&#215;45 mm &nbsp; Bajo pedido, diferentes tratamientos galv\u00e1nicos.<\/p>\n","protected":false},"featured_media":8150,"comment_status":"closed","ping_status":"closed","template":"","meta":{"_acf_changed":false},"product_brand":[],"product_cat":[214,201],"product_tag":[],"class_list":{"0":"post-8230","1":"product","2":"type-product","3":"status-publish","4":"has-post-thumbnail","6":"product_cat-escuadras","7":"product_cat-para-muebles","9":"first","10":"instock","11":"product-type-simple"},"acf":[],"_links":{"self":[{"href":"https:\/\/magazzinimanzanesi.it\/es\/wp-json\/wp\/v2\/product\/8230","targetHints":{"allow":["GET"]}}],"collection":[{"href":"https:\/\/magazzinimanzanesi.it\/es\/wp-json\/wp\/v2\/product"}],"about":[{"href":"https:\/\/magazzinimanzanesi.it\/es\/wp-json\/wp\/v2\/types\/product"}],"replies":[{"embeddable":true,"href":"https:\/\/magazzinimanzanesi.it\/es\/wp-json\/wp\/v2\/comments?post=8230"}],"wp:featuredmedia":[{"embeddable":true,"href":"https:\/\/magazzinimanzanesi.it\/es\/wp-json\/wp\/v2\/media\/8150"}],"wp:attachment":[{"href":"https:\/\/magazzinimanzanesi.it\/es\/wp-json\/wp\/v2\/media?parent=8230"}],"wp:term":[{"taxonomy":"product_brand","embeddable":true,"href":"https:\/\/magazzinimanzanesi.it\/es\/wp-json\/wp\/v2\/product_brand?post=8230"},{"taxonomy":"product_cat","embeddable":true,"href":"https:\/\/magazzinimanzanesi.it\/es\/wp-json\/wp\/v2\/product_cat?post=8230"},{"taxonomy":"product_tag","embeddable":true,"href":"https:\/\/magazzinimanzanesi.it\/es\/wp-json\/wp\/v2\/product_tag?post=8230"}],"curies":[{"name":"wp","href":"https:\/\/api.w.org\/{rel}","templated":true}]}}