{"id":8313,"date":"2025-07-08T14:49:29","date_gmt":"2025-07-08T14:49:29","guid":{"rendered":"https:\/\/magazzinimanzanesi.it\/?post_type=product&#038;p=8313"},"modified":"2025-08-14T08:39:09","modified_gmt":"2025-08-14T08:39:09","slug":"tornillo-4-8-tcce-uni-5931-copia","status":"publish","type":"product","link":"https:\/\/magazzinimanzanesi.it\/es\/catalogar\/tornilleria\/tornillos-metricos\/tornillo-4-8-tcce-uni-5931-copia\/","title":{"rendered":"Tornillos TBCE ISO 7380"},"content":{"rendered":"<h1>Tornillos de cabeza redondeada<\/h1>\n<p>&nbsp;<\/p>\n<h2>Tornillos TBCE ISO7380: Ranura hexagonal para un apriete seguro<\/h2>\n<p>Tornillos TBCE ISO7380 de cabeza redondeada con ranura hexagonal y rosca m\u00e9trica ISO destinados a la fijaci\u00f3n de elementos de hierro. Fabricados en acero de clase 10.9 para la aplicaci\u00f3n de un alto par de apriete y una elevada resistencia a la carga de rotura.<\/p>\n<p>&nbsp;<\/p>\n<h3>Tornillos TBCE ISO7380 \u2013 Medidas:<\/h3>\n<p>\u2022 De M4x14 a M8x110<\/p>\n<p>&nbsp;<\/p>\n<p><strong>Acabados bajo pedido:<br \/>\n<\/strong>\u2022 bru\u00f1ido<br \/>\n\u2022 galvanizado blanco<br \/>\n\u2022 galvanizado amarillo<br \/>\n\u2022 galvanizado negro<br \/>\n\u2022 niquelado<\/p>\n","protected":false},"excerpt":{"rendered":"<p>Tornillos de cabeza redondeada &nbsp; Tornillos TBCE ISO7380: Ranura hexagonal para un apriete seguro Tornillos TBCE ISO7380 de cabeza redondeada con ranura hexagonal y rosca m\u00e9trica ISO destinados a la fijaci\u00f3n de elementos de hierro. Fabricados en acero de clase 10.9 para la aplicaci\u00f3n de un alto par de apriete y una elevada resistencia a [&hellip;]<\/p>\n","protected":false},"featured_media":8284,"comment_status":"closed","ping_status":"closed","template":"","meta":{"_acf_changed":false},"product_brand":[],"product_cat":[226,234],"product_tag":[],"class_list":{"0":"post-8313","1":"product","2":"type-product","3":"status-publish","4":"has-post-thumbnail","6":"product_cat-tornilleria","7":"product_cat-tornillos-metricos","9":"first","10":"instock","11":"product-type-simple"},"acf":[],"_links":{"self":[{"href":"https:\/\/magazzinimanzanesi.it\/es\/wp-json\/wp\/v2\/product\/8313","targetHints":{"allow":["GET"]}}],"collection":[{"href":"https:\/\/magazzinimanzanesi.it\/es\/wp-json\/wp\/v2\/product"}],"about":[{"href":"https:\/\/magazzinimanzanesi.it\/es\/wp-json\/wp\/v2\/types\/product"}],"replies":[{"embeddable":true,"href":"https:\/\/magazzinimanzanesi.it\/es\/wp-json\/wp\/v2\/comments?post=8313"}],"wp:featuredmedia":[{"embeddable":true,"href":"https:\/\/magazzinimanzanesi.it\/es\/wp-json\/wp\/v2\/media\/8284"}],"wp:attachment":[{"href":"https:\/\/magazzinimanzanesi.it\/es\/wp-json\/wp\/v2\/media?parent=8313"}],"wp:term":[{"taxonomy":"product_brand","embeddable":true,"href":"https:\/\/magazzinimanzanesi.it\/es\/wp-json\/wp\/v2\/product_brand?post=8313"},{"taxonomy":"product_cat","embeddable":true,"href":"https:\/\/magazzinimanzanesi.it\/es\/wp-json\/wp\/v2\/product_cat?post=8313"},{"taxonomy":"product_tag","embeddable":true,"href":"https:\/\/magazzinimanzanesi.it\/es\/wp-json\/wp\/v2\/product_tag?post=8313"}],"curies":[{"name":"wp","href":"https:\/\/api.w.org\/{rel}","templated":true}]}}