{"id":8318,"date":"2025-07-08T15:06:44","date_gmt":"2025-07-08T15:06:44","guid":{"rendered":"https:\/\/magazzinimanzanesi.it\/?post_type=product&#038;p=8318"},"modified":"2025-08-14T08:25:46","modified_gmt":"2025-08-14T08:25:46","slug":"protector-con-clavo-de-plastico-y-fieltro-redondo","status":"publish","type":"product","link":"https:\/\/magazzinimanzanesi.it\/es\/catalogar\/parachoques-y-pies\/paragolpes-con-clavo\/protector-con-clavo-de-plastico-y-fieltro-redondo\/","title":{"rendered":"Protector con clavo de pl\u00e1stico y fieltro redondo"},"content":{"rendered":"<h1>Patas de pl\u00e1stico y fieltro con clavo redondo<\/h1>\n<p>&nbsp;<\/p>\n<h2>Protector con clavo de pl\u00e1stico y fieltro redondo: suave y silencioso<\/h2>\n<p>Las patas protectoras con clavo de pl\u00e1stico y fieltro redondo son especialmente adecuadas como base para sillas y muebles que se apoyan sobre suelos delicados, como los de madera, o para superficies que requieren mayor cuidado. La fabricaci\u00f3n de la pata prev\u00e9 que el fieltro se funda en el pl\u00e1stico, en lugar de pegarse. Esto evita que las dos partes se separen, garantizando as\u00ed una gran resistencia y una larga duraci\u00f3n.<\/p>\n<p>&nbsp;<\/p>\n<h3>Protectores con clavo de pl\u00e1stico y fieltro redondo &#8211; Medidas:<\/h3>\n<p>\u2022 \u00d8 pl\u00e1stico de 16 mm a 31 mm<br \/>\n\u2022 \u00d8 fieltro de 14 mm a 28 mm<br \/>\n\u2022 altura total 8 mm<br \/>\n\u2022 grosor del fieltro 5 mm<br \/>\n\u2022 longitud del clavo 13 mm<\/p>\n<p>&nbsp;<\/p>\n<p><strong>Colores disponibles::<\/strong><br \/>\n\u2022 blanco con fieltro blanco<br \/>\n\u2022 marr\u00f3n con fieltro marr\u00f3n<br \/>\n\u2022 negro con fieltro marr\u00f3n<\/p>\n","protected":false},"excerpt":{"rendered":"<p>Patas de pl\u00e1stico y fieltro con clavo redondo &nbsp; Protector con clavo de pl\u00e1stico y fieltro redondo: suave y silencioso Las patas protectoras con clavo de pl\u00e1stico y fieltro redondo son especialmente adecuadas como base para sillas y muebles que se apoyan sobre suelos delicados, como los de madera, o para superficies que requieren mayor [&hellip;]<\/p>\n","protected":false},"featured_media":8294,"comment_status":"closed","ping_status":"closed","template":"","meta":{"_acf_changed":false},"product_brand":[],"product_cat":[195,194],"product_tag":[],"class_list":{"0":"post-8318","1":"product","2":"type-product","3":"status-publish","4":"has-post-thumbnail","6":"product_cat-paragolpes-con-clavo","7":"product_cat-parachoques-y-pies","9":"first","10":"instock","11":"product-type-simple"},"acf":[],"_links":{"self":[{"href":"https:\/\/magazzinimanzanesi.it\/es\/wp-json\/wp\/v2\/product\/8318","targetHints":{"allow":["GET"]}}],"collection":[{"href":"https:\/\/magazzinimanzanesi.it\/es\/wp-json\/wp\/v2\/product"}],"about":[{"href":"https:\/\/magazzinimanzanesi.it\/es\/wp-json\/wp\/v2\/types\/product"}],"replies":[{"embeddable":true,"href":"https:\/\/magazzinimanzanesi.it\/es\/wp-json\/wp\/v2\/comments?post=8318"}],"wp:featuredmedia":[{"embeddable":true,"href":"https:\/\/magazzinimanzanesi.it\/es\/wp-json\/wp\/v2\/media\/8294"}],"wp:attachment":[{"href":"https:\/\/magazzinimanzanesi.it\/es\/wp-json\/wp\/v2\/media?parent=8318"}],"wp:term":[{"taxonomy":"product_brand","embeddable":true,"href":"https:\/\/magazzinimanzanesi.it\/es\/wp-json\/wp\/v2\/product_brand?post=8318"},{"taxonomy":"product_cat","embeddable":true,"href":"https:\/\/magazzinimanzanesi.it\/es\/wp-json\/wp\/v2\/product_cat?post=8318"},{"taxonomy":"product_tag","embeddable":true,"href":"https:\/\/magazzinimanzanesi.it\/es\/wp-json\/wp\/v2\/product_tag?post=8318"}],"curies":[{"name":"wp","href":"https:\/\/api.w.org\/{rel}","templated":true}]}}