{"id":8323,"date":"2025-07-09T07:15:49","date_gmt":"2025-07-09T07:15:49","guid":{"rendered":"https:\/\/magazzinimanzanesi.it\/?post_type=product&#038;p=8323"},"modified":"2025-08-13T15:09:44","modified_gmt":"2025-08-13T15:09:44","slug":"rampas-de-acero-fieltro-con-tornillo-copia","status":"publish","type":"product","link":"https:\/\/magazzinimanzanesi.it\/es\/catalogar\/parachoques-y-pies\/paragolpes-con-tornillo\/rampas-de-acero-fieltro-con-tornillo-copia\/","title":{"rendered":"Deslizadores de pl\u00e1stico y fieltro con tornillo"},"content":{"rendered":"<h1>Patas de pl\u00e1stico y fieltro con tornillo<\/h1>\n<p>&nbsp;<\/p>\n<h2>Deslizadores de pl\u00e1stico y fieltro con tornillo: resistentes y delicados<\/h2>\n<p>Deslizador de pl\u00e1stico y fieltro con tornillo (PZ1). La estructura de pl\u00e1stico hace que este pie sea ligero y resistente, mientras que la base de fieltro lo hace ideal para su uso en superficies delicadas como el parquet.<\/p>\n<p>Protecci\u00f3n estable y duradera para muebles y superficies delicadas.<br \/>\nResistentes, f\u00e1ciles de instalar y de sustituir.<\/p>\n<p>&nbsp;<\/p>\n<h3>Deslizadores de pl\u00e1stico y fieltro con tornillo &#8211; Medidas:<\/h3>\n<p>pl\u00e1stico: h 2 mm<\/p>\n<p>fieltro: h 6 mm<\/p>\n<p>tornillo: PZ1<\/p>\n<p>&nbsp;<\/p>\n","protected":false},"excerpt":{"rendered":"<p>Patas de pl\u00e1stico y fieltro con tornillo &nbsp; Deslizadores de pl\u00e1stico y fieltro con tornillo: resistentes y delicados Deslizador de pl\u00e1stico y fieltro con tornillo (PZ1). La estructura de pl\u00e1stico hace que este pie sea ligero y resistente, mientras que la base de fieltro lo hace ideal para su uso en superficies delicadas como el [&hellip;]<\/p>\n","protected":false},"featured_media":8339,"comment_status":"closed","ping_status":"closed","template":"","meta":{"_acf_changed":false},"product_brand":[],"product_cat":[196,194],"product_tag":[],"class_list":{"0":"post-8323","1":"product","2":"type-product","3":"status-publish","4":"has-post-thumbnail","6":"product_cat-paragolpes-con-tornillo","7":"product_cat-parachoques-y-pies","9":"first","10":"instock","11":"shipping-taxable","12":"product-type-simple"},"acf":[],"_links":{"self":[{"href":"https:\/\/magazzinimanzanesi.it\/es\/wp-json\/wp\/v2\/product\/8323","targetHints":{"allow":["GET"]}}],"collection":[{"href":"https:\/\/magazzinimanzanesi.it\/es\/wp-json\/wp\/v2\/product"}],"about":[{"href":"https:\/\/magazzinimanzanesi.it\/es\/wp-json\/wp\/v2\/types\/product"}],"replies":[{"embeddable":true,"href":"https:\/\/magazzinimanzanesi.it\/es\/wp-json\/wp\/v2\/comments?post=8323"}],"wp:featuredmedia":[{"embeddable":true,"href":"https:\/\/magazzinimanzanesi.it\/es\/wp-json\/wp\/v2\/media\/8339"}],"wp:attachment":[{"href":"https:\/\/magazzinimanzanesi.it\/es\/wp-json\/wp\/v2\/media?parent=8323"}],"wp:term":[{"taxonomy":"product_brand","embeddable":true,"href":"https:\/\/magazzinimanzanesi.it\/es\/wp-json\/wp\/v2\/product_brand?post=8323"},{"taxonomy":"product_cat","embeddable":true,"href":"https:\/\/magazzinimanzanesi.it\/es\/wp-json\/wp\/v2\/product_cat?post=8323"},{"taxonomy":"product_tag","embeddable":true,"href":"https:\/\/magazzinimanzanesi.it\/es\/wp-json\/wp\/v2\/product_tag?post=8323"}],"curies":[{"name":"wp","href":"https:\/\/api.w.org\/{rel}","templated":true}]}}