{"id":8343,"date":"2025-07-09T08:19:05","date_gmt":"2025-07-09T08:19:05","guid":{"rendered":"https:\/\/magazzinimanzanesi.it\/?post_type=product&#038;p=8343"},"modified":"2025-08-14T07:53:18","modified_gmt":"2025-08-14T07:53:18","slug":"deslizadores-de-plastico-y-fieltro-redondo-con-tornillo","status":"publish","type":"product","link":"https:\/\/magazzinimanzanesi.it\/es\/catalogar\/parachoques-y-pies\/paragolpes-con-tornillo\/deslizadores-de-plastico-y-fieltro-redondo-con-tornillo\/","title":{"rendered":"Deslizadores de pl\u00e1stico y fieltro redondo con tornillo"},"content":{"rendered":"<h1>Patas de pl\u00e1stico y fieltro redondo con tornillo<\/h1>\n<p>&nbsp;<\/p>\n<h2>Deslizadores de pl\u00e1stico y fieltro redondo con tornillo: resistentes y delicados<\/h2>\n<p>Deslizador de pl\u00e1stico y fieltro redondo con tornillo (PZ1). La estructura de pl\u00e1stico hace que este pie sea ligero y resistente, mientras que la base de fieltro redonda lo hace ideal para su uso en patas inclinadas.<\/p>\n<p>Protecci\u00f3n estable y duradera para muebles y superficies delicadas.<br \/>\nResistentes, f\u00e1ciles de instalar y de sustituir.<\/p>\n<h3>Deslizadores de pl\u00e1stico y fieltro redondo con tornillo \u2013 Medidas:<\/h3>\n<p>pl\u00e1stico: h 2 mm<\/p>\n<p>fieltro: h 10 mm<\/p>\n<p>tornillo: PZ1<\/p>\n<p>&nbsp;<\/p>\n","protected":false},"excerpt":{"rendered":"<p>Patas de pl\u00e1stico y fieltro redondo con tornillo &nbsp; Deslizadores de pl\u00e1stico y fieltro redondo con tornillo: resistentes y delicados Deslizador de pl\u00e1stico y fieltro redondo con tornillo (PZ1). La estructura de pl\u00e1stico hace que este pie sea ligero y resistente, mientras que la base de fieltro redonda lo hace ideal para su uso en [&hellip;]<\/p>\n","protected":false},"featured_media":8334,"comment_status":"closed","ping_status":"closed","template":"","meta":{"_acf_changed":false},"product_brand":[],"product_cat":[196,194],"product_tag":[876],"class_list":{"0":"post-8343","1":"product","2":"type-product","3":"status-publish","4":"has-post-thumbnail","6":"product_cat-paragolpes-con-tornillo","7":"product_cat-parachoques-y-pies","8":"product_tag-scivoli-plastica-e-feltro-tondo-con-vite-es","10":"first","11":"instock","12":"shipping-taxable","13":"product-type-simple"},"acf":[],"_links":{"self":[{"href":"https:\/\/magazzinimanzanesi.it\/es\/wp-json\/wp\/v2\/product\/8343","targetHints":{"allow":["GET"]}}],"collection":[{"href":"https:\/\/magazzinimanzanesi.it\/es\/wp-json\/wp\/v2\/product"}],"about":[{"href":"https:\/\/magazzinimanzanesi.it\/es\/wp-json\/wp\/v2\/types\/product"}],"replies":[{"embeddable":true,"href":"https:\/\/magazzinimanzanesi.it\/es\/wp-json\/wp\/v2\/comments?post=8343"}],"wp:featuredmedia":[{"embeddable":true,"href":"https:\/\/magazzinimanzanesi.it\/es\/wp-json\/wp\/v2\/media\/8334"}],"wp:attachment":[{"href":"https:\/\/magazzinimanzanesi.it\/es\/wp-json\/wp\/v2\/media?parent=8343"}],"wp:term":[{"taxonomy":"product_brand","embeddable":true,"href":"https:\/\/magazzinimanzanesi.it\/es\/wp-json\/wp\/v2\/product_brand?post=8343"},{"taxonomy":"product_cat","embeddable":true,"href":"https:\/\/magazzinimanzanesi.it\/es\/wp-json\/wp\/v2\/product_cat?post=8343"},{"taxonomy":"product_tag","embeddable":true,"href":"https:\/\/magazzinimanzanesi.it\/es\/wp-json\/wp\/v2\/product_tag?post=8343"}],"curies":[{"name":"wp","href":"https:\/\/api.w.org\/{rel}","templated":true}]}}