{"id":4353,"date":"2022-08-24T07:04:27","date_gmt":"2022-08-24T07:04:27","guid":{"rendered":"https:\/\/magazzinimanzanesi.it\/?page_id=4353"},"modified":"2022-08-24T07:20:09","modified_gmt":"2022-08-24T07:20:09","slug":"merci-devis","status":"publish","type":"page","link":"https:\/\/magazzinimanzanesi.it\/fr\/merci-devis\/","title":{"rendered":"Merci devis"},"content":{"rendered":"<p>Merci de nous avoir contact\u00e9!<br \/>\nNous vous \u00e9crirons dans les plus brefs d\u00e9lais pour r\u00e9pondre \u00e0 toutes vos questions.<\/p>\n<p>\u00c0 bient\u00f4t!<\/p>\n","protected":false},"excerpt":{"rendered":"<p>Merci de nous avoir contact\u00e9! Nous vous \u00e9crirons dans les plus brefs d\u00e9lais pour r\u00e9pondre \u00e0 toutes vos questions. \u00c0 bient\u00f4t!<\/p>\n","protected":false},"author":2,"featured_media":0,"parent":0,"menu_order":0,"comment_status":"closed","ping_status":"closed","template":"","meta":{"_acf_changed":false,"footnotes":""},"class_list":["post-4353","page","type-page","status-publish","hentry"],"acf":[],"_links":{"self":[{"href":"https:\/\/magazzinimanzanesi.it\/fr\/wp-json\/wp\/v2\/pages\/4353","targetHints":{"allow":["GET"]}}],"collection":[{"href":"https:\/\/magazzinimanzanesi.it\/fr\/wp-json\/wp\/v2\/pages"}],"about":[{"href":"https:\/\/magazzinimanzanesi.it\/fr\/wp-json\/wp\/v2\/types\/page"}],"author":[{"embeddable":true,"href":"https:\/\/magazzinimanzanesi.it\/fr\/wp-json\/wp\/v2\/users\/2"}],"replies":[{"embeddable":true,"href":"https:\/\/magazzinimanzanesi.it\/fr\/wp-json\/wp\/v2\/comments?post=4353"}],"version-history":[{"count":1,"href":"https:\/\/magazzinimanzanesi.it\/fr\/wp-json\/wp\/v2\/pages\/4353\/revisions"}],"predecessor-version":[{"id":4354,"href":"https:\/\/magazzinimanzanesi.it\/fr\/wp-json\/wp\/v2\/pages\/4353\/revisions\/4354"}],"wp:attachment":[{"href":"https:\/\/magazzinimanzanesi.it\/fr\/wp-json\/wp\/v2\/media?parent=4353"}],"curies":[{"name":"wp","href":"https:\/\/api.w.org\/{rel}","templated":true}]}}