{"id":1801,"date":"2022-03-01T14:23:00","date_gmt":"2022-03-01T14:23:00","guid":{"rendered":"http:\/\/magazzinimanzanesi.overpx.com\/catalogo\/non class\u00e9\/pied-reglable-2\/"},"modified":"2022-03-01T14:23:00","modified_gmt":"2022-03-01T14:23:00","slug":"pied-reglable-2","status":"publish","type":"product","link":"https:\/\/magazzinimanzanesi.it\/fr\/catalogue\/pare-coups-et-pieds\/pieds-reglables\/pied-reglable-2\/","title":{"rendered":"Pied r\u00e9glable"},"content":{"rendered":"<p>Pied r\u00e9glable hexagonal 25mm avec broche filet\u00e9e<\/p>\n","protected":false},"excerpt":{"rendered":"<p>Pied r\u00e9glable hexagonal 25mm avec broche filet\u00e9e<\/p>\n","protected":false},"featured_media":8153,"comment_status":"open","ping_status":"closed","template":"","meta":{"_acf_changed":false},"product_brand":[],"product_cat":[145,149],"product_tag":[],"class_list":{"0":"post-1801","1":"product","2":"type-product","3":"status-publish","4":"has-post-thumbnail","6":"product_cat-pare-coups-et-pieds","7":"product_cat-pieds-reglables","9":"first","10":"instock","11":"product-type-simple"},"acf":[],"_links":{"self":[{"href":"https:\/\/magazzinimanzanesi.it\/fr\/wp-json\/wp\/v2\/product\/1801","targetHints":{"allow":["GET"]}}],"collection":[{"href":"https:\/\/magazzinimanzanesi.it\/fr\/wp-json\/wp\/v2\/product"}],"about":[{"href":"https:\/\/magazzinimanzanesi.it\/fr\/wp-json\/wp\/v2\/types\/product"}],"replies":[{"embeddable":true,"href":"https:\/\/magazzinimanzanesi.it\/fr\/wp-json\/wp\/v2\/comments?post=1801"}],"wp:featuredmedia":[{"embeddable":true,"href":"https:\/\/magazzinimanzanesi.it\/fr\/wp-json\/wp\/v2\/media\/8153"}],"wp:attachment":[{"href":"https:\/\/magazzinimanzanesi.it\/fr\/wp-json\/wp\/v2\/media?parent=1801"}],"wp:term":[{"taxonomy":"product_brand","embeddable":true,"href":"https:\/\/magazzinimanzanesi.it\/fr\/wp-json\/wp\/v2\/product_brand?post=1801"},{"taxonomy":"product_cat","embeddable":true,"href":"https:\/\/magazzinimanzanesi.it\/fr\/wp-json\/wp\/v2\/product_cat?post=1801"},{"taxonomy":"product_tag","embeddable":true,"href":"https:\/\/magazzinimanzanesi.it\/fr\/wp-json\/wp\/v2\/product_tag?post=1801"}],"curies":[{"name":"wp","href":"https:\/\/api.w.org\/{rel}","templated":true}]}}