{"id":1804,"date":"2022-03-01T14:23:00","date_gmt":"2022-03-01T14:23:00","guid":{"rendered":"http:\/\/magazzinimanzanesi.overpx.com\/catalogo\/non%20class\u00e9\/sachets-quincaillerie\/"},"modified":"2025-07-01T13:08:32","modified_gmt":"2025-07-01T13:08:32","slug":"sachets-quincaillerie","status":"publish","type":"product","link":"https:\/\/magazzinimanzanesi.it\/fr\/catalogue\/senza-categoria\/sachets-quincaillerie\/","title":{"rendered":"Mat\u00e9riel d&#8217;emballage"},"content":{"rendered":"<h1>Kit de montage<\/h1>\n<p>&nbsp;<\/p>\n<h2>Emballage du mat\u00e9riel : sur demande<\/h2>\n<p>Gr\u00e2ce \u00e0 son propre service d&#8217;emballage, Magazzini Manzanesi g\u00e8re le service en interne, en garantissant des d\u00e9lais de livraison courts et en r\u00e9pondant \u00e0 toutes les exigences des clients, telles que l&#8217;emballage de petits lots, l&#8217;emballage personnalis\u00e9 et les demandes de derni\u00e8re minute.<\/p>\n<p>&nbsp;<\/p>\n","protected":false},"excerpt":{"rendered":"<p><video \n  src=\"https:\/\/magazzinimanzanesi.it\/wp-content\/uploads\/2024\/05\/confezionamento.mp4\" \n  controls \n  style=\"width: 100%; height: auto;\" \n  preload=\"metadata\"\n><\/video><\/p>\n","protected":false},"featured_media":4669,"comment_status":"open","ping_status":"closed","template":"","meta":{"_acf_changed":false},"product_brand":[],"product_cat":[15],"product_tag":[728],"class_list":{"0":"post-1804","1":"product","2":"type-product","3":"status-publish","4":"has-post-thumbnail","6":"product_cat-senza-categoria","7":"product_tag-materiel-demballage","9":"first","10":"instock","11":"product-type-simple"},"acf":[],"_links":{"self":[{"href":"https:\/\/magazzinimanzanesi.it\/fr\/wp-json\/wp\/v2\/product\/1804","targetHints":{"allow":["GET"]}}],"collection":[{"href":"https:\/\/magazzinimanzanesi.it\/fr\/wp-json\/wp\/v2\/product"}],"about":[{"href":"https:\/\/magazzinimanzanesi.it\/fr\/wp-json\/wp\/v2\/types\/product"}],"replies":[{"embeddable":true,"href":"https:\/\/magazzinimanzanesi.it\/fr\/wp-json\/wp\/v2\/comments?post=1804"}],"wp:featuredmedia":[{"embeddable":true,"href":"https:\/\/magazzinimanzanesi.it\/fr\/wp-json\/wp\/v2\/media\/4669"}],"wp:attachment":[{"href":"https:\/\/magazzinimanzanesi.it\/fr\/wp-json\/wp\/v2\/media?parent=1804"}],"wp:term":[{"taxonomy":"product_brand","embeddable":true,"href":"https:\/\/magazzinimanzanesi.it\/fr\/wp-json\/wp\/v2\/product_brand?post=1804"},{"taxonomy":"product_cat","embeddable":true,"href":"https:\/\/magazzinimanzanesi.it\/fr\/wp-json\/wp\/v2\/product_cat?post=1804"},{"taxonomy":"product_tag","embeddable":true,"href":"https:\/\/magazzinimanzanesi.it\/fr\/wp-json\/wp\/v2\/product_tag?post=1804"}],"curies":[{"name":"wp","href":"https:\/\/api.w.org\/{rel}","templated":true}]}}