{"id":1897,"date":"2022-03-01T14:22:50","date_gmt":"2022-03-01T14:22:50","guid":{"rendered":"https:\/\/magazzinimanzanesi.overpx.com\/catalogo\/non class\u00e9\/ecrous-hexagonaux-moyens-uni-5588\/"},"modified":"2022-03-01T14:22:50","modified_gmt":"2022-03-01T14:22:50","slug":"ecrous-hexagonaux-moyens-uni-5588","status":"publish","type":"product","link":"https:\/\/magazzinimanzanesi.it\/fr\/catalogue\/visserie\/ecrous\/ecrous-hexagonaux-moyens-uni-5588\/","title":{"rendered":"\u00c9crous hexagonaux moyens UNI 5588"},"content":{"rendered":"<p>\u00c9crous hexagonaux moyens en acier zingu\u00e9 UNI 5588 classe 8<\/p>\n","protected":false},"excerpt":{"rendered":"<p>\u00c9crous hexagonaux moyens en acier zingu\u00e9 UNI 5588 classe 8<\/p>\n","protected":false},"featured_media":5668,"comment_status":"open","ping_status":"closed","template":"","meta":{"_acf_changed":false},"product_brand":[],"product_cat":[180,177],"product_tag":[],"class_list":{"0":"post-1897","1":"product","2":"type-product","3":"status-publish","4":"has-post-thumbnail","6":"product_cat-ecrous","7":"product_cat-visserie","9":"first","10":"instock","11":"product-type-simple"},"acf":[],"_links":{"self":[{"href":"https:\/\/magazzinimanzanesi.it\/fr\/wp-json\/wp\/v2\/product\/1897","targetHints":{"allow":["GET"]}}],"collection":[{"href":"https:\/\/magazzinimanzanesi.it\/fr\/wp-json\/wp\/v2\/product"}],"about":[{"href":"https:\/\/magazzinimanzanesi.it\/fr\/wp-json\/wp\/v2\/types\/product"}],"replies":[{"embeddable":true,"href":"https:\/\/magazzinimanzanesi.it\/fr\/wp-json\/wp\/v2\/comments?post=1897"}],"wp:featuredmedia":[{"embeddable":true,"href":"https:\/\/magazzinimanzanesi.it\/fr\/wp-json\/wp\/v2\/media\/5668"}],"wp:attachment":[{"href":"https:\/\/magazzinimanzanesi.it\/fr\/wp-json\/wp\/v2\/media?parent=1897"}],"wp:term":[{"taxonomy":"product_brand","embeddable":true,"href":"https:\/\/magazzinimanzanesi.it\/fr\/wp-json\/wp\/v2\/product_brand?post=1897"},{"taxonomy":"product_cat","embeddable":true,"href":"https:\/\/magazzinimanzanesi.it\/fr\/wp-json\/wp\/v2\/product_cat?post=1897"},{"taxonomy":"product_tag","embeddable":true,"href":"https:\/\/magazzinimanzanesi.it\/fr\/wp-json\/wp\/v2\/product_tag?post=1897"}],"curies":[{"name":"wp","href":"https:\/\/api.w.org\/{rel}","templated":true}]}}