{"id":1898,"date":"2022-03-01T14:22:44","date_gmt":"2022-03-01T14:22:44","guid":{"rendered":"https:\/\/magazzinimanzanesi.overpx.com\/catalogo\/non%20class\u00e9\/doseur-pour-colle-de-20-litres-en-acier-inox\/"},"modified":"2022-08-10T13:24:43","modified_gmt":"2022-08-10T13:24:43","slug":"doseur-pour-colle-de-20-litres-en-acier-inox","status":"publish","type":"product","link":"https:\/\/magazzinimanzanesi.it\/fr\/catalogue\/outils\/doseurs-a-colle\/doseur-pour-colle-de-20-litres-en-acier-inox\/","title":{"rendered":"Doseur pour colle de 10 ou 20 litres en acier inox"},"content":{"rendered":"<p>Article dot\u00e9 d&#8217;un r\u00e9gulateur de pression, tube + pistolet, vanne de s\u00e9curit\u00e9 \u00e9talonn\u00e9e \u00e0 5 atmosph\u00e8res.<\/p>\n","protected":false},"excerpt":{"rendered":"<p>Article dot\u00e9 d&#8217;un r\u00e9gulateur de pression, tube + pistolet, vanne de s\u00e9curit\u00e9 \u00e9talonn\u00e9e \u00e0 5 atmosph\u00e8res.<\/p>\n","protected":false},"featured_media":4709,"comment_status":"closed","ping_status":"closed","template":"","meta":{"_acf_changed":false},"product_brand":[],"product_cat":[141,138],"product_tag":[],"class_list":{"0":"post-1898","1":"product","2":"type-product","3":"status-publish","4":"has-post-thumbnail","6":"product_cat-doseurs-a-colle","7":"product_cat-outils","9":"first","10":"instock","11":"shipping-taxable","12":"product-type-simple"},"acf":[],"_links":{"self":[{"href":"https:\/\/magazzinimanzanesi.it\/fr\/wp-json\/wp\/v2\/product\/1898","targetHints":{"allow":["GET"]}}],"collection":[{"href":"https:\/\/magazzinimanzanesi.it\/fr\/wp-json\/wp\/v2\/product"}],"about":[{"href":"https:\/\/magazzinimanzanesi.it\/fr\/wp-json\/wp\/v2\/types\/product"}],"replies":[{"embeddable":true,"href":"https:\/\/magazzinimanzanesi.it\/fr\/wp-json\/wp\/v2\/comments?post=1898"}],"wp:featuredmedia":[{"embeddable":true,"href":"https:\/\/magazzinimanzanesi.it\/fr\/wp-json\/wp\/v2\/media\/4709"}],"wp:attachment":[{"href":"https:\/\/magazzinimanzanesi.it\/fr\/wp-json\/wp\/v2\/media?parent=1898"}],"wp:term":[{"taxonomy":"product_brand","embeddable":true,"href":"https:\/\/magazzinimanzanesi.it\/fr\/wp-json\/wp\/v2\/product_brand?post=1898"},{"taxonomy":"product_cat","embeddable":true,"href":"https:\/\/magazzinimanzanesi.it\/fr\/wp-json\/wp\/v2\/product_cat?post=1898"},{"taxonomy":"product_tag","embeddable":true,"href":"https:\/\/magazzinimanzanesi.it\/fr\/wp-json\/wp\/v2\/product_tag?post=1898"}],"curies":[{"name":"wp","href":"https:\/\/api.w.org\/{rel}","templated":true}]}}