{"id":1901,"date":"2022-03-01T14:22:46","date_gmt":"2022-03-01T14:22:46","guid":{"rendered":"https:\/\/magazzinimanzanesi.overpx.com\/catalogo\/non class\u00e9\/embout-a-emmanchement\/"},"modified":"2022-03-01T14:22:46","modified_gmt":"2022-03-01T14:22:46","slug":"embout-a-emmanchement","status":"publish","type":"product","link":"https:\/\/magazzinimanzanesi.it\/fr\/catalogue\/visserie\/inserts-pour-visseuse\/embout-a-emmanchement\/","title":{"rendered":"Embout \u00e0 emmanchement"},"content":{"rendered":"<p>Embout \u00e0 emmanchement filet\u00e9 5 MA\u00a0empreinte cruciforme PH\/PZ (pour visseuses automatiques)<\/p>\n","protected":false},"excerpt":{"rendered":"<p>Embout \u00e0 emmanchement filet\u00e9 5 MA\u00a0empreinte cruciforme PH\/PZ (pour visseuses automatiques)<\/p>\n","protected":false},"featured_media":4854,"comment_status":"open","ping_status":"closed","template":"","meta":{"_acf_changed":false},"product_brand":[],"product_cat":[181,177],"product_tag":[],"class_list":{"0":"post-1901","1":"product","2":"type-product","3":"status-publish","4":"has-post-thumbnail","6":"product_cat-inserts-pour-visseuse","7":"product_cat-visserie","9":"first","10":"instock","11":"product-type-simple"},"acf":[],"_links":{"self":[{"href":"https:\/\/magazzinimanzanesi.it\/fr\/wp-json\/wp\/v2\/product\/1901","targetHints":{"allow":["GET"]}}],"collection":[{"href":"https:\/\/magazzinimanzanesi.it\/fr\/wp-json\/wp\/v2\/product"}],"about":[{"href":"https:\/\/magazzinimanzanesi.it\/fr\/wp-json\/wp\/v2\/types\/product"}],"replies":[{"embeddable":true,"href":"https:\/\/magazzinimanzanesi.it\/fr\/wp-json\/wp\/v2\/comments?post=1901"}],"wp:featuredmedia":[{"embeddable":true,"href":"https:\/\/magazzinimanzanesi.it\/fr\/wp-json\/wp\/v2\/media\/4854"}],"wp:attachment":[{"href":"https:\/\/magazzinimanzanesi.it\/fr\/wp-json\/wp\/v2\/media?parent=1901"}],"wp:term":[{"taxonomy":"product_brand","embeddable":true,"href":"https:\/\/magazzinimanzanesi.it\/fr\/wp-json\/wp\/v2\/product_brand?post=1901"},{"taxonomy":"product_cat","embeddable":true,"href":"https:\/\/magazzinimanzanesi.it\/fr\/wp-json\/wp\/v2\/product_cat?post=1901"},{"taxonomy":"product_tag","embeddable":true,"href":"https:\/\/magazzinimanzanesi.it\/fr\/wp-json\/wp\/v2\/product_tag?post=1901"}],"curies":[{"name":"wp","href":"https:\/\/api.w.org\/{rel}","templated":true}]}}