{"id":1906,"date":"2022-03-01T14:22:45","date_gmt":"2022-03-01T14:22:45","guid":{"rendered":"https:\/\/magazzinimanzanesi.overpx.com\/catalogo\/non%20class\u00e9\/detecteur-dhumidite-par-contact-pour-bois-lg6ng\/"},"modified":"2023-10-19T12:06:50","modified_gmt":"2023-10-19T12:06:50","slug":"detecteur-dhumidite-par-contact-pour-bois-lg6ng","status":"publish","type":"product","link":"https:\/\/magazzinimanzanesi.it\/fr\/catalogue\/outils\/dimensions\/detecteur-dhumidite-par-contact-pour-bois-lg6ng\/","title":{"rendered":"D\u00e9tecteur d&#8217;humidit\u00e8 par contact pour bois LG6NG"},"content":{"rendered":"<p>Instrument dot\u00e9 de 7 \u00e9chelles pour mesurer le bois class\u00e9 selon sa densit\u00e9, il permet de mesurer rapidement en profondeur le bois sec ou ressuy\u00e9 (non \u00e0 l&#8217;\u00e9tat vert), sans endommagerle mat\u00e9riau test\u00e9.<\/p>\n<p>L&#8217;\u00e9passeur minimale conseill\u00e9e du mat\u00e9riau \u00e0 mesurer varie de fa\u00e7on inversement proportionelle \u00e0 la densit\u00e9 du mat\u00e9riau et \u00e0 la teneur en humidit\u00e9.<\/p>\n<p>\u00c9quipement: \u00e9tui en cuir, batterie alcaline, notice d&#8217;emploi.<\/p>\n<p>Fonctions suppl\u00e9mentaires: arr\u00eat automatique (d\u00e8s que la touche de mesure est rel\u00e2ch\u00e9e), indicateur pile d\u00e9charg\u00e9e.<\/p>\n<p>Caract\u00e9ristiques techniques:<\/p>\n<p>Champ de mesure conseill\u00e9: 5 &#8211; 35%<br \/>\nNombre plages: 7<br \/>\nProfondeur de mesure: 1 &#8211; 3 cm<br \/>\nBatterie alimentation: 9V 6F22<br \/>\nAutonomie: 60 heures environ<br \/>\nDimensions: 148x59x25 mm<br \/>\nPoids: 200 gr<\/p>\n","protected":false},"excerpt":{"rendered":"<p>Instrument dot\u00e9 de 7 \u00e9chelles pour mesurer le bois class\u00e9 selon sa densit\u00e9, il permet de mesurer rapidement en profondeur le bois sec ou ressuy\u00e9 (non \u00e0 l&#8217;\u00e9tat vert), sans endommagerle mat\u00e9riau test\u00e9. L&#8217;\u00e9passeur minimale conseill\u00e9e du mat\u00e9riau \u00e0 mesurer varie de fa\u00e7on inversement proportionelle \u00e0 la densit\u00e9 du mat\u00e9riau et \u00e0 la teneur en [&hellip;]<\/p>\n","protected":false},"featured_media":6346,"comment_status":"open","ping_status":"closed","template":"","meta":{"_acf_changed":false},"product_brand":[],"product_cat":[144,138],"product_tag":[],"class_list":{"0":"post-1906","1":"product","2":"type-product","3":"status-publish","4":"has-post-thumbnail","6":"product_cat-dimensions","7":"product_cat-outils","9":"first","10":"instock","11":"product-type-simple"},"acf":[],"_links":{"self":[{"href":"https:\/\/magazzinimanzanesi.it\/fr\/wp-json\/wp\/v2\/product\/1906","targetHints":{"allow":["GET"]}}],"collection":[{"href":"https:\/\/magazzinimanzanesi.it\/fr\/wp-json\/wp\/v2\/product"}],"about":[{"href":"https:\/\/magazzinimanzanesi.it\/fr\/wp-json\/wp\/v2\/types\/product"}],"replies":[{"embeddable":true,"href":"https:\/\/magazzinimanzanesi.it\/fr\/wp-json\/wp\/v2\/comments?post=1906"}],"wp:featuredmedia":[{"embeddable":true,"href":"https:\/\/magazzinimanzanesi.it\/fr\/wp-json\/wp\/v2\/media\/6346"}],"wp:attachment":[{"href":"https:\/\/magazzinimanzanesi.it\/fr\/wp-json\/wp\/v2\/media?parent=1906"}],"wp:term":[{"taxonomy":"product_brand","embeddable":true,"href":"https:\/\/magazzinimanzanesi.it\/fr\/wp-json\/wp\/v2\/product_brand?post=1906"},{"taxonomy":"product_cat","embeddable":true,"href":"https:\/\/magazzinimanzanesi.it\/fr\/wp-json\/wp\/v2\/product_cat?post=1906"},{"taxonomy":"product_tag","embeddable":true,"href":"https:\/\/magazzinimanzanesi.it\/fr\/wp-json\/wp\/v2\/product_tag?post=1906"}],"curies":[{"name":"wp","href":"https:\/\/api.w.org\/{rel}","templated":true}]}}