{"id":1908,"date":"2022-03-01T14:22:45","date_gmt":"2022-03-01T14:22:45","guid":{"rendered":"https:\/\/magazzinimanzanesi.overpx.com\/catalogo\/non%20class\u00e9\/detecteur-dhumidite-par-mesure-de-profondeur-lg9ng\/"},"modified":"2023-10-19T12:08:35","modified_gmt":"2023-10-19T12:08:35","slug":"detecteur-dhumidite-par-mesure-de-profondeur-lg9ng","status":"publish","type":"product","link":"https:\/\/magazzinimanzanesi.it\/fr\/catalogue\/outils\/dimensions\/detecteur-dhumidite-par-mesure-de-profondeur-lg9ng\/","title":{"rendered":"D\u00e9tecteur d&#8217;humidit\u00e9 par mesure de profondeur LG9NG"},"content":{"rendered":"<p>Dot\u00e9 d&#8217;un circuit \u00e0 microprocesseur pour la compensation automatique des valeurs enregistr\u00e9es pour le bois et d&#8217;autres mat\u00e9riaux , il est peut \u00eatre livr\u00e9 uniquement avec le palpeur (P) pour les mesures artificielles, avec le marteau (M) pour les mesures en profondeur ou avec les deux accesoires (P\/M). Il est particuli\u00e8rement indiqu\u00e9 pour mesurer l&#8217;humidit\u00e9 du bois non ressuy\u00e9 ou sec, au cas o\u00f9 il serait n\u00e9cessaire de conna\u00eetre de fa\u00e7on exacte la distribution de l&#8217;humidit\u00e9 \u00e0 l&#8217;int\u00e9rieur de la planche.<\/p>\n<p>\u00c9quipement: mallette,\u00a0palpeur (1), marteau (1), \u00e9lectrodes, clef de serrage, c\u00e2ble, pinces crocodile, batterie alcaline, notice d&#8217;emploi.<\/p>\n<p>Fonctions suppl\u00e9mentaires: arr\u00eat automatique, indicateur pile d\u00e9chrg\u00e9e, indicateur temperature, compensation mesures \u00e0 microprocesseur, compensation temperature, alarmes programmables, \u00e9cran afficheur alphanum\u00e9rique.<\/p>\n<p>LG9NG\/T\u00a0\u00a0\u00a0&#8211; CODICE: C000087<br \/>\nLG9NG\/M\u00a0 &#8211; CODICE: C000088<br \/>\nLG9NG\/TM &#8211; CODICE: C000089<\/p>\n<p>Caract\u00e9ristiques techniques:<\/p>\n<p>Champ de mesure conseill\u00e9e: 8 &#8211; 50%<br \/>\nNombre plages: 4<br \/>\nNombre plages mat\u00e9riel de construction: 5<br \/>\nNombre plages peau et cuir: 2<br \/>\nIndication temp\u00e9rature: -10 \/ 50C<br \/>\nBatterie alimentation: 9V 6F22<br \/>\nAutonomie: 70 ora ca<br \/>\nDimensions mallette: 32,5 x 26 x 8 cm<br \/>\nPoids mallette: 1,3 \/ 3,0 \/ 3,5 Kg ca<\/p>\n","protected":false},"excerpt":{"rendered":"<p>Dot\u00e9 d&#8217;un circuit \u00e0 microprocesseur pour la compensation automatique des valeurs enregistr\u00e9es pour le bois et d&#8217;autres mat\u00e9riaux , il est peut \u00eatre livr\u00e9 uniquement avec le palpeur (P) pour les mesures artificielles, avec le marteau (M) pour les mesures en profondeur ou avec les deux accesoires (P\/M). Il est particuli\u00e8rement indiqu\u00e9 pour mesurer l&#8217;humidit\u00e9 [&hellip;]<\/p>\n","protected":false},"featured_media":6341,"comment_status":"open","ping_status":"closed","template":"","meta":{"_acf_changed":false},"product_brand":[],"product_cat":[144,138],"product_tag":[],"class_list":{"0":"post-1908","1":"product","2":"type-product","3":"status-publish","4":"has-post-thumbnail","6":"product_cat-dimensions","7":"product_cat-outils","9":"first","10":"instock","11":"product-type-simple"},"acf":[],"_links":{"self":[{"href":"https:\/\/magazzinimanzanesi.it\/fr\/wp-json\/wp\/v2\/product\/1908","targetHints":{"allow":["GET"]}}],"collection":[{"href":"https:\/\/magazzinimanzanesi.it\/fr\/wp-json\/wp\/v2\/product"}],"about":[{"href":"https:\/\/magazzinimanzanesi.it\/fr\/wp-json\/wp\/v2\/types\/product"}],"replies":[{"embeddable":true,"href":"https:\/\/magazzinimanzanesi.it\/fr\/wp-json\/wp\/v2\/comments?post=1908"}],"wp:featuredmedia":[{"embeddable":true,"href":"https:\/\/magazzinimanzanesi.it\/fr\/wp-json\/wp\/v2\/media\/6341"}],"wp:attachment":[{"href":"https:\/\/magazzinimanzanesi.it\/fr\/wp-json\/wp\/v2\/media?parent=1908"}],"wp:term":[{"taxonomy":"product_brand","embeddable":true,"href":"https:\/\/magazzinimanzanesi.it\/fr\/wp-json\/wp\/v2\/product_brand?post=1908"},{"taxonomy":"product_cat","embeddable":true,"href":"https:\/\/magazzinimanzanesi.it\/fr\/wp-json\/wp\/v2\/product_cat?post=1908"},{"taxonomy":"product_tag","embeddable":true,"href":"https:\/\/magazzinimanzanesi.it\/fr\/wp-json\/wp\/v2\/product_tag?post=1908"}],"curies":[{"name":"wp","href":"https:\/\/api.w.org\/{rel}","templated":true}]}}