{"id":1958,"date":"2022-03-01T14:22:46","date_gmt":"2022-03-01T14:22:46","guid":{"rendered":"https:\/\/magazzinimanzanesi.overpx.com\/catalogo\/non class\u00e9\/vis-tgs-pour-panneaux-dagglomere-et-bois-dur\/"},"modified":"2022-03-01T14:22:46","modified_gmt":"2022-03-01T14:22:46","slug":"vis-tgs-pour-panneaux-dagglomere-et-bois-dur","status":"publish","type":"product","link":"https:\/\/magazzinimanzanesi.it\/fr\/catalogue\/visserie\/vis-a-bois\/vis-tgs-pour-panneaux-dagglomere-et-bois-dur\/","title":{"rendered":"Vis TGS pour panneaux d&#8217;agglom\u00e9r\u00e9 et bois dur"},"content":{"rendered":"<p>Vis TGS pour panneaux d&#8217;agglom\u00e9r\u00e9 et bois dur en acier empreinte cruciforme Pozidriv<\/p>\n","protected":false},"excerpt":{"rendered":"<p>Vis TGS pour panneaux d&#8217;agglom\u00e9r\u00e9 et bois dur en acier empreinte cruciforme Pozidriv<\/p>\n","protected":false},"featured_media":5219,"comment_status":"open","ping_status":"closed","template":"","meta":{"_acf_changed":false},"product_brand":[],"product_cat":[186,177],"product_tag":[],"class_list":{"0":"post-1958","1":"product","2":"type-product","3":"status-publish","4":"has-post-thumbnail","6":"product_cat-vis-a-bois","7":"product_cat-visserie","9":"first","10":"instock","11":"product-type-simple"},"acf":[],"_links":{"self":[{"href":"https:\/\/magazzinimanzanesi.it\/fr\/wp-json\/wp\/v2\/product\/1958","targetHints":{"allow":["GET"]}}],"collection":[{"href":"https:\/\/magazzinimanzanesi.it\/fr\/wp-json\/wp\/v2\/product"}],"about":[{"href":"https:\/\/magazzinimanzanesi.it\/fr\/wp-json\/wp\/v2\/types\/product"}],"replies":[{"embeddable":true,"href":"https:\/\/magazzinimanzanesi.it\/fr\/wp-json\/wp\/v2\/comments?post=1958"}],"wp:featuredmedia":[{"embeddable":true,"href":"https:\/\/magazzinimanzanesi.it\/fr\/wp-json\/wp\/v2\/media\/5219"}],"wp:attachment":[{"href":"https:\/\/magazzinimanzanesi.it\/fr\/wp-json\/wp\/v2\/media?parent=1958"}],"wp:term":[{"taxonomy":"product_brand","embeddable":true,"href":"https:\/\/magazzinimanzanesi.it\/fr\/wp-json\/wp\/v2\/product_brand?post=1958"},{"taxonomy":"product_cat","embeddable":true,"href":"https:\/\/magazzinimanzanesi.it\/fr\/wp-json\/wp\/v2\/product_cat?post=1958"},{"taxonomy":"product_tag","embeddable":true,"href":"https:\/\/magazzinimanzanesi.it\/fr\/wp-json\/wp\/v2\/product_tag?post=1958"}],"curies":[{"name":"wp","href":"https:\/\/api.w.org\/{rel}","templated":true}]}}