{"id":2000,"date":"2022-03-01T14:23:09","date_gmt":"2022-03-01T14:23:09","guid":{"rendered":"https:\/\/magazzinimanzanesi.overpx.com\/catalogo\/non class\u00e9\/distributeur-automatique-avec-sterilisateur-uv\/"},"modified":"2022-03-01T14:23:09","modified_gmt":"2022-03-01T14:23:09","slug":"distributeur-automatique-avec-sterilisateur-uv","status":"publish","type":"product","link":"https:\/\/magazzinimanzanesi.it\/fr\/catalogue\/outils\/covid-19-fr\/distributeur-automatique-avec-sterilisateur-uv\/","title":{"rendered":"Distributeur automatique avec st\u00e9rilisateur UV"},"content":{"rendered":"<ul>\n<li>Un support de s\u00e9curit\u00e9 indispensable pour chaque environnement de travail<\/li>\n<li>Il combine la d\u00e9livrance de gel d\u00e9sinfectant avec la st\u00e9rilisation UV simultan\u00e9e des mains avant et apr\u00e8s la lib\u00e9ration du gel<\/li>\n<li>Il peut \u00eatre aliment\u00e9 par batterie avec une prise murale<\/li>\n<li>Convient \u00e0 tous les environnements<\/li>\n<li>Petites dimensions : \u00e0 28,1cm &#8211; 12,1cm &#8211; pr 10,7cm<\/li>\n<li>Le distributeur peut \u00eatre fix\u00e9 au mur, une colonne de support peut \u00eatre achet\u00e9e s\u00e9par\u00e9ment pour le d\u00e9placer dans diff\u00e9rents environnements<\/li>\n<\/ul>\n","protected":false},"excerpt":{"rendered":"<p>Un support de s\u00e9curit\u00e9 indispensable pour chaque environnement de travail Il combine la d\u00e9livrance de gel d\u00e9sinfectant avec la st\u00e9rilisation UV simultan\u00e9e des mains avant et apr\u00e8s la lib\u00e9ration du gel Il peut \u00eatre aliment\u00e9 par batterie avec une prise murale Convient \u00e0 tous les environnements Petites dimensions : \u00e0 28,1cm &#8211; 12,1cm &#8211; pr [&hellip;]<\/p>\n","protected":false},"featured_media":1216,"comment_status":"open","ping_status":"closed","template":"","meta":{"_acf_changed":false},"product_brand":[],"product_cat":[287,138],"product_tag":[],"class_list":{"0":"post-2000","1":"product","2":"type-product","3":"status-publish","4":"has-post-thumbnail","6":"product_cat-covid-19-fr","7":"product_cat-outils","9":"first","10":"instock","11":"shipping-taxable","12":"product-type-simple"},"acf":[],"_links":{"self":[{"href":"https:\/\/magazzinimanzanesi.it\/fr\/wp-json\/wp\/v2\/product\/2000","targetHints":{"allow":["GET"]}}],"collection":[{"href":"https:\/\/magazzinimanzanesi.it\/fr\/wp-json\/wp\/v2\/product"}],"about":[{"href":"https:\/\/magazzinimanzanesi.it\/fr\/wp-json\/wp\/v2\/types\/product"}],"replies":[{"embeddable":true,"href":"https:\/\/magazzinimanzanesi.it\/fr\/wp-json\/wp\/v2\/comments?post=2000"}],"wp:featuredmedia":[{"embeddable":true,"href":"https:\/\/magazzinimanzanesi.it\/fr\/wp-json\/wp\/v2\/media\/1216"}],"wp:attachment":[{"href":"https:\/\/magazzinimanzanesi.it\/fr\/wp-json\/wp\/v2\/media?parent=2000"}],"wp:term":[{"taxonomy":"product_brand","embeddable":true,"href":"https:\/\/magazzinimanzanesi.it\/fr\/wp-json\/wp\/v2\/product_brand?post=2000"},{"taxonomy":"product_cat","embeddable":true,"href":"https:\/\/magazzinimanzanesi.it\/fr\/wp-json\/wp\/v2\/product_cat?post=2000"},{"taxonomy":"product_tag","embeddable":true,"href":"https:\/\/magazzinimanzanesi.it\/fr\/wp-json\/wp\/v2\/product_tag?post=2000"}],"curies":[{"name":"wp","href":"https:\/\/api.w.org\/{rel}","templated":true}]}}