{"id":2002,"date":"2022-03-01T14:23:06","date_gmt":"2022-03-01T14:23:06","guid":{"rendered":"https:\/\/magazzinimanzanesi.overpx.com\/catalogo\/non%20class\u00e9\/supports-detageres-pour-meubles\/"},"modified":"2022-07-15T06:09:09","modified_gmt":"2022-07-15T06:09:09","slug":"supports-detageres-pour-meubles","status":"publish","type":"product","link":"https:\/\/magazzinimanzanesi.it\/fr\/catalogue\/pour-meubles\/supports-fr\/supports-detageres-pour-meubles\/","title":{"rendered":"Supports d&#8217;\u00e9tag\u00e8res pour meubles"},"content":{"rendered":"<p>* Support plastique \u00d820 x 20 avec came de blocage<br \/>\n* Support en zamak galvanis\u00e9 blanc<br \/>\n* Eurovite TPS + 6,3 x 13 galvanis\u00e9 blanc<\/p>\n<p>De nombreuses autres solutions disponibles<\/p>\n","protected":false},"excerpt":{"rendered":"<p>* Support plastique \u00d820 x 20 avec came de blocage * Support en zamak galvanis\u00e9 blanc * Eurovite TPS + 6,3 x 13 galvanis\u00e9 blanc De nombreuses autres solutions disponibles<\/p>\n","protected":false},"featured_media":5069,"comment_status":"open","ping_status":"closed","template":"","meta":{"_acf_changed":false},"product_brand":[],"product_cat":[152,161],"product_tag":[],"class_list":{"0":"post-2002","1":"product","2":"type-product","3":"status-publish","4":"has-post-thumbnail","6":"product_cat-pour-meubles","7":"product_cat-supports-fr","9":"first","10":"instock","11":"shipping-taxable","12":"product-type-simple"},"acf":[],"_links":{"self":[{"href":"https:\/\/magazzinimanzanesi.it\/fr\/wp-json\/wp\/v2\/product\/2002","targetHints":{"allow":["GET"]}}],"collection":[{"href":"https:\/\/magazzinimanzanesi.it\/fr\/wp-json\/wp\/v2\/product"}],"about":[{"href":"https:\/\/magazzinimanzanesi.it\/fr\/wp-json\/wp\/v2\/types\/product"}],"replies":[{"embeddable":true,"href":"https:\/\/magazzinimanzanesi.it\/fr\/wp-json\/wp\/v2\/comments?post=2002"}],"wp:featuredmedia":[{"embeddable":true,"href":"https:\/\/magazzinimanzanesi.it\/fr\/wp-json\/wp\/v2\/media\/5069"}],"wp:attachment":[{"href":"https:\/\/magazzinimanzanesi.it\/fr\/wp-json\/wp\/v2\/media?parent=2002"}],"wp:term":[{"taxonomy":"product_brand","embeddable":true,"href":"https:\/\/magazzinimanzanesi.it\/fr\/wp-json\/wp\/v2\/product_brand?post=2002"},{"taxonomy":"product_cat","embeddable":true,"href":"https:\/\/magazzinimanzanesi.it\/fr\/wp-json\/wp\/v2\/product_cat?post=2002"},{"taxonomy":"product_tag","embeddable":true,"href":"https:\/\/magazzinimanzanesi.it\/fr\/wp-json\/wp\/v2\/product_tag?post=2002"}],"curies":[{"name":"wp","href":"https:\/\/api.w.org\/{rel}","templated":true}]}}