{"id":2006,"date":"2022-03-01T14:23:06","date_gmt":"2022-03-01T14:23:06","guid":{"rendered":"https:\/\/magazzinimanzanesi.overpx.com\/catalogo\/non%20class\u00e9\/glissieres-acier-feutre-avec-vis\/"},"modified":"2022-07-15T06:20:35","modified_gmt":"2022-07-15T06:20:35","slug":"glissieres-acier-feutre-avec-vis","status":"publish","type":"product","link":"https:\/\/magazzinimanzanesi.it\/fr\/catalogue\/pare-coups-et-pieds\/pare-chocs-avec-vis\/glissieres-acier-feutre-avec-vis\/","title":{"rendered":"Glissi\u00e8res acier\/feutre avec vis"},"content":{"rendered":"<p>Glissi\u00e8res en acier et feutre gris avec vis pr\u00e9mont\u00e9e (PZ2)<\/p>\n","protected":false},"excerpt":{"rendered":"<p>Glissi\u00e8res en acier et feutre gris avec vis pr\u00e9mont\u00e9e (PZ2)<\/p>\n","protected":false},"featured_media":4939,"comment_status":"open","ping_status":"closed","template":"","meta":{"_acf_changed":false},"product_brand":[],"product_cat":[147,145],"product_tag":[],"class_list":{"0":"post-2006","1":"product","2":"type-product","3":"status-publish","4":"has-post-thumbnail","6":"product_cat-pare-chocs-avec-vis","7":"product_cat-pare-coups-et-pieds","9":"first","10":"instock","11":"shipping-taxable","12":"product-type-simple"},"acf":[],"_links":{"self":[{"href":"https:\/\/magazzinimanzanesi.it\/fr\/wp-json\/wp\/v2\/product\/2006","targetHints":{"allow":["GET"]}}],"collection":[{"href":"https:\/\/magazzinimanzanesi.it\/fr\/wp-json\/wp\/v2\/product"}],"about":[{"href":"https:\/\/magazzinimanzanesi.it\/fr\/wp-json\/wp\/v2\/types\/product"}],"replies":[{"embeddable":true,"href":"https:\/\/magazzinimanzanesi.it\/fr\/wp-json\/wp\/v2\/comments?post=2006"}],"wp:featuredmedia":[{"embeddable":true,"href":"https:\/\/magazzinimanzanesi.it\/fr\/wp-json\/wp\/v2\/media\/4939"}],"wp:attachment":[{"href":"https:\/\/magazzinimanzanesi.it\/fr\/wp-json\/wp\/v2\/media?parent=2006"}],"wp:term":[{"taxonomy":"product_brand","embeddable":true,"href":"https:\/\/magazzinimanzanesi.it\/fr\/wp-json\/wp\/v2\/product_brand?post=2006"},{"taxonomy":"product_cat","embeddable":true,"href":"https:\/\/magazzinimanzanesi.it\/fr\/wp-json\/wp\/v2\/product_cat?post=2006"},{"taxonomy":"product_tag","embeddable":true,"href":"https:\/\/magazzinimanzanesi.it\/fr\/wp-json\/wp\/v2\/product_tag?post=2006"}],"curies":[{"name":"wp","href":"https:\/\/api.w.org\/{rel}","templated":true}]}}