{"id":7878,"date":"2025-01-31T12:58:14","date_gmt":"2025-01-31T12:58:14","guid":{"rendered":"https:\/\/magazzinimanzanesi.it\/?post_type=product&#038;p=7878"},"modified":"2025-03-19T14:26:02","modified_gmt":"2025-03-19T14:26:02","slug":"fermeture-copia","status":"publish","type":"product","link":"https:\/\/magazzinimanzanesi.it\/fr\/catalogue\/pour-tables\/alignement-et-fermeture\/fermeture-copia\/","title":{"rendered":"Serrures \u00e0 levier \u00e0 ressort"},"content":{"rendered":"<h1>Tondeuse \u00e0 ressort<\/h1>\n<p>&nbsp;<\/p>\n<h2>Verrou \u00e0 levier \u00e0 ressort : Syst\u00e8me de fermeture rapide<\/h2>\n<p>Verrou \u00e0 levier \u00e0 ressort tropicalis\u00e9 pour tables (clipper) adapt\u00e9 pour s\u00e9curiser l&#8217;accouplement des plateaux de table extensibles. Il peut \u00e9galement \u00eatre utilis\u00e9 dans toute application n\u00e9cessitant un syst\u00e8me de fermeture rapide. Le ressort int\u00e9gr\u00e9 garantit que le levier est toujours en position ferm\u00e9e.<\/p>\n<p>&nbsp;<\/p>\n","protected":false},"excerpt":{"rendered":"<p>Tondeuse \u00e0 ressort &nbsp; Verrou \u00e0 levier \u00e0 ressort : Syst\u00e8me de fermeture rapide Verrou \u00e0 levier \u00e0 ressort tropicalis\u00e9 pour tables (clipper) adapt\u00e9 pour s\u00e9curiser l&#8217;accouplement des plateaux de table extensibles. Il peut \u00e9galement \u00eatre utilis\u00e9 dans toute application n\u00e9cessitant un syst\u00e8me de fermeture rapide. Le ressort int\u00e9gr\u00e9 garantit que le levier est toujours [&hellip;]<\/p>\n","protected":false},"featured_media":7881,"comment_status":"open","ping_status":"closed","template":"","meta":{"_acf_changed":false},"product_brand":[],"product_cat":[169,167],"product_tag":[674],"class_list":{"0":"post-7878","1":"product","2":"type-product","3":"status-publish","4":"has-post-thumbnail","6":"product_cat-alignement-et-fermeture","7":"product_cat-pour-tables","8":"product_tag-serrures-a-levier-a-ressort","10":"first","11":"instock","12":"product-type-simple"},"acf":[],"_links":{"self":[{"href":"https:\/\/magazzinimanzanesi.it\/fr\/wp-json\/wp\/v2\/product\/7878","targetHints":{"allow":["GET"]}}],"collection":[{"href":"https:\/\/magazzinimanzanesi.it\/fr\/wp-json\/wp\/v2\/product"}],"about":[{"href":"https:\/\/magazzinimanzanesi.it\/fr\/wp-json\/wp\/v2\/types\/product"}],"replies":[{"embeddable":true,"href":"https:\/\/magazzinimanzanesi.it\/fr\/wp-json\/wp\/v2\/comments?post=7878"}],"wp:featuredmedia":[{"embeddable":true,"href":"https:\/\/magazzinimanzanesi.it\/fr\/wp-json\/wp\/v2\/media\/7881"}],"wp:attachment":[{"href":"https:\/\/magazzinimanzanesi.it\/fr\/wp-json\/wp\/v2\/media?parent=7878"}],"wp:term":[{"taxonomy":"product_brand","embeddable":true,"href":"https:\/\/magazzinimanzanesi.it\/fr\/wp-json\/wp\/v2\/product_brand?post=7878"},{"taxonomy":"product_cat","embeddable":true,"href":"https:\/\/magazzinimanzanesi.it\/fr\/wp-json\/wp\/v2\/product_cat?post=7878"},{"taxonomy":"product_tag","embeddable":true,"href":"https:\/\/magazzinimanzanesi.it\/fr\/wp-json\/wp\/v2\/product_tag?post=7878"}],"curies":[{"name":"wp","href":"https:\/\/api.w.org\/{rel}","templated":true}]}}