{"id":7952,"date":"2025-02-03T07:51:38","date_gmt":"2025-02-03T07:51:38","guid":{"rendered":"https:\/\/magazzinimanzanesi.it\/catalogo\/uncategorized\/roulettes-pour-fauteuils-de-personnes-agees\/"},"modified":"2025-02-03T07:51:38","modified_gmt":"2025-02-03T07:51:38","slug":"roulettes-pour-fauteuils-de-personnes-agees","status":"publish","type":"product","link":"https:\/\/magazzinimanzanesi.it\/fr\/catalogue\/pour-meubles\/roulettes\/roulettes-pour-fauteuils-de-personnes-agees\/","title":{"rendered":"Roulettes pour fauteuils de personnes \u00e2g\u00e9es"},"content":{"rendered":"<h1>Roulettes pour chaises et fauteuils<\/h1>\n<p>&nbsp;<\/p>\n<h2>Roulettes pour chaises de personnes \u00e2g\u00e9es &#8211; S\u00fbres et r\u00e9sistantes<\/h2>\n<p>Roulettes pour chaises de personnes \u00e2g\u00e9es adapt\u00e9es aux chaises utilis\u00e9es dans les collectivit\u00e9s, les h\u00f4pitaux et les maisons de retraite. Elles sont dot\u00e9es d&#8217;une base en m\u00e9tal avec des trous frais\u00e9s pour la fixation avec des vis.<\/p>\n<p>&nbsp;<\/p>\n<h3><strong>Roulettes pour chaises de personnes \u00e2g\u00e9es &#8211; Taille :<\/strong><\/h3>\n<p>\u00d8 50mm<\/p>\n","protected":false},"excerpt":{"rendered":"<p>Roulettes pour chaises et fauteuils &nbsp; Roulettes pour chaises de personnes \u00e2g\u00e9es &#8211; S\u00fbres et r\u00e9sistantes Roulettes pour chaises de personnes \u00e2g\u00e9es adapt\u00e9es aux chaises utilis\u00e9es dans les collectivit\u00e9s, les h\u00f4pitaux et les maisons de retraite. Elles sont dot\u00e9es d&#8217;une base en m\u00e9tal avec des trous frais\u00e9s pour la fixation avec des vis. &nbsp; Roulettes [&hellip;]<\/p>\n","protected":false},"featured_media":7593,"comment_status":"closed","ping_status":"closed","template":"","meta":{"_acf_changed":false},"product_brand":[],"product_cat":[152,162],"product_tag":[681],"class_list":{"0":"post-7952","1":"product","2":"type-product","3":"status-publish","4":"has-post-thumbnail","6":"product_cat-pour-meubles","7":"product_cat-roulettes","8":"product_tag-roulettes-pour-fauteuils-de-personnes-agees","10":"first","11":"instock","12":"shipping-taxable","13":"product-type-simple"},"acf":[],"_links":{"self":[{"href":"https:\/\/magazzinimanzanesi.it\/fr\/wp-json\/wp\/v2\/product\/7952","targetHints":{"allow":["GET"]}}],"collection":[{"href":"https:\/\/magazzinimanzanesi.it\/fr\/wp-json\/wp\/v2\/product"}],"about":[{"href":"https:\/\/magazzinimanzanesi.it\/fr\/wp-json\/wp\/v2\/types\/product"}],"replies":[{"embeddable":true,"href":"https:\/\/magazzinimanzanesi.it\/fr\/wp-json\/wp\/v2\/comments?post=7952"}],"wp:featuredmedia":[{"embeddable":true,"href":"https:\/\/magazzinimanzanesi.it\/fr\/wp-json\/wp\/v2\/media\/7593"}],"wp:attachment":[{"href":"https:\/\/magazzinimanzanesi.it\/fr\/wp-json\/wp\/v2\/media?parent=7952"}],"wp:term":[{"taxonomy":"product_brand","embeddable":true,"href":"https:\/\/magazzinimanzanesi.it\/fr\/wp-json\/wp\/v2\/product_brand?post=7952"},{"taxonomy":"product_cat","embeddable":true,"href":"https:\/\/magazzinimanzanesi.it\/fr\/wp-json\/wp\/v2\/product_cat?post=7952"},{"taxonomy":"product_tag","embeddable":true,"href":"https:\/\/magazzinimanzanesi.it\/fr\/wp-json\/wp\/v2\/product_tag?post=7952"}],"curies":[{"name":"wp","href":"https:\/\/api.w.org\/{rel}","templated":true}]}}