{"id":7956,"date":"2023-03-06T13:45:10","date_gmt":"2023-03-06T13:45:10","guid":{"rendered":"https:\/\/magazzinimanzanesi.it\/catalogo\/uncategorized\/tpei-tete-ferree-tete-large\/"},"modified":"2023-03-06T13:45:10","modified_gmt":"2023-03-06T13:45:10","slug":"tpei-tete-ferree-tete-large","status":"publish","type":"product","link":"https:\/\/magazzinimanzanesi.it\/fr\/catalogue\/pour-meubles\/tetes\/tpei-tete-ferree-tete-large\/","title":{"rendered":"TPEI t\u00eate ferr\u00e9e t\u00eate large"},"content":{"rendered":"<h1>Douille aveugle t\u00eate plate empreinte hexagonale<\/h1>\n<p>&nbsp;<\/p>\n<h2>Fer TPEI t\u00eate large t\u00eate plate<\/h2>\n<p>T\u00eate plate large avec empreinte hexagonale en fer galvanis\u00e9.<\/p>\n<p>Gr\u00e2ce \u00e0 sa tige filet\u00e9e int\u00e9rieurement avec filetage m\u00e9trique ISO et \u00e0 sa tige lisse ext\u00e9rieurement, elle convient aux situations o\u00f9 un \u00e9l\u00e9ment de montage encastr\u00e9 est n\u00e9cessaire pour r\u00e9pondre aux exigences de serrage sans sacrifier l&#8217;esth\u00e9tique. G\u00e9n\u00e9ralement utilis\u00e9e \u00e0 la place d&#8217;un \u00e9crou, la t\u00eate permet de serrer en toute s\u00e9curit\u00e9 les vis, les boulons et autres \u00e9l\u00e9ments filet\u00e9s.<\/p>\n<p>&nbsp;<\/p>\n<h3><strong>T\u00eate large en fer TPEI &#8211; Dimensions :<\/strong><\/h3>\n<p>\u2022\u00a0 \u00d8 de la t\u00eate : 19mm \/ 23mm<br \/>\n\u2022\u00a0 \u00d8 de la tige : 10mm \/ 13mm<br \/>\n\u2022 Longueur de la tige : 17mm<br \/>\n\u2022\u00a0 Filetage : M8 \/ M10<br \/>\n\u2022 Cl\u00e9 Allen : 5mm \/ 6mm<\/p>\n<p>&nbsp;<\/p>\n<p><strong>Finitions sur demande :<\/strong><\/p>\n<ul>\n<li>bruni<\/li>\n<li>galvanis\u00e9 blanc<\/li>\n<li>galvanis\u00e9 jaune<\/li>\n<li>galvanis\u00e9 noir<\/li>\n<li>nickel\u00e9<\/li>\n<\/ul>\n<p>&nbsp;<\/p>\n<p>\u00c9galement disponible en version M6 sur demande.<\/p>\n","protected":false},"excerpt":{"rendered":"<p>Douille aveugle t\u00eate plate empreinte hexagonale &nbsp; Fer TPEI t\u00eate large t\u00eate plate T\u00eate plate large avec empreinte hexagonale en fer galvanis\u00e9. Gr\u00e2ce \u00e0 sa tige filet\u00e9e int\u00e9rieurement avec filetage m\u00e9trique ISO et \u00e0 sa tige lisse ext\u00e9rieurement, elle convient aux situations o\u00f9 un \u00e9l\u00e9ment de montage encastr\u00e9 est n\u00e9cessaire pour r\u00e9pondre aux exigences de [&hellip;]<\/p>\n","protected":false},"featured_media":5733,"comment_status":"open","ping_status":"closed","template":"","meta":{"_acf_changed":false},"product_brand":[],"product_cat":[152,166],"product_tag":[685],"class_list":{"0":"post-7956","1":"product","2":"type-product","3":"status-publish","4":"has-post-thumbnail","6":"product_cat-pour-meubles","7":"product_cat-tetes","8":"product_tag-tpei-tete-ferree-tete-large","10":"first","11":"instock","12":"shipping-taxable","13":"product-type-simple"},"acf":[],"_links":{"self":[{"href":"https:\/\/magazzinimanzanesi.it\/fr\/wp-json\/wp\/v2\/product\/7956","targetHints":{"allow":["GET"]}}],"collection":[{"href":"https:\/\/magazzinimanzanesi.it\/fr\/wp-json\/wp\/v2\/product"}],"about":[{"href":"https:\/\/magazzinimanzanesi.it\/fr\/wp-json\/wp\/v2\/types\/product"}],"replies":[{"embeddable":true,"href":"https:\/\/magazzinimanzanesi.it\/fr\/wp-json\/wp\/v2\/comments?post=7956"}],"wp:featuredmedia":[{"embeddable":true,"href":"https:\/\/magazzinimanzanesi.it\/fr\/wp-json\/wp\/v2\/media\/5733"}],"wp:attachment":[{"href":"https:\/\/magazzinimanzanesi.it\/fr\/wp-json\/wp\/v2\/media?parent=7956"}],"wp:term":[{"taxonomy":"product_brand","embeddable":true,"href":"https:\/\/magazzinimanzanesi.it\/fr\/wp-json\/wp\/v2\/product_brand?post=7956"},{"taxonomy":"product_cat","embeddable":true,"href":"https:\/\/magazzinimanzanesi.it\/fr\/wp-json\/wp\/v2\/product_cat?post=7956"},{"taxonomy":"product_tag","embeddable":true,"href":"https:\/\/magazzinimanzanesi.it\/fr\/wp-json\/wp\/v2\/product_tag?post=7956"}],"curies":[{"name":"wp","href":"https:\/\/api.w.org\/{rel}","templated":true}]}}