{"id":7967,"date":"2023-03-06T13:40:26","date_gmt":"2023-03-06T13:40:26","guid":{"rendered":"https:\/\/magazzinimanzanesi.it\/catalogo\/uncategorized\/tete-de-fer-tpsce\/"},"modified":"2023-03-06T13:40:26","modified_gmt":"2023-03-06T13:40:26","slug":"tete-de-fer-tpsce","status":"publish","type":"product","link":"https:\/\/magazzinimanzanesi.it\/fr\/catalogue\/pour-meubles\/tetes\/tete-de-fer-tpsce\/","title":{"rendered":"T\u00eate de fer TPSCE"},"content":{"rendered":"<h1>Douille hexagonale t\u00eate frais\u00e9e plate<\/h1>\n<p>&nbsp;<\/p>\n<h2>T\u00eate de fer TPSCE : t\u00eate frais\u00e9e plate<\/h2>\n<p>T\u00eate en fer galvanis\u00e9 \u00e0 t\u00eate frais\u00e9e plate et empreinte hexagonale creuse.<\/p>\n<p>Elle pr\u00e9sente une tige filet\u00e9e int\u00e9rieurement, conforme \u00e0 la norme m\u00e9trique ISO, et une surface ext\u00e9rieure lisse. Cette combinaison la rend adapt\u00e9e aux applications o\u00f9 il est essentiel de combiner les exigences de serrage et l&#8217;attention port\u00e9e \u00e0 l&#8217;esth\u00e9tique. G\u00e9n\u00e9ralement utilis\u00e9e \u00e0 la place d&#8217;un \u00e9crou, la t\u00eate offre un serrage s\u00fbr pour les vis, les boulons et autres \u00e9l\u00e9ments filet\u00e9s.<\/p>\n<h3><strong>T\u00eate en fer TPSCE &#8211; Dimensions :<\/strong><\/h3>\n<p>\u2022 \u00d8 de la t\u00eate : 12mm<br \/>\n\u2022 \u00d8 de la tige : 8 mm<br \/>\n\u2022 Longueur de la tige : 20 mm (y compris la douille)<br \/>\n\u2022 Filetage : M6<br \/>\n\u2022 Cl\u00e9 Allen : 4mm<\/p>\n<p>&nbsp;<\/p>\n<p><strong>Finitions sur demande:<\/strong><br \/>\n\u2022 bruni<br \/>\n\u2022 galvanis\u00e9 blanc<br \/>\n\u2022 galvanis\u00e9 jaune<br \/>\n\u2022 galvanis\u00e9 noir<br \/>\n\u2022 nickel\u00e9<\/p>\n","protected":false},"excerpt":{"rendered":"<p>Douille hexagonale t\u00eate frais\u00e9e plate &nbsp; T\u00eate de fer TPSCE : t\u00eate frais\u00e9e plate T\u00eate en fer galvanis\u00e9 \u00e0 t\u00eate frais\u00e9e plate et empreinte hexagonale creuse. Elle pr\u00e9sente une tige filet\u00e9e int\u00e9rieurement, conforme \u00e0 la norme m\u00e9trique ISO, et une surface ext\u00e9rieure lisse. Cette combinaison la rend adapt\u00e9e aux applications o\u00f9 il est essentiel de [&hellip;]<\/p>\n","protected":false},"featured_media":5763,"comment_status":"open","ping_status":"closed","template":"","meta":{"_acf_changed":false},"product_brand":[],"product_cat":[152,166],"product_tag":[694],"class_list":{"0":"post-7967","1":"product","2":"type-product","3":"status-publish","4":"has-post-thumbnail","6":"product_cat-pour-meubles","7":"product_cat-tetes","8":"product_tag-tete-de-fer-tpsce","10":"first","11":"instock","12":"shipping-taxable","13":"product-type-simple"},"acf":[],"_links":{"self":[{"href":"https:\/\/magazzinimanzanesi.it\/fr\/wp-json\/wp\/v2\/product\/7967","targetHints":{"allow":["GET"]}}],"collection":[{"href":"https:\/\/magazzinimanzanesi.it\/fr\/wp-json\/wp\/v2\/product"}],"about":[{"href":"https:\/\/magazzinimanzanesi.it\/fr\/wp-json\/wp\/v2\/types\/product"}],"replies":[{"embeddable":true,"href":"https:\/\/magazzinimanzanesi.it\/fr\/wp-json\/wp\/v2\/comments?post=7967"}],"wp:featuredmedia":[{"embeddable":true,"href":"https:\/\/magazzinimanzanesi.it\/fr\/wp-json\/wp\/v2\/media\/5763"}],"wp:attachment":[{"href":"https:\/\/magazzinimanzanesi.it\/fr\/wp-json\/wp\/v2\/media?parent=7967"}],"wp:term":[{"taxonomy":"product_brand","embeddable":true,"href":"https:\/\/magazzinimanzanesi.it\/fr\/wp-json\/wp\/v2\/product_brand?post=7967"},{"taxonomy":"product_cat","embeddable":true,"href":"https:\/\/magazzinimanzanesi.it\/fr\/wp-json\/wp\/v2\/product_cat?post=7967"},{"taxonomy":"product_tag","embeddable":true,"href":"https:\/\/magazzinimanzanesi.it\/fr\/wp-json\/wp\/v2\/product_tag?post=7967"}],"curies":[{"name":"wp","href":"https:\/\/api.w.org\/{rel}","templated":true}]}}