{"id":7970,"date":"2023-03-06T13:38:08","date_gmt":"2023-03-06T13:38:08","guid":{"rendered":"https:\/\/magazzinimanzanesi.it\/catalogo\/uncategorized\/tete-de-fer-tbce\/"},"modified":"2023-03-06T13:38:08","modified_gmt":"2023-03-06T13:38:08","slug":"tete-de-fer-tbce","status":"publish","type":"product","link":"https:\/\/magazzinimanzanesi.it\/fr\/catalogue\/pour-meubles\/tetes\/tete-de-fer-tbce\/","title":{"rendered":"T\u00eate de fer TBCE"},"content":{"rendered":"<h1>T\u00eate hexagonale \u00e0 embo\u00eetement<\/h1>\n<p>&nbsp;<\/p>\n<h2>TBCE T\u00eate en fer : T\u00eate en d\u00f4me<\/h2>\n<p>T\u00eate en fer galvanis\u00e9 avec t\u00eate bomb\u00e9e et empreinte hexagonale creuse.<\/p>\n<p>Avec sa tige filet\u00e9e int\u00e9rieurement, conforme aux normes m\u00e9triques ISO et pr\u00e9sentant une surface ext\u00e9rieure lisse, ce composant de montage est la solution parfaite pour r\u00e9pondre aux exigences de serrage sans compromettre l&#8217;esth\u00e9tique. La t\u00eate est un choix courant pour remplacer l&#8217;\u00e9crou, assurant un serrage s\u00fbr des vis, boulons et autres \u00e9l\u00e9ments filet\u00e9s.<\/p>\n<p>&nbsp;<\/p>\n<h3><strong>T\u00eate en fer TBCE &#8211; Dimensions :<\/strong><\/h3>\n<p>\u2022 \u00d8 de la t\u00eate : 15 mm<br \/>\n\u2022 \u00d8 de la tige : 8mm<br \/>\n\u2022 Longueur de la tige : 12mm \/ 17mm<br \/>\n\u2022 Filetage : M6<br \/>\n\u2022 Cl\u00e9 Allen : 5mm<\/p>\n<p>&nbsp;<\/p>\n<p><strong>Finitions sur demande:<\/strong><br \/>\n\u2022 bruni<br \/>\n\u2022 galvanis\u00e9 blanc<br \/>\n\u2022 zingu\u00e9 jaune<br \/>\n\u2022 galvanis\u00e9 noir<br \/>\n\u2022 nickel\u00e9<\/p>\n","protected":false},"excerpt":{"rendered":"<p>T\u00eate hexagonale \u00e0 embo\u00eetement &nbsp; TBCE T\u00eate en fer : T\u00eate en d\u00f4me T\u00eate en fer galvanis\u00e9 avec t\u00eate bomb\u00e9e et empreinte hexagonale creuse. Avec sa tige filet\u00e9e int\u00e9rieurement, conforme aux normes m\u00e9triques ISO et pr\u00e9sentant une surface ext\u00e9rieure lisse, ce composant de montage est la solution parfaite pour r\u00e9pondre aux exigences de serrage sans [&hellip;]<\/p>\n","protected":false},"featured_media":5723,"comment_status":"open","ping_status":"closed","template":"","meta":{"_acf_changed":false},"product_brand":[],"product_cat":[152,166],"product_tag":[697],"class_list":{"0":"post-7970","1":"product","2":"type-product","3":"status-publish","4":"has-post-thumbnail","6":"product_cat-pour-meubles","7":"product_cat-tetes","8":"product_tag-tete-de-fer-tbce","10":"first","11":"instock","12":"shipping-taxable","13":"product-type-simple"},"acf":[],"_links":{"self":[{"href":"https:\/\/magazzinimanzanesi.it\/fr\/wp-json\/wp\/v2\/product\/7970","targetHints":{"allow":["GET"]}}],"collection":[{"href":"https:\/\/magazzinimanzanesi.it\/fr\/wp-json\/wp\/v2\/product"}],"about":[{"href":"https:\/\/magazzinimanzanesi.it\/fr\/wp-json\/wp\/v2\/types\/product"}],"replies":[{"embeddable":true,"href":"https:\/\/magazzinimanzanesi.it\/fr\/wp-json\/wp\/v2\/comments?post=7970"}],"wp:featuredmedia":[{"embeddable":true,"href":"https:\/\/magazzinimanzanesi.it\/fr\/wp-json\/wp\/v2\/media\/5723"}],"wp:attachment":[{"href":"https:\/\/magazzinimanzanesi.it\/fr\/wp-json\/wp\/v2\/media?parent=7970"}],"wp:term":[{"taxonomy":"product_brand","embeddable":true,"href":"https:\/\/magazzinimanzanesi.it\/fr\/wp-json\/wp\/v2\/product_brand?post=7970"},{"taxonomy":"product_cat","embeddable":true,"href":"https:\/\/magazzinimanzanesi.it\/fr\/wp-json\/wp\/v2\/product_cat?post=7970"},{"taxonomy":"product_tag","embeddable":true,"href":"https:\/\/magazzinimanzanesi.it\/fr\/wp-json\/wp\/v2\/product_tag?post=7970"}],"curies":[{"name":"wp","href":"https:\/\/api.w.org\/{rel}","templated":true}]}}