{"id":7973,"date":"2023-03-06T13:34:40","date_gmt":"2023-03-06T13:34:40","guid":{"rendered":"https:\/\/magazzinimanzanesi.it\/catalogo\/uncategorized\/tete-de-fer-tt\/"},"modified":"2023-03-06T13:34:40","modified_gmt":"2023-03-06T13:34:40","slug":"tete-de-fer-tt","status":"publish","type":"product","link":"https:\/\/magazzinimanzanesi.it\/fr\/catalogue\/pour-meubles\/tetes\/tete-de-fer-tt\/","title":{"rendered":"T\u00eate de fer TT"},"content":{"rendered":"<h1>Douille aveugle \u00e0 t\u00eate ronde<\/h1>\n<p>&nbsp;<\/p>\n<h2>T\u00eate ronde en fer TT<\/h2>\n<p>T\u00eate en fer galvanis\u00e9 \u00e0 t\u00eate ronde.<\/p>\n<p>La tige filet\u00e9e int\u00e9rieurement avec un filetage m\u00e9trique ISO et la surface ext\u00e9rieure lisse font de cet \u00e9l\u00e9ment de fixation le choix optimal pour les situations n\u00e9cessitant un serrage pr\u00e9cis sans compromettre l&#8217;esth\u00e9tique. La t\u00eate, qui remplace g\u00e9n\u00e9ralement l&#8217;\u00e9crou, assure un serrage s\u00fbr des vis, boulons et autres \u00e9l\u00e9ments filet\u00e9s.<\/p>\n<p>&nbsp;<\/p>\n<h3><strong>T\u00eate en fer TT &#8211; Dimensions:<\/strong><\/h3>\n<p>\u2022 \u00d8 de la t\u00eate : 13 mm<br \/>\n\u2022 \u00d8 de la tige : 8 mm<br \/>\n\u2022 Longueur de la tige : 12 mm<br \/>\n\u2022 Filetage : M6<\/p>\n<p>&nbsp;<\/p>\n<p><strong>Finitions sur demande:<\/strong><br \/>\n\u2022 bruni<br \/>\n\u2022 galvanis\u00e9 blanc<br \/>\n\u2022 galvanis\u00e9 jaune<br \/>\n\u2022 galvanis\u00e9 noir<br \/>\n\u2022 nickel\u00e9<\/p>\n","protected":false},"excerpt":{"rendered":"<p>Douille aveugle \u00e0 t\u00eate ronde &nbsp; T\u00eate ronde en fer TT T\u00eate en fer galvanis\u00e9 \u00e0 t\u00eate ronde. La tige filet\u00e9e int\u00e9rieurement avec un filetage m\u00e9trique ISO et la surface ext\u00e9rieure lisse font de cet \u00e9l\u00e9ment de fixation le choix optimal pour les situations n\u00e9cessitant un serrage pr\u00e9cis sans compromettre l&#8217;esth\u00e9tique. La t\u00eate, qui remplace [&hellip;]<\/p>\n","protected":false},"featured_media":5783,"comment_status":"open","ping_status":"closed","template":"","meta":{"_acf_changed":false},"product_brand":[],"product_cat":[152,166],"product_tag":[700],"class_list":{"0":"post-7973","1":"product","2":"type-product","3":"status-publish","4":"has-post-thumbnail","6":"product_cat-pour-meubles","7":"product_cat-tetes","8":"product_tag-tete-de-fer-tt","10":"first","11":"instock","12":"shipping-taxable","13":"product-type-simple"},"acf":[],"_links":{"self":[{"href":"https:\/\/magazzinimanzanesi.it\/fr\/wp-json\/wp\/v2\/product\/7973","targetHints":{"allow":["GET"]}}],"collection":[{"href":"https:\/\/magazzinimanzanesi.it\/fr\/wp-json\/wp\/v2\/product"}],"about":[{"href":"https:\/\/magazzinimanzanesi.it\/fr\/wp-json\/wp\/v2\/types\/product"}],"replies":[{"embeddable":true,"href":"https:\/\/magazzinimanzanesi.it\/fr\/wp-json\/wp\/v2\/comments?post=7973"}],"wp:featuredmedia":[{"embeddable":true,"href":"https:\/\/magazzinimanzanesi.it\/fr\/wp-json\/wp\/v2\/media\/5783"}],"wp:attachment":[{"href":"https:\/\/magazzinimanzanesi.it\/fr\/wp-json\/wp\/v2\/media?parent=7973"}],"wp:term":[{"taxonomy":"product_brand","embeddable":true,"href":"https:\/\/magazzinimanzanesi.it\/fr\/wp-json\/wp\/v2\/product_brand?post=7973"},{"taxonomy":"product_cat","embeddable":true,"href":"https:\/\/magazzinimanzanesi.it\/fr\/wp-json\/wp\/v2\/product_cat?post=7973"},{"taxonomy":"product_tag","embeddable":true,"href":"https:\/\/magazzinimanzanesi.it\/fr\/wp-json\/wp\/v2\/product_tag?post=7973"}],"curies":[{"name":"wp","href":"https:\/\/api.w.org\/{rel}","templated":true}]}}