{"id":7978,"date":"2023-03-06T13:31:09","date_gmt":"2023-03-06T13:31:09","guid":{"rendered":"https:\/\/magazzinimanzanesi.it\/catalogo\/uncategorized\/butoirs-en-teflon-ptfe-avec-vis\/"},"modified":"2023-03-06T13:31:09","modified_gmt":"2023-03-06T13:31:09","slug":"butoirs-en-teflon-ptfe-avec-vis","status":"publish","type":"product","link":"https:\/\/magazzinimanzanesi.it\/fr\/catalogue\/pare-coups-et-pieds\/pare-coups-en-pfte\/butoirs-en-teflon-ptfe-avec-vis\/","title":{"rendered":"Butoirs en t\u00e9flon (PTFE) avec vis"},"content":{"rendered":"<h1>Butoirs en t\u00e9flon avec vis<\/h1>\n<p>&nbsp;<\/p>\n<h2>Butoirs en t\u00e9flon (PTFE) avec vis : la s\u00e9curit\u00e9 de la vis<\/h2>\n<p>Id\u00e9al sur toutes les surfaces lisses, m\u00eame dans les situations o\u00f9 une base silencieuse est requise. \u00c9quip\u00e9 d&#8217;un caoutchouc autonivelant.<br \/>\nCe pied amortisseur en t\u00e9flon avec vis est particuli\u00e8rement adapt\u00e9 comme base pour les si\u00e8ges et les meubles.<br \/>\nGr\u00e2ce \u00e0 son haut niveau de qualit\u00e9, il est id\u00e9al pour tous les types de rev\u00eatements de sol.<\/p>\n<p>&nbsp;<\/p>\n<h3><strong>Butoir en t\u00e9flon (PTFE) avec vis &#8211; Dimensions:<\/strong><\/h3>\n<p>\u2022 \u00d8 19mm \u00e0 38mm<br \/>\n\u2022 trou de vis \u00d8 3,5mm<br \/>\n\u2022 hauteur totale 7mm<\/p>\n","protected":false},"excerpt":{"rendered":"<p>Butoirs en t\u00e9flon avec vis &nbsp; Butoirs en t\u00e9flon (PTFE) avec vis : la s\u00e9curit\u00e9 de la vis Id\u00e9al sur toutes les surfaces lisses, m\u00eame dans les situations o\u00f9 une base silencieuse est requise. \u00c9quip\u00e9 d&#8217;un caoutchouc autonivelant. Ce pied amortisseur en t\u00e9flon avec vis est particuli\u00e8rement adapt\u00e9 comme base pour les si\u00e8ges et les [&hellip;]<\/p>\n","protected":false},"featured_media":5708,"comment_status":"open","ping_status":"closed","template":"","meta":{"_acf_changed":false},"product_brand":[],"product_cat":[148,145],"product_tag":[704],"class_list":{"0":"post-7978","1":"product","2":"type-product","3":"status-publish","4":"has-post-thumbnail","6":"product_cat-pare-coups-en-pfte","7":"product_cat-pare-coups-et-pieds","8":"product_tag-butoirs-en-teflon-ptfe-avec-vis","10":"first","11":"instock","12":"shipping-taxable","13":"product-type-simple"},"acf":[],"_links":{"self":[{"href":"https:\/\/magazzinimanzanesi.it\/fr\/wp-json\/wp\/v2\/product\/7978","targetHints":{"allow":["GET"]}}],"collection":[{"href":"https:\/\/magazzinimanzanesi.it\/fr\/wp-json\/wp\/v2\/product"}],"about":[{"href":"https:\/\/magazzinimanzanesi.it\/fr\/wp-json\/wp\/v2\/types\/product"}],"replies":[{"embeddable":true,"href":"https:\/\/magazzinimanzanesi.it\/fr\/wp-json\/wp\/v2\/comments?post=7978"}],"wp:featuredmedia":[{"embeddable":true,"href":"https:\/\/magazzinimanzanesi.it\/fr\/wp-json\/wp\/v2\/media\/5708"}],"wp:attachment":[{"href":"https:\/\/magazzinimanzanesi.it\/fr\/wp-json\/wp\/v2\/media?parent=7978"}],"wp:term":[{"taxonomy":"product_brand","embeddable":true,"href":"https:\/\/magazzinimanzanesi.it\/fr\/wp-json\/wp\/v2\/product_brand?post=7978"},{"taxonomy":"product_cat","embeddable":true,"href":"https:\/\/magazzinimanzanesi.it\/fr\/wp-json\/wp\/v2\/product_cat?post=7978"},{"taxonomy":"product_tag","embeddable":true,"href":"https:\/\/magazzinimanzanesi.it\/fr\/wp-json\/wp\/v2\/product_tag?post=7978"}],"curies":[{"name":"wp","href":"https:\/\/api.w.org\/{rel}","templated":true}]}}