{"id":7990,"date":"2023-04-19T12:24:10","date_gmt":"2023-04-19T12:24:10","guid":{"rendered":"https:\/\/magazzinimanzanesi.it\/catalogo\/uncategorized\/pistolet-a-colle-vinylique\/"},"modified":"2023-04-19T12:24:10","modified_gmt":"2023-04-19T12:24:10","slug":"pistolet-a-colle-vinylique","status":"publish","type":"product","link":"https:\/\/magazzinimanzanesi.it\/fr\/catalogue\/outils\/doseurs-a-colle\/pistolet-a-colle-vinylique\/","title":{"rendered":"Pistolet \u00e0 colle vinylique"},"content":{"rendered":"<h1>Applicateur de colle<\/h1>\n<p>&nbsp;<\/p>\n<h2>Pistolet \u00e0 colle vinylique : pratique et polyvalent<\/h2>\n<p>Pistolet pneumatique pour l&#8217;application de colle vinylique, complet avec buse. Gr\u00e2ce \u00e0 sa construction simple en plastique et en aluminium, il est facile \u00e0 d\u00e9monter et \u00e0 nettoyer, ce qui garantit une efficacit\u00e9 constante et une longue dur\u00e9e de vie.<\/p>\n","protected":false},"excerpt":{"rendered":"<p>Applicateur de colle &nbsp; Pistolet \u00e0 colle vinylique : pratique et polyvalent Pistolet pneumatique pour l&#8217;application de colle vinylique, complet avec buse. Gr\u00e2ce \u00e0 sa construction simple en plastique et en aluminium, il est facile \u00e0 d\u00e9monter et \u00e0 nettoyer, ce qui garantit une efficacit\u00e9 constante et une longue dur\u00e9e de vie.<\/p>\n","protected":false},"featured_media":6104,"comment_status":"closed","ping_status":"closed","template":"","meta":{"_acf_changed":false},"product_brand":[],"product_cat":[141,138],"product_tag":[716],"class_list":{"0":"post-7990","1":"product","2":"type-product","3":"status-publish","4":"has-post-thumbnail","6":"product_cat-doseurs-a-colle","7":"product_cat-outils","8":"product_tag-pistolet-a-colle-vinylique","10":"first","11":"instock","12":"shipping-taxable","13":"product-type-simple"},"acf":[],"_links":{"self":[{"href":"https:\/\/magazzinimanzanesi.it\/fr\/wp-json\/wp\/v2\/product\/7990","targetHints":{"allow":["GET"]}}],"collection":[{"href":"https:\/\/magazzinimanzanesi.it\/fr\/wp-json\/wp\/v2\/product"}],"about":[{"href":"https:\/\/magazzinimanzanesi.it\/fr\/wp-json\/wp\/v2\/types\/product"}],"replies":[{"embeddable":true,"href":"https:\/\/magazzinimanzanesi.it\/fr\/wp-json\/wp\/v2\/comments?post=7990"}],"wp:featuredmedia":[{"embeddable":true,"href":"https:\/\/magazzinimanzanesi.it\/fr\/wp-json\/wp\/v2\/media\/6104"}],"wp:attachment":[{"href":"https:\/\/magazzinimanzanesi.it\/fr\/wp-json\/wp\/v2\/media?parent=7990"}],"wp:term":[{"taxonomy":"product_brand","embeddable":true,"href":"https:\/\/magazzinimanzanesi.it\/fr\/wp-json\/wp\/v2\/product_brand?post=7990"},{"taxonomy":"product_cat","embeddable":true,"href":"https:\/\/magazzinimanzanesi.it\/fr\/wp-json\/wp\/v2\/product_cat?post=7990"},{"taxonomy":"product_tag","embeddable":true,"href":"https:\/\/magazzinimanzanesi.it\/fr\/wp-json\/wp\/v2\/product_tag?post=7990"}],"curies":[{"name":"wp","href":"https:\/\/api.w.org\/{rel}","templated":true}]}}