{"id":7994,"date":"2022-07-19T14:38:33","date_gmt":"2022-07-19T14:38:33","guid":{"rendered":"https:\/\/magazzinimanzanesi.it\/catalogo\/uncategorized\/film-etirable-manuel-23my\/"},"modified":"2022-07-19T14:38:33","modified_gmt":"2022-07-19T14:38:33","slug":"film-etirable-manuel-23my","status":"publish","type":"product","link":"https:\/\/magazzinimanzanesi.it\/fr\/catalogue\/outils\/emballage\/film-etirable-manuel-23my\/","title":{"rendered":"Film \u00e9tirable manuel 23my"},"content":{"rendered":"<h1>Film \u00e9tirable pour emballage<\/h1>\n<p>&nbsp;<\/p>\n<h2>Film \u00e9tirable manuel 23my : Qualit\u00e9 et R\u00e9sistance<\/h2>\n<p>Rouleau de film transparent \u00e9tirable manuel 23my pour emballage.<br \/>\n\u2022\u00a0 h500mm 5kg<br \/>\n\u2022\u00a0 h125mm 400g<br \/>\nDes distributeurs manuels sont disponibles pour les deux formats.<\/p>\n","protected":false},"excerpt":{"rendered":"<p>Film \u00e9tirable pour emballage &nbsp; Film \u00e9tirable manuel 23my : Qualit\u00e9 et R\u00e9sistance Rouleau de film transparent \u00e9tirable manuel 23my pour emballage. \u2022\u00a0 h500mm 5kg \u2022\u00a0 h125mm 400g Des distributeurs manuels sont disponibles pour les deux formats.<\/p>\n","protected":false},"featured_media":4994,"comment_status":"open","ping_status":"closed","template":"","meta":{"_acf_changed":false},"product_brand":[],"product_cat":[143,138],"product_tag":[720],"class_list":{"0":"post-7994","1":"product","2":"type-product","3":"status-publish","4":"has-post-thumbnail","6":"product_cat-emballage","7":"product_cat-outils","8":"product_tag-film-etirable-manuel-23my","10":"first","11":"instock","12":"shipping-taxable","13":"product-type-simple"},"acf":[],"_links":{"self":[{"href":"https:\/\/magazzinimanzanesi.it\/fr\/wp-json\/wp\/v2\/product\/7994","targetHints":{"allow":["GET"]}}],"collection":[{"href":"https:\/\/magazzinimanzanesi.it\/fr\/wp-json\/wp\/v2\/product"}],"about":[{"href":"https:\/\/magazzinimanzanesi.it\/fr\/wp-json\/wp\/v2\/types\/product"}],"replies":[{"embeddable":true,"href":"https:\/\/magazzinimanzanesi.it\/fr\/wp-json\/wp\/v2\/comments?post=7994"}],"wp:featuredmedia":[{"embeddable":true,"href":"https:\/\/magazzinimanzanesi.it\/fr\/wp-json\/wp\/v2\/media\/4994"}],"wp:attachment":[{"href":"https:\/\/magazzinimanzanesi.it\/fr\/wp-json\/wp\/v2\/media?parent=7994"}],"wp:term":[{"taxonomy":"product_brand","embeddable":true,"href":"https:\/\/magazzinimanzanesi.it\/fr\/wp-json\/wp\/v2\/product_brand?post=7994"},{"taxonomy":"product_cat","embeddable":true,"href":"https:\/\/magazzinimanzanesi.it\/fr\/wp-json\/wp\/v2\/product_cat?post=7994"},{"taxonomy":"product_tag","embeddable":true,"href":"https:\/\/magazzinimanzanesi.it\/fr\/wp-json\/wp\/v2\/product_tag?post=7994"}],"curies":[{"name":"wp","href":"https:\/\/api.w.org\/{rel}","templated":true}]}}