{"id":8081,"date":"2025-04-08T14:34:07","date_gmt":"2025-04-08T14:34:07","guid":{"rendered":"https:\/\/magazzinimanzanesi.it\/?post_type=product&#038;p=8081"},"modified":"2025-04-29T12:38:51","modified_gmt":"2025-04-29T12:38:51","slug":"equerres-fer-copia","status":"publish","type":"product","link":"https:\/\/magazzinimanzanesi.it\/fr\/catalogue\/pour-meubles\/equerres\/equerres-fer-copia\/","title":{"rendered":"Equerre en fer pour charges lourdes"},"content":{"rendered":"<h1>Support en fer lourd<\/h1>\n<p>&nbsp;<\/p>\n<h2>Equerre en fer lourd : solide et r\u00e9sistante<\/h2>\n<p>Equerre en fer tr\u00e8s r\u00e9sistante pour la fixation de plans lourds perpendiculaires.<\/p>\n<h3><\/h3>\n<h3>Equerre en fer lourd &#8211; Dimensions:<\/h3>\n<ul>\n<li>100x70x20mm \u00e9paisseur 4mm<\/li>\n<li>45x45x40mm \u00e9paisseur 2,5mm<\/li>\n<\/ul>\n<p>&nbsp;<\/p>\n<p>Autres dimensions et traitements galvaniques sur demande.<\/p>\n","protected":false},"excerpt":{"rendered":"<p>Support en fer lourd &nbsp; Equerre en fer lourd : solide et r\u00e9sistante Equerre en fer tr\u00e8s r\u00e9sistante pour la fixation de plans lourds perpendiculaires. Equerre en fer lourd &#8211; Dimensions: 100x70x20mm \u00e9paisseur 4mm 45x45x40mm \u00e9paisseur 2,5mm &nbsp; Autres dimensions et traitements galvaniques sur demande.<\/p>\n","protected":false},"featured_media":8064,"comment_status":"open","ping_status":"closed","template":"","meta":{"_acf_changed":false},"product_brand":[],"product_cat":[165,152],"product_tag":[840],"class_list":{"0":"post-8081","1":"product","2":"type-product","3":"status-publish","4":"has-post-thumbnail","6":"product_cat-equerres","7":"product_cat-pour-meubles","8":"product_tag-equerre-en-fer-pour-charges-lourdes","10":"first","11":"instock","12":"product-type-simple"},"acf":[],"_links":{"self":[{"href":"https:\/\/magazzinimanzanesi.it\/fr\/wp-json\/wp\/v2\/product\/8081","targetHints":{"allow":["GET"]}}],"collection":[{"href":"https:\/\/magazzinimanzanesi.it\/fr\/wp-json\/wp\/v2\/product"}],"about":[{"href":"https:\/\/magazzinimanzanesi.it\/fr\/wp-json\/wp\/v2\/types\/product"}],"replies":[{"embeddable":true,"href":"https:\/\/magazzinimanzanesi.it\/fr\/wp-json\/wp\/v2\/comments?post=8081"}],"wp:featuredmedia":[{"embeddable":true,"href":"https:\/\/magazzinimanzanesi.it\/fr\/wp-json\/wp\/v2\/media\/8064"}],"wp:attachment":[{"href":"https:\/\/magazzinimanzanesi.it\/fr\/wp-json\/wp\/v2\/media?parent=8081"}],"wp:term":[{"taxonomy":"product_brand","embeddable":true,"href":"https:\/\/magazzinimanzanesi.it\/fr\/wp-json\/wp\/v2\/product_brand?post=8081"},{"taxonomy":"product_cat","embeddable":true,"href":"https:\/\/magazzinimanzanesi.it\/fr\/wp-json\/wp\/v2\/product_cat?post=8081"},{"taxonomy":"product_tag","embeddable":true,"href":"https:\/\/magazzinimanzanesi.it\/fr\/wp-json\/wp\/v2\/product_tag?post=8081"}],"curies":[{"name":"wp","href":"https:\/\/api.w.org\/{rel}","templated":true}]}}