{"id":8092,"date":"2025-04-08T15:36:13","date_gmt":"2025-04-08T15:36:13","guid":{"rendered":"https:\/\/magazzinimanzanesi.it\/?post_type=product&#038;p=8092"},"modified":"2025-04-29T12:07:10","modified_gmt":"2025-04-29T12:07:10","slug":"equerres-fer-copia-copia-copia","status":"publish","type":"product","link":"https:\/\/magazzinimanzanesi.it\/fr\/catalogue\/pour-meubles\/equerres\/equerres-fer-copia-copia-copia\/","title":{"rendered":"Equerre en fer \u00e0 2 trous"},"content":{"rendered":"<h1>Support en fer \u00e0 2 trous<\/h1>\n<p>&nbsp;<\/p>\n<h2>Equerre en fer \u00e0 2 trous : solide et r\u00e9sistante<\/h2>\n<p>Equerre en fer \u00e0 2 trous pour la fixation de plans perpendiculaires.<\/p>\n<h3><\/h3>\n<h3>Equerre en fer \u00e0 2 trous &#8211; Dimensions :<\/h3>\n<ul>\n<li>25x25x15mm<\/li>\n<li>30x30x15mm<\/li>\n<li>40x40x15mm<\/li>\n<li>50x50x15mm<\/li>\n<\/ul>\n<p>&nbsp;<\/p>\n<p>Autres dimensions et traitements galvaniques sur demande.<\/p>\n","protected":false},"excerpt":{"rendered":"<p>Support en fer \u00e0 2 trous &nbsp; Equerre en fer \u00e0 2 trous : solide et r\u00e9sistante Equerre en fer \u00e0 2 trous pour la fixation de plans perpendiculaires. Equerre en fer \u00e0 2 trous &#8211; Dimensions : 25x25x15mm 30x30x15mm 40x40x15mm 50x50x15mm &nbsp; Autres dimensions et traitements galvaniques sur demande.<\/p>\n","protected":false},"featured_media":8054,"comment_status":"open","ping_status":"closed","template":"","meta":{"_acf_changed":false},"product_brand":[],"product_cat":[165,152],"product_tag":[832],"class_list":{"0":"post-8092","1":"product","2":"type-product","3":"status-publish","4":"has-post-thumbnail","6":"product_cat-equerres","7":"product_cat-pour-meubles","8":"product_tag-equerre-en-fer-a-2-trous","10":"first","11":"instock","12":"product-type-simple"},"acf":[],"_links":{"self":[{"href":"https:\/\/magazzinimanzanesi.it\/fr\/wp-json\/wp\/v2\/product\/8092","targetHints":{"allow":["GET"]}}],"collection":[{"href":"https:\/\/magazzinimanzanesi.it\/fr\/wp-json\/wp\/v2\/product"}],"about":[{"href":"https:\/\/magazzinimanzanesi.it\/fr\/wp-json\/wp\/v2\/types\/product"}],"replies":[{"embeddable":true,"href":"https:\/\/magazzinimanzanesi.it\/fr\/wp-json\/wp\/v2\/comments?post=8092"}],"wp:featuredmedia":[{"embeddable":true,"href":"https:\/\/magazzinimanzanesi.it\/fr\/wp-json\/wp\/v2\/media\/8054"}],"wp:attachment":[{"href":"https:\/\/magazzinimanzanesi.it\/fr\/wp-json\/wp\/v2\/media?parent=8092"}],"wp:term":[{"taxonomy":"product_brand","embeddable":true,"href":"https:\/\/magazzinimanzanesi.it\/fr\/wp-json\/wp\/v2\/product_brand?post=8092"},{"taxonomy":"product_cat","embeddable":true,"href":"https:\/\/magazzinimanzanesi.it\/fr\/wp-json\/wp\/v2\/product_cat?post=8092"},{"taxonomy":"product_tag","embeddable":true,"href":"https:\/\/magazzinimanzanesi.it\/fr\/wp-json\/wp\/v2\/product_tag?post=8092"}],"curies":[{"name":"wp","href":"https:\/\/api.w.org\/{rel}","templated":true}]}}